{"id":1065,"date":"2020-03-24T14:56:24","date_gmt":"2020-03-24T18:56:24","guid":{"rendered":"https:\/\/grgtherapy.com\/teletherapy\/"},"modified":"2023-12-13T13:13:56","modified_gmt":"2023-12-13T18:13:56","slug":"teleterapia-terapia-virtual","status":"publish","type":"page","link":"https:\/\/grgtherapy.com\/es\/teleterapia-terapia-virtual\/","title":{"rendered":"Teleterapia"},"content":{"rendered":"<div class=\"wpb-content-wrapper\"><p>[vc_row css_animation=\u00bb\u00bb row_type=\u00bbrow\u00bb use_row_as_full_screen_section=\u00bbno\u00bb type=\u00bbgrid\u00bb angled_section=\u00bbno\u00bb text_align=\u00bbleft\u00bb background_image_as_pattern=\u00bbwithout_pattern\u00bb css=\u00bb.vc_custom_1620848821753{background-color: #f7f7f7 !important;}\u00bb z_index=\u00bb\u00bb][vc_column css_animation=\u00bbfadeIn\u00bb width=\u00bb1\/2&#8243;][vc_column_text css=\u00bb.vc_custom_1592587335300{margin-top: 30px !important;margin-bottom: 20px !important;}\u00bb]<img loading=\"lazy\" decoding=\"async\" class=\"aligncenter wp-image-327\" src=\"https:\/\/grgtherapy.com\/wp-content\/uploads\/2019\/01\/TerapiaIndividual-icon.png\" alt=\"terapia virtual\" width=\"139\" height=\"105\" \/>[\/vc_column_text][vc_column_text]<\/p>\n<h1 style=\"text-align: center;\">TELETERAPIA <span class=\"ColorOrange\"><br \/>\nO TERAPIA EN LINEA <\/span><\/h1>\n<p>[\/vc_column_text][vc_separator type=\u00bbsmall\u00bb position=\u00bbcenter\u00bb color=\u00bb#000000&#8243; thickness=\u00bb6&#8243; width=\u00bb105&#8243; up=\u00bb38&#8243;][vc_column_text css=\u00bb.vc_custom_1702491164195{padding-right: 40px !important;padding-left: 40px !important;}\u00bb]<\/p>\n<p style=\"text-align: justify;\">Proveo servicios de psicoterapia en mis oficinas de Astoria, Queens y <a href=\"https:\/\/en.wikipedia.org\/wiki\/New_York_City\">NYC<\/a>, NY, as\u00ed como terapia virtual a trav\u00e9s de una plataforma de teleterapia que to complace las reglas de HIPAA. Con esta estructura, la facilidad, privacidad y confidencialidad est\u00e1n asegurada a todos los usuarios de teleterapia de New York y el mundo. No es necesario ser un experto en tecnolog\u00eda para navegar este sitio web o comenzar terapia en l\u00ednea<\/p>\n<p style=\"text-align: justify;\">La <a href=\"https:\/\/grgtherapy.com\/es\/\">terapia en l\u00ednea<\/a> o terapia online es el nuevo desaf\u00edo para el campo de la salud mental. Con el avance de la tecnolog\u00eda y los servicios de internet, el acceso a la psicoterapia ahora es f\u00e1cil y est\u00e1 disponible en cualquier momento y lugar. Se necesita solo una computadora o tableta y una conexi\u00f3n de internet al momento de la sesi\u00f3n de psicoterapia en l\u00ednea.<\/p>\n<div id=\"gtx-trans\" style=\"position: absolute; left: 20px; top: 173.667px;\">\n<div class=\"gtx-trans-icon\"><\/div>\n<\/div>\n<p>[\/vc_column_text][vc_empty_space][\/vc_column][vc_column css_animation=\u00bbfadeIn\u00bb width=\u00bb1\/2&#8243;][vc_single_image image=\u00bb1873&#8243; img_size=\u00bbfull\u00bb style=\u00bbvc_box_shadow\u00bb qode_css_animation=\u00bb\u00bb css=\u00bb.vc_custom_1620848651487{padding-top: 80px !important;}\u00bb][\/vc_column][\/vc_row][vc_row css_animation=\u00bb\u00bb row_type=\u00bbrow\u00bb use_row_as_full_screen_section=\u00bbno\u00bb type=\u00bbfull_width\u00bb angled_section=\u00bbno\u00bb text_align=\u00bbleft\u00bb background_image_as_pattern=\u00bbwithout_pattern\u00bb][vc_column][vc_empty_space height=\u00bb62px\u00bb][\/vc_column][\/vc_row][vc_row css_animation=\u00bb\u00bb row_type=\u00bbrow\u00bb use_row_as_full_screen_section=\u00bbno\u00bb type=\u00bbgrid\u00bb angled_section=\u00bbno\u00bb text_align=\u00bbleft\u00bb background_image_as_pattern=\u00bbwithout_pattern\u00bb z_index=\u00bb\u00bb css=\u00bb.vc_custom_1585078816406{background-color: #f5e1d9 !important;}\u00bb][vc_column css_animation=\u00bbfadeIn\u00bb el_class=\u00bbContBlancoSeguro\u00bb css=\u00bb.vc_custom_1585078823048{margin-top: -60px !important;background-color: #ffffff !important;border-radius: 10px !important;}\u00bb][vc_raw_html]JTNDc2NyaXB0JTIwc3JjJTNEJTIyaHR0cHMlM0ElMkYlMkZkb3h5Lm1lJTJGYmFkZ2VzJTJGbG9hZGVyLmpzJTIyJTNFJTNDJTJGc2NyaXB0JTNFJTBBJTNDZGl2JTIwY2xhc3MlM0QlMjJkb3h5bWUtYmFkZ2UlMjBkb3h5bWUtYmFkZ2UtaG9yaXpvbnRhbCUyMiUzRSUzQ2RpdiUyMGNsYXNzJTNEJTIyZG94eW1lLWJhZGdlLWhvcml6b250YWwtaW1hZ2UlMjIlM0UlM0NpbWclMjBzcmMlM0QlMjJodHRwcyUzQSUyRiUyRnd3dy5ncmF2YXRhci5jb20lMkZhdmF0YXIlMkY5MmU4MmYzZTU4MTYxOTE3ZTcyY2ZhOGVkOGQ5MTViOCUzRnMlM0QyNDAlMjIlMkYlM0UlM0MlMkZkaXYlM0UlMEElM0NkaXYlMjBjbGFzcyUzRCUyMmRveHltZS1iYWRnZS1pbmRpY2F0b3IlMjIlMjBkYXRhLXN1YnNjcmliZS1rZXklM0QlMjJzdWItYy00YzcxMWMxOC03ZTUzLTExZTUtOGQzYy0wNjE5Zjg5NDVhNGYlMjIlMjBkYXRhLXV1aWQlM0QlMjI0OGU1YmM0MC02NDlkLTExZWEtYTE5My1kMWEzYTQ1ZjA2YjAlM0F3ZWIlMjIlMjBkYXRhLWNoYW5uZWwlM0QlMjJyb29tLS0xMDQ4MDglMjIlMjBkYXRhLWluc3RpdHV0aW9uLWlkJTNEJTIyJTIyJTIwZGF0YS1hcGktdXJsJTNEJTIyaHR0cHMlM0ElMkYlMkZhcGkuZG94eS5tZSUyMiUzRSUzQyUyRmRpdiUzRSUwQSUzQ2RpdiUyMGNsYXNzJTNEJTIyZG94eW1lLWJhZGdlLWNvbnRlbnQlMjIlM0UlM0NkaXYlMjBjbGFzcyUzRCUyMmRveHltZS1iYWRnZS1zdGFydC1hLWNhbGwlMjIlM0UlM0MlMkZkaXYlM0UlMEElM0NhJTIwY2xhc3MlM0QlMjJkb3h5bWUtYmFkZ2Utc3RhcnQtYS1jYWxsJTIyJTIwaHJlZiUzRCUyMmh0dHBzJTNBJTJGJTJGZG94eS5tZSUyRmdhYnJpZWxhZ2l1Z2dpb2xvbmlsY3N3ciUyMiUyMHRhcmdldCUzRCUyMl9ibGFuayUyMiUzRUNvbWllbmNlJTIwdW5hJTIwbGxhbWFkYSUyMGRlJTIwdGVsZW1lZGljaW5hJTIwY29uJTNDJTJGYSUzRSUzQ2RpdiUyMGNsYXNzJTNEJTIyZG94eW1lLWJhZGdlLWRvY3Rvci1uYW1lJTIyJTNFJTIwR0lVR0dJT0xPTkklM0MlMkZkaXYlM0UlMEElM0NkaXYlM0UlM0NhJTIwY2xhc3MlM0QlMjJkb3h5bWUtYmFkZ2Utc3RhcnQtYnV0dG9uJTIwYnRuLXByaW1hcnklMjIlMjBocmVmJTNEJTIyaHR0cHMlM0ElMkYlMkZkb3h5Lm1lJTJGZ2FicmllbGFnaXVnZ2lvbG9uaWxjc3dyJTIyJTIwdGFyZ2V0JTNEJTIyX2JsYW5rJTIyJTNFRW50cmFyJTIwYSUyMGxhJTIwc2FsYSUyMGRlJTIwZXNwZXJhJTNDJTJGYSUzRSUzQyUyRmRpdiUzRSUwQSUzQ2RpdiUzRSUzQ2RpdiUyMGNsYXNzJTNEJTIyZG94eW1lLWJhZGdlLXBvd2VyZWQtYnklMjIlM0UlM0NhJTIwaHJlZiUzRCUyMmh0dHBzJTNBJTJGJTJGZG94eS5tZSUyMiUyMHRhcmdldCUzRCUyMl9ibGFuayUyMiUzRVRlbGVtZWRpY2luZSUzQyUyRmElM0UlMjBieSUzQyUyRmRpdiUzRSUwQSUzQ2RpdiUyMGNsYXNzJTNEJTIyZG94eW1lLWJhZGdlLWxvZ28tbGluayUyMiUzRSUzQ2ElMjBocmVmJTNEJTIyaHR0cHMlM0ElMkYlMkZkb3h5Lm1lJTIyJTIwdGFyZ2V0JTNEJTIyX2JsYW5rJTIyJTNFRG94eS5tZSUzQyUyRmElM0UlM0MlMkZkaXYlM0UlMEElM0MlMkZkaXYlM0UlMEElM0MlMkZkaXYlM0UlMEElM0MlMkZkaXYlM0U=[\/vc_raw_html][\/vc_column][\/vc_row][vc_row css_animation=\u00bb\u00bb row_type=\u00bbrow\u00bb use_row_as_full_screen_section=\u00bbno\u00bb type=\u00bbfull_width\u00bb angled_section=\u00bbno\u00bb text_align=\u00bbleft\u00bb background_image_as_pattern=\u00bbwithout_pattern\u00bb css=\u00bb.vc_custom_1547579426051{padding-top: 50px !important;padding-bottom: 50px !important;background-color: #f5e1d9 !important;}\u00bb z_index=\u00bb\u00bb][vc_column css_animation=\u00bbfadeIn\u00bb][vc_row_inner row_type=\u00bbrow\u00bb type=\u00bbgrid\u00bb text_align=\u00bbleft\u00bb css_animation=\u00bb\u00bb][vc_column_inner width=\u00bb1\/2&#8243;][vc_column_text]<\/p>\n<p style=\"text-align: justify;\">La teleterapia puede realizarse desde el confort del hogar u oficina. Mis pacientes no tienen que viajar, estresarse buscando estacionamiento cerca de mi oficina o salir de sus casas con las inclemencias del tiempo. La consejer\u00eda en l\u00ednea ofrece flexibilidad, practicidad y apoyo en cualquier momento a aquellos que est\u00e1n muy ocupados, tienen extraordinarias demandas familiares o profesionales o est\u00e1n enfermos y no pueden dejar sus casas. La experiencia me ha mostrado que las madres o padres ocupados, los pacientes de c\u00e1ncer, los estudiantes de universidad y los ejecutivos son quienes se benefician mucho con estas ventajas que ofrece la terapia en l\u00ednea.<\/p>\n<p style=\"text-align: justify;\">Las sesiones en l\u00ednea y la terapia en el consultorio tienen ambas el objetivo de ser un lugar seguro y confortable para tratar los mismos s\u00edntomas, problemas de relaci\u00f3n o dificultades emocionales; sin embargo, son tambi\u00e9n muy diferentes y no todos los pacientes son buenos candidatos para hacer sesiones de teleterapia. Algunos pacientes necesitan la presencia real del terapeuta o poner el cuerpo en la sesi\u00f3n individual o de pareja<\/p>\n<p>[\/vc_column_text][\/vc_column_inner][vc_column_inner width=\u00bb1\/2&#8243;][vc_column_text]<\/p>\n<p style=\"text-align: justify;\">En la actualidad, estoy ofreciendo servicios de terapia individual en l\u00ednea, consejer\u00eda de pareja virtual y realizando evaluaciones para inmigraci\u00f3n online (visa U, sufrimiento extremo, VAWA, asilo) para los residentes del estado de New York. Aquellos que viven en otros pa\u00edses y hablan ingl\u00e9s o espa\u00f1ol, tambi\u00e9n pueden acceder a mis servicios de psicoterapia virtual. No dude en enviarme un mensaje o llamarme para hacer una consulta conveniente con sus horarios.<\/p>\n<p style=\"text-align: justify;\">Nota: Debido a la cuarentena y distancia social que estamos viviendo a causa de la pandemia de Coronavirus, estoy ofreciendo 15 minutos gratis de consulta para aquellos que se sienten angustiados, estresados o abrumados por los cambios en sus rutinas y la incertidumbre.<\/p>\n<p>[\/vc_column_text][\/vc_column_inner][\/vc_row_inner][\/vc_column][\/vc_row][vc_row css_animation=\u00bb\u00bb row_type=\u00bbrow\u00bb use_row_as_full_screen_section=\u00bbno\u00bb type=\u00bbgrid\u00bb angled_section=\u00bbno\u00bb text_align=\u00bbleft\u00bb background_image_as_pattern=\u00bbwithout_pattern\u00bb z_index=\u00bb\u00bb css=\u00bb.vc_custom_1547500222812{margin-bottom: 50px !important;}\u00bb][vc_column css_animation=\u00bbfadeIn\u00bb][vc_empty_space height=\u00bb62px\u00bb][vc_column_text css=\u00bb.vc_custom_1553286348193{margin-bottom: 30px !important;}\u00bb]<\/p>\n<p style=\"text-align: center;\">Proveo <span class=\"ColorOrangeBold\">teleterapia o sesiones telef\u00f3nicas<\/span> en determinados casos.<br \/>\nPuede comunicarse por email o tel\u00e9fono para solicitar m\u00e1s informaci\u00f3n sobre este servicio. <span class=\"ColorOrangeBold\">( 917 ) 370 3474<\/span><\/p>\n<p>[\/vc_column_text][\/vc_column][\/vc_row]<\/p>\n<\/div>","protected":false},"excerpt":{"rendered":"<p>[vc_row css_animation=\u00bb\u00bb row_type=\u00bbrow\u00bb use_row_as_full_screen_section=\u00bbno\u00bb type=\u00bbgrid\u00bb angled_section=\u00bbno\u00bb text_align=\u00bbleft\u00bb background_image_as_pattern=\u00bbwithout_pattern\u00bb css=\u00bb.vc_custom_1620848821753{background-color: #f7f7f7 !important;}\u00bb z_index=\u00bb\u00bb][vc_column css_animation=\u00bbfadeIn\u00bb width=\u00bb1\/2&#8243;][vc_column_text css=\u00bb.vc_custom_1592587335300{margin-top: 30px !important;margin-bottom: 20px !important;}\u00bb][\/vc_column_text][vc_column_text] TELETERAPIA O TERAPIA EN LINEA [\/vc_column_text][vc_separator type=\u00bbsmall\u00bb position=\u00bbcenter\u00bb color=\u00bb#000000&#8243; thickness=\u00bb6&#8243; width=\u00bb105&#8243; up=\u00bb38&#8243;][vc_column_text css=\u00bb.vc_custom_1702491164195{padding-right: 40px !important;padding-left: 40px !important;}\u00bb] Proveo servicios de psicoterapia en mis oficinas de Astoria,&#8230;<\/p>\n","protected":false},"author":1,"featured_media":1063,"parent":0,"menu_order":0,"comment_status":"closed","ping_status":"closed","template":"full_width.php","meta":{"footnotes":""},"class_list":["post-1065","page","type-page","status-publish","has-post-thumbnail","hentry"],"yoast_head":"<!-- This site is optimized with the Yoast SEO Premium plugin v18.0 (Yoast SEO v27.2) - https:\/\/yoast.com\/product\/yoast-seo-premium-wordpress\/ -->\n<title>Teleterapia o terapia virtual confidencial - Gabriela Giuggioloni<\/title>\n<meta name=\"description\" content=\"Teleterapia virtual en Nueva York y Florida. Terapia individual y familiar. Evaluaciones de inmigraci\u00f3n. Consejer\u00eda Familiar.\" \/>\n<meta name=\"robots\" content=\"index, follow, max-snippet:-1, max-image-preview:large, max-video-preview:-1\" \/>\n<link rel=\"canonical\" href=\"https:\/\/grgtherapy.com\/es\/teleterapia-terapia-virtual\/\" \/>\n<meta property=\"og:locale\" content=\"es_ES\" \/>\n<meta property=\"og:type\" content=\"article\" \/>\n<meta property=\"og:title\" content=\"Teleterapia\" \/>\n<meta property=\"og:description\" content=\"Teleterapia virtual en Nueva York y Florida. Terapia individual y familiar. Evaluaciones de inmigraci\u00f3n. Consejer\u00eda Familiar.\" \/>\n<meta property=\"og:url\" content=\"https:\/\/grgtherapy.com\/es\/teleterapia-terapia-virtual\/\" \/>\n<meta property=\"og:site_name\" content=\"Gabriela Giuggioloni\" \/>\n<meta property=\"article:publisher\" content=\"https:\/\/www.facebook.com\/gabrielaRgiuggioloniLCSW\/\" \/>\n<meta property=\"article:modified_time\" content=\"2023-12-13T18:13:56+00:00\" \/>\n<meta property=\"og:image\" content=\"https:\/\/grgtherapy.com\/wp-content\/uploads\/2020\/03\/GRG-Teletherapy.jpg\" \/>\n\t<meta property=\"og:image:width\" content=\"1600\" \/>\n\t<meta property=\"og:image:height\" content=\"1853\" \/>\n\t<meta property=\"og:image:type\" content=\"image\/jpeg\" \/>\n<meta name=\"twitter:card\" content=\"summary_large_image\" \/>\n<meta name=\"twitter:label1\" content=\"Tiempo de lectura\" \/>\n\t<meta name=\"twitter:data1\" content=\"3 minutos\" \/>\n<script type=\"application\/ld+json\" class=\"yoast-schema-graph\">{\"@context\":\"https:\/\/schema.org\",\"@graph\":[{\"@type\":\"WebPage\",\"@id\":\"https:\/\/grgtherapy.com\/es\/teleterapia-terapia-virtual\/\",\"url\":\"https:\/\/grgtherapy.com\/es\/teleterapia-terapia-virtual\/\",\"name\":\"Teleterapia o terapia virtual confidencial - Gabriela Giuggioloni\",\"isPartOf\":{\"@id\":\"https:\/\/grgtherapy.com\/#website\"},\"primaryImageOfPage\":{\"@id\":\"https:\/\/grgtherapy.com\/es\/teleterapia-terapia-virtual\/#primaryimage\"},\"image\":{\"@id\":\"https:\/\/grgtherapy.com\/es\/teleterapia-terapia-virtual\/#primaryimage\"},\"thumbnailUrl\":\"https:\/\/grgtherapy.com\/wp-content\/uploads\/2020\/03\/GRG-Teletherapy.jpg\",\"datePublished\":\"2020-03-24T18:56:24+00:00\",\"dateModified\":\"2023-12-13T18:13:56+00:00\",\"description\":\"Teleterapia virtual en Nueva York y Florida. Terapia individual y familiar. Evaluaciones de inmigraci\u00f3n. Consejer\u00eda Familiar.\",\"breadcrumb\":{\"@id\":\"https:\/\/grgtherapy.com\/es\/teleterapia-terapia-virtual\/#breadcrumb\"},\"inLanguage\":\"es\",\"potentialAction\":[{\"@type\":\"ReadAction\",\"target\":[\"https:\/\/grgtherapy.com\/es\/teleterapia-terapia-virtual\/\"]}]},{\"@type\":\"ImageObject\",\"inLanguage\":\"es\",\"@id\":\"https:\/\/grgtherapy.com\/es\/teleterapia-terapia-virtual\/#primaryimage\",\"url\":\"https:\/\/grgtherapy.com\/wp-content\/uploads\/2020\/03\/GRG-Teletherapy.jpg\",\"contentUrl\":\"https:\/\/grgtherapy.com\/wp-content\/uploads\/2020\/03\/GRG-Teletherapy.jpg\",\"width\":1600,\"height\":1853,\"caption\":\"Teleterapia - terapia en linea new york y florida\"},{\"@type\":\"BreadcrumbList\",\"@id\":\"https:\/\/grgtherapy.com\/es\/teleterapia-terapia-virtual\/#breadcrumb\",\"itemListElement\":[{\"@type\":\"ListItem\",\"position\":1,\"name\":\"Home\",\"item\":\"https:\/\/grgtherapy.com\/es\/\"},{\"@type\":\"ListItem\",\"position\":2,\"name\":\"Teleterapia\"}]},{\"@type\":\"WebSite\",\"@id\":\"https:\/\/grgtherapy.com\/#website\",\"url\":\"https:\/\/grgtherapy.com\/\",\"name\":\"Gabriela Giuggioloni\",\"description\":\"Gabriela Giuggioloni\",\"publisher\":{\"@id\":\"https:\/\/grgtherapy.com\/#organization\"},\"potentialAction\":[{\"@type\":\"SearchAction\",\"target\":{\"@type\":\"EntryPoint\",\"urlTemplate\":\"https:\/\/grgtherapy.com\/?s={search_term_string}\"},\"query-input\":{\"@type\":\"PropertyValueSpecification\",\"valueRequired\":true,\"valueName\":\"search_term_string\"}}],\"inLanguage\":\"es\"},{\"@type\":\"Organization\",\"@id\":\"https:\/\/grgtherapy.com\/#organization\",\"name\":\"GRG Therapy\",\"url\":\"https:\/\/grgtherapy.com\/\",\"logo\":{\"@type\":\"ImageObject\",\"inLanguage\":\"es\",\"@id\":\"https:\/\/grgtherapy.com\/#\/schema\/logo\/image\/\",\"url\":\"https:\/\/grgtherapy.com\/wp-content\/uploads\/2019\/06\/grg-logo.png\",\"contentUrl\":\"https:\/\/grgtherapy.com\/wp-content\/uploads\/2019\/06\/grg-logo.png\",\"width\":150,\"height\":64,\"caption\":\"GRG Therapy\"},\"image\":{\"@id\":\"https:\/\/grgtherapy.com\/#\/schema\/logo\/image\/\"},\"sameAs\":[\"https:\/\/www.facebook.com\/gabrielaRgiuggioloniLCSW\/\",\"https:\/\/www.instagram.com\/nyctherapist_gabriela\/\",\"https:\/\/www.linkedin.com\/in\/gabriela-giuggioloni-ma-lcsw-r-6015ab26\/\"]}]}<\/script>\n<!-- \/ Yoast SEO Premium plugin. -->","yoast_head_json":{"title":"Teleterapia o terapia virtual confidencial - Gabriela Giuggioloni","description":"Teleterapia virtual en Nueva York y Florida. Terapia individual y familiar. Evaluaciones de inmigraci\u00f3n. Consejer\u00eda Familiar.","robots":{"index":"index","follow":"follow","max-snippet":"max-snippet:-1","max-image-preview":"max-image-preview:large","max-video-preview":"max-video-preview:-1"},"canonical":"https:\/\/grgtherapy.com\/es\/teleterapia-terapia-virtual\/","og_locale":"es_ES","og_type":"article","og_title":"Teleterapia","og_description":"Teleterapia virtual en Nueva York y Florida. Terapia individual y familiar. Evaluaciones de inmigraci\u00f3n. Consejer\u00eda Familiar.","og_url":"https:\/\/grgtherapy.com\/es\/teleterapia-terapia-virtual\/","og_site_name":"Gabriela Giuggioloni","article_publisher":"https:\/\/www.facebook.com\/gabrielaRgiuggioloniLCSW\/","article_modified_time":"2023-12-13T18:13:56+00:00","og_image":[{"width":1600,"height":1853,"url":"https:\/\/grgtherapy.com\/wp-content\/uploads\/2020\/03\/GRG-Teletherapy.jpg","type":"image\/jpeg"}],"twitter_card":"summary_large_image","twitter_misc":{"Tiempo de lectura":"3 minutos"},"schema":{"@context":"https:\/\/schema.org","@graph":[{"@type":"WebPage","@id":"https:\/\/grgtherapy.com\/es\/teleterapia-terapia-virtual\/","url":"https:\/\/grgtherapy.com\/es\/teleterapia-terapia-virtual\/","name":"Teleterapia o terapia virtual confidencial - Gabriela Giuggioloni","isPartOf":{"@id":"https:\/\/grgtherapy.com\/#website"},"primaryImageOfPage":{"@id":"https:\/\/grgtherapy.com\/es\/teleterapia-terapia-virtual\/#primaryimage"},"image":{"@id":"https:\/\/grgtherapy.com\/es\/teleterapia-terapia-virtual\/#primaryimage"},"thumbnailUrl":"https:\/\/grgtherapy.com\/wp-content\/uploads\/2020\/03\/GRG-Teletherapy.jpg","datePublished":"2020-03-24T18:56:24+00:00","dateModified":"2023-12-13T18:13:56+00:00","description":"Teleterapia virtual en Nueva York y Florida. Terapia individual y familiar. Evaluaciones de inmigraci\u00f3n. Consejer\u00eda Familiar.","breadcrumb":{"@id":"https:\/\/grgtherapy.com\/es\/teleterapia-terapia-virtual\/#breadcrumb"},"inLanguage":"es","potentialAction":[{"@type":"ReadAction","target":["https:\/\/grgtherapy.com\/es\/teleterapia-terapia-virtual\/"]}]},{"@type":"ImageObject","inLanguage":"es","@id":"https:\/\/grgtherapy.com\/es\/teleterapia-terapia-virtual\/#primaryimage","url":"https:\/\/grgtherapy.com\/wp-content\/uploads\/2020\/03\/GRG-Teletherapy.jpg","contentUrl":"https:\/\/grgtherapy.com\/wp-content\/uploads\/2020\/03\/GRG-Teletherapy.jpg","width":1600,"height":1853,"caption":"Teleterapia - terapia en linea new york y florida"},{"@type":"BreadcrumbList","@id":"https:\/\/grgtherapy.com\/es\/teleterapia-terapia-virtual\/#breadcrumb","itemListElement":[{"@type":"ListItem","position":1,"name":"Home","item":"https:\/\/grgtherapy.com\/es\/"},{"@type":"ListItem","position":2,"name":"Teleterapia"}]},{"@type":"WebSite","@id":"https:\/\/grgtherapy.com\/#website","url":"https:\/\/grgtherapy.com\/","name":"Gabriela Giuggioloni","description":"Gabriela Giuggioloni","publisher":{"@id":"https:\/\/grgtherapy.com\/#organization"},"potentialAction":[{"@type":"SearchAction","target":{"@type":"EntryPoint","urlTemplate":"https:\/\/grgtherapy.com\/?s={search_term_string}"},"query-input":{"@type":"PropertyValueSpecification","valueRequired":true,"valueName":"search_term_string"}}],"inLanguage":"es"},{"@type":"Organization","@id":"https:\/\/grgtherapy.com\/#organization","name":"GRG Therapy","url":"https:\/\/grgtherapy.com\/","logo":{"@type":"ImageObject","inLanguage":"es","@id":"https:\/\/grgtherapy.com\/#\/schema\/logo\/image\/","url":"https:\/\/grgtherapy.com\/wp-content\/uploads\/2019\/06\/grg-logo.png","contentUrl":"https:\/\/grgtherapy.com\/wp-content\/uploads\/2019\/06\/grg-logo.png","width":150,"height":64,"caption":"GRG Therapy"},"image":{"@id":"https:\/\/grgtherapy.com\/#\/schema\/logo\/image\/"},"sameAs":["https:\/\/www.facebook.com\/gabrielaRgiuggioloniLCSW\/","https:\/\/www.instagram.com\/nyctherapist_gabriela\/","https:\/\/www.linkedin.com\/in\/gabriela-giuggioloni-ma-lcsw-r-6015ab26\/"]}]}},"_links":{"self":[{"href":"https:\/\/grgtherapy.com\/es\/wp-json\/wp\/v2\/pages\/1065","targetHints":{"allow":["GET"]}}],"collection":[{"href":"https:\/\/grgtherapy.com\/es\/wp-json\/wp\/v2\/pages"}],"about":[{"href":"https:\/\/grgtherapy.com\/es\/wp-json\/wp\/v2\/types\/page"}],"author":[{"embeddable":true,"href":"https:\/\/grgtherapy.com\/es\/wp-json\/wp\/v2\/users\/1"}],"replies":[{"embeddable":true,"href":"https:\/\/grgtherapy.com\/es\/wp-json\/wp\/v2\/comments?post=1065"}],"version-history":[{"count":11,"href":"https:\/\/grgtherapy.com\/es\/wp-json\/wp\/v2\/pages\/1065\/revisions"}],"predecessor-version":[{"id":2997,"href":"https:\/\/grgtherapy.com\/es\/wp-json\/wp\/v2\/pages\/1065\/revisions\/2997"}],"wp:featuredmedia":[{"embeddable":true,"href":"https:\/\/grgtherapy.com\/es\/wp-json\/wp\/v2\/media\/1063"}],"wp:attachment":[{"href":"https:\/\/grgtherapy.com\/es\/wp-json\/wp\/v2\/media?parent=1065"}],"curies":[{"name":"wp","href":"https:\/\/api.w.org\/{rel}","templated":true}]}}