{"id":139,"date":"2018-02-23T09:26:56","date_gmt":"2018-02-23T14:26:56","guid":{"rendered":"https:\/\/bridge163.qodeinteractive.com\/?page_id=139"},"modified":"2023-12-13T12:41:58","modified_gmt":"2023-12-13T17:41:58","slug":"contacto","status":"publish","type":"page","link":"https:\/\/grgtherapy.com\/es\/contacto\/","title":{"rendered":"Contacto"},"content":{"rendered":"<div class=\"wpb-content-wrapper\"><p>[vc_row css_animation=\u00bb\u00bb row_type=\u00bbrow\u00bb use_row_as_full_screen_section=\u00bbno\u00bb type=\u00bbfull_width\u00bb angled_section=\u00bbno\u00bb text_align=\u00bbleft\u00bb background_image_as_pattern=\u00bbwithout_pattern\u00bb][vc_column][vc_empty_space height=\u00bb50px\u00bb][vc_column_text]<\/p>\n<h1 style=\"text-align: center;\">Contactar Psicoterapeuta <span class=\"ColorOrange\"><br \/>\nGABRIELA R.GIUGGIOLONI <\/span><\/h1>\n<p>[\/vc_column_text][vc_empty_space height=\u00bb50px\u00bb][\/vc_column][\/vc_row][vc_row css_animation=\u00bb\u00bb row_type=\u00bbrow\u00bb use_row_as_full_screen_section=\u00bbno\u00bb type=\u00bbgrid\u00bb angled_section=\u00bbno\u00bb text_align=\u00bbleft\u00bb background_image_as_pattern=\u00bbwithout_pattern\u00bb css=\u00bb.vc_custom_1620850244123{background: #ffffff url(https:\/\/grgtherapy.com\/wp-content\/uploads\/2021\/01\/FondoSection.webp?id=1316) !important;}\u00bb z_index=\u00bb\u00bb][vc_column css_animation=\u00bbfadeIn\u00bb el_id=\u00bbFormContact\u00bb][vc_row_inner row_type=\u00bbrow\u00bb type=\u00bbfull_width\u00bb text_align=\u00bbleft\u00bb css_animation=\u00bb\u00bb][vc_column_inner width=\u00bb5\/12&#8243; css=\u00bb.vc_custom_1620850094584{padding-top: 0px !important;padding-right: 0px !important;padding-bottom: 0px !important;padding-left: 0px !important;}\u00bb][vc_single_image image=\u00bb1236&#8243; img_size=\u00bbfull\u00bb alignment=\u00bbcenter\u00bb style=\u00bbvc_box_shadow\u00bb qode_css_animation=\u00bb\u00bb][\/vc_column_inner][vc_column_inner width=\u00bb7\/12&#8243; css=\u00bb.vc_custom_1547667002860{padding-top: 50px !important;padding-right: 40px !important;padding-bottom: 0px !important;padding-left: 50px !important;}\u00bb][vc_column_text]<\/p>\n<h2 style=\"text-align: left;\">CONTACTO<\/h2>\n<p>[\/vc_column_text][vc_separator type=\u00bbsmall\u00bb position=\u00bbleft\u00bb color=\u00bb#dc5500&#8243; thickness=\u00bb2&#8243; width=\u00bb150&#8243; up=\u00bb10&#8243; down=\u00bb10&#8243;]\n<div class=\"wpcf7 no-js\" id=\"wpcf7-f1002-o1\" lang=\"en-US\" dir=\"ltr\" data-wpcf7-id=\"1002\">\n<div class=\"screen-reader-response\"><p role=\"status\" aria-live=\"polite\" aria-atomic=\"true\"><\/p> <ul><\/ul><\/div>\n<form action=\"\/es\/wp-json\/wp\/v2\/pages\/139#wpcf7-f1002-o1\" method=\"post\" class=\"wpcf7-form init default\" aria-label=\"Contact form\" novalidate=\"novalidate\" data-status=\"init\">\n<div style=\"display: none;\">\n<input type=\"hidden\" name=\"_wpcf7\" value=\"1002\" \/>\n<input type=\"hidden\" name=\"_wpcf7_version\" value=\"6.0.6\" \/>\n<input type=\"hidden\" name=\"_wpcf7_locale\" value=\"en_US\" \/>\n<input type=\"hidden\" name=\"_wpcf7_unit_tag\" value=\"wpcf7-f1002-o1\" \/>\n<input type=\"hidden\" name=\"_wpcf7_container_post\" value=\"0\" \/>\n<input type=\"hidden\" name=\"_wpcf7_posted_data_hash\" value=\"\" \/>\n<input type=\"hidden\" name=\"_wpcf7_recaptcha_response\" value=\"\" \/>\n<\/div>\n<div id=\"responsive-form\" class=\"clearfix\">\n\t<div style=\"color:#000000;\">\n\t\t<p>Nombre y Apellido: <span class=\"wpcf7-form-control-wrap\" data-name=\"text-641\"><input size=\"40\" maxlength=\"400\" class=\"wpcf7-form-control wpcf7-text wpcf7-validates-as-required\" aria-required=\"true\" aria-invalid=\"false\" placeholder=\"Nombre y apellido\" value=\"\" type=\"text\" name=\"text-641\" \/><\/span>\n\t\t<\/p>\n\t<\/div>\n\t<div style=\"color:#000000;\">\n\t\t<p>Email: <span class=\"wpcf7-form-control-wrap\" data-name=\"email-749\"><input size=\"40\" maxlength=\"400\" class=\"wpcf7-form-control wpcf7-email wpcf7-validates-as-required wpcf7-text wpcf7-validates-as-email\" aria-required=\"true\" aria-invalid=\"false\" placeholder=\"Email\" value=\"\" type=\"email\" name=\"email-749\" \/><\/span>\n\t\t<\/p>\n\t<\/div>\n\t<div style=\"color:#000000;\">\n\t\t<p>Telef\u00f3no:<span class=\"wpcf7-form-control-wrap\" data-name=\"tel-844\"><input size=\"40\" maxlength=\"400\" class=\"wpcf7-form-control wpcf7-tel wpcf7-text wpcf7-validates-as-tel\" aria-invalid=\"false\" placeholder=\"N\u00famero de Tel\u00e9fono\" value=\"\" type=\"tel\" name=\"tel-844\" \/><\/span>\n\t\t<\/p>\n\t<\/div>\n\t<div style=\"color:#000000;\">\n\t\t<p><span class=\"wpcf7-form-control-wrap\" data-name=\"textarea-336\"><textarea cols=\"40\" rows=\"10\" maxlength=\"2000\" class=\"wpcf7-form-control wpcf7-textarea\" aria-invalid=\"false\" placeholder=\"Mensaje\" name=\"textarea-336\"><\/textarea><\/span>\n\t\t<\/p>\n\t<\/div>\n<\/div>\n<div class=\"form-row\">\n\t<div class=\"column-full\">\n\t\t<p><input class=\"wpcf7-form-control wpcf7-submit has-spinner\" type=\"submit\" value=\"Enviar\" \/>\n\t\t<\/p>\n\t<\/div>\n<span class=\"wpcf7-form-control-wrap recaptcha\" data-name=\"recaptcha\"><span data-sitekey=\"6LdcIWwrAAAAAOGql5JRQNcpDPrBcEoSRMZpZWNZ\" class=\"wpcf7-form-control wpcf7-recaptcha g-recaptcha\"><\/span>\r\n<noscript>\r\n\t<div class=\"grecaptcha-noscript\">\r\n\t\t<iframe loading=\"lazy\" src=\"https:\/\/www.google.com\/recaptcha\/api\/fallback?k=6LdcIWwrAAAAAOGql5JRQNcpDPrBcEoSRMZpZWNZ\" frameborder=\"0\" scrolling=\"no\" width=\"310\" height=\"430\">\r\n\t\t<\/iframe>\r\n\t\t<textarea name=\"g-recaptcha-response\" rows=\"3\" cols=\"40\" placeholder=\"reCaptcha Response Here\">\r\n\t\t<\/textarea>\r\n\t<\/div>\r\n<\/noscript>\r\n<\/span>\n<\/div>\n<!--end responsive-form--><div class=\"wpcf7-response-output\" aria-hidden=\"true\"><\/div>\n<\/form>\n<\/div>\n[\/vc_column_inner][\/vc_row_inner][\/vc_column][\/vc_row][vc_row css_animation=\u00bb\u00bb row_type=\u00bbrow\u00bb use_row_as_full_screen_section=\u00bbno\u00bb type=\u00bbgrid\u00bb angled_section=\u00bbno\u00bb text_align=\u00bbleft\u00bb background_image_as_pattern=\u00bbwithout_pattern\u00bb z_index=\u00bb\u00bb css=\u00bb.vc_custom_1547666917552{padding-top: 90px !important;padding-bottom: 90px !important;background-color: #f6f6f6 !important;}\u00bb][vc_column css_animation=\u00bbfadeIn\u00bb css=\u00bb.vc_custom_1547669049342{margin-top: 5px !important;margin-right: 0px !important;margin-left: 0px !important;}\u00bb offset=\u00bbvc_col-md-4&#8243;][qode_elements_holder number_of_columns=\u00bbfour_columns\u00bb][qode_elements_holder_item background_color=\u00bb#ffffff\u00bb item_padding=\u00bb50px 35px 22px\u00bb horizontal_alignment=\u00bbcenter\u00bb advanced_animations=\u00bbno\u00bb item_padding_1024_1280=\u00bb50px 18px 22px\u00bb item_padding_600_768=\u00bb50px 120px 22px\u00bb custom_class=\u00bbeh-with-shadow\u00bb][vc_single_image image=\u00bb159&#8243; img_size=\u00bbfull\u00bb alignment=\u00bbcenter\u00bb qode_css_animation=\u00bb\u00bb][vc_empty_space height=\u00bb35px\u00bb][vc_column_text]<\/p>\n<h3>Oficina de Astoria<\/h3>\n<p>[\/vc_column_text][vc_separator type=\u00bbsmall\u00bb position=\u00bbcenter\u00bb color=\u00bb#000000&#8243; thickness=\u00bb2&#8243; width=\u00bb70&#8243; up=\u00bb20&#8243; down=\u00bb21&#8243;][vc_column_text]3051 Calle 36 1er Piso Astoria NY 11103<\/p>\n<p>&nbsp;<\/p>\n<p>La oficina se encuentra cerca de la estaci\u00f3n de la Av. 30 (tren N\/W) y la estaci\u00f3n Steinway (trenes R, M y F) en Astoria, Queens.[\/vc_column_text][vc_empty_space height=\u00bb7px\u00bb][\/qode_elements_holder_item][\/qode_elements_holder][\/vc_column][vc_column css_animation=\u00bbfadeIn\u00bb css=\u00bb.vc_custom_1547669056406{margin-top: 5px !important;}\u00bb offset=\u00bbvc_col-md-4&#8243;][qode_elements_holder number_of_columns=\u00bbfour_columns\u00bb][qode_elements_holder_item background_color=\u00bb#ffffff\u00bb item_padding=\u00bb50px 35px 22px\u00bb horizontal_alignment=\u00bbcenter\u00bb advanced_animations=\u00bbno\u00bb item_padding_1024_1280=\u00bb50px 18px 22px\u00bb item_padding_600_768=\u00bb50px 120px 22px\u00bb custom_class=\u00bbeh-with-shadow\u00bb][vc_single_image image=\u00bb159&#8243; img_size=\u00bbfull\u00bb alignment=\u00bbcenter\u00bb qode_css_animation=\u00bb\u00bb][vc_empty_space height=\u00bb35px\u00bb][vc_column_text]<\/p>\n<h3>Oficina de Nueva York<\/h3>\n<p>[\/vc_column_text][vc_separator type=\u00bbsmall\u00bb position=\u00bbcenter\u00bb color=\u00bb#000000&#8243; thickness=\u00bb2&#8243; width=\u00bb70&#8243; up=\u00bb20&#8243; down=\u00bb21&#8243;][vc_column_text]303 Quinta Av suite #1309 Nueva York, NY 10016<\/p>\n<p>&nbsp;<\/p>\n<p>Quinta Avenida entre las calles 31 y 32: L\u00edneas del subterr\u00e1neo 1, 2, 3, 6, N, R, Q, F, D Cerca a la estaci\u00f3n Pennsylvania y trenes mencionados.[\/vc_column_text][vc_empty_space height=\u00bb7px\u00bb][\/qode_elements_holder_item][\/qode_elements_holder][\/vc_column][vc_column css_animation=\u00bbfadeIn\u00bb css=\u00bb.vc_custom_1547669069980{margin-top: 5px !important;}\u00bb offset=\u00bbvc_col-md-4&#8243;][qode_elements_holder number_of_columns=\u00bbfour_columns\u00bb][qode_elements_holder_item background_color=\u00bb#ffffff\u00bb item_padding=\u00bb50px 35px 22px\u00bb horizontal_alignment=\u00bbcenter\u00bb advanced_animations=\u00bbno\u00bb item_padding_1024_1280=\u00bb50px 18px 22px\u00bb item_padding_600_768=\u00bb50px 120px 22px\u00bb custom_class=\u00bbeh-with-shadow\u00bb][vc_single_image image=\u00bb160&#8243; img_size=\u00bbfull\u00bb alignment=\u00bbcenter\u00bb qode_css_animation=\u00bb\u00bb][vc_empty_space height=\u00bb35px\u00bb][vc_column_text]<\/p>\n<h3>917 370 3474<\/h3>\n<p>[\/vc_column_text][vc_separator type=\u00bbsmall\u00bb position=\u00bbcenter\u00bb color=\u00bb#000000&#8243; thickness=\u00bb2&#8243; width=\u00bb70&#8243; up=\u00bb20&#8243; down=\u00bb21&#8243;][vc_column_text]No dude en contactarme si tiene m\u00e1s preguntas sobre mis servicios o si desea programar una cita por tel\u00e9fono. Puede enviarme un email o llamarme.[\/vc_column_text][vc_empty_space height=\u00bb7px\u00bb][\/qode_elements_holder_item][\/qode_elements_holder][\/vc_column][vc_column][vc_empty_space height=\u00bb40px\u00bb][vc_row_inner row_type=\u00bbrow\u00bb use_as_box=\u00bbuse_row_as_box\u00bb type=\u00bbgrid\u00bb anchor=\u00bbconta\u00bb text_align=\u00bbleft\u00bb css_animation=\u00bb\u00bb el_id=\u00bbconta\u00bb el_class=\u00bbContBlancoSeguro\u00bb][vc_column_inner width=\u00bb1\/5&#8243;][\/vc_column_inner][vc_column_inner width=\u00bb3\/5&#8243;][vc_empty_space][vc_column_text]<\/p>\n<h3 style=\"text-align: center;\">\u00bfC\u00f3mo hacer una cita?<\/h3>\n<p>[\/vc_column_text][vc_empty_space][vc_column_text]<\/p>\n<p style=\"text-align: center;\">Si est\u00e1 dispuesto y se siente listo para hacer terapia, comience por hacer una consulta o comun\u00edquese conmigo si tiene m\u00e1s preguntas. Ofrezco sesiones virtuales o<span style=\"color: #dc5527;\"> <a style=\"color: #dc5527;\" href=\"https:\/\/grgtherapy.com\/es\/teleterapia-terapia-virtual\/\"><u>teleterapia<\/u> <\/a><\/span>en el estado de Florida, el estado de New York y el resto del mundo.<\/p>\n<p style=\"text-align: center;\">Acepto el seguro Aetna para <span style=\"color: #dc5527;\"><a style=\"color: #dc5527;\" href=\"https:\/\/grgtherapy.com\/es\/psicoterapia-individual\/\"><u>terapia individual <\/u><\/a><\/span>solo en <a href=\"https:\/\/en.wikipedia.org\/wiki\/New_York_City\">New York<\/a>, si ud. tiene otro seguro en NY, comun\u00edquese con ellos para saber si tiene beneficios fuera de la red. No tomo ning\u00fan seguro del estado de Florida. Tenga en cuenta que los seguros de salud no cubren la<span style=\"color: #dc5527;\"><a style=\"color: #dc5527;\" href=\"https:\/\/grgtherapy.com\/es\/consejeria-prematrimonial\/\"> <u>consejer\u00eda prematrimonial<\/u><\/a> <\/span>ni la <span style=\"color: #dc5527;\"><a style=\"color: #dc5527;\" href=\"https:\/\/grgtherapy.com\/es\/terapia-de-pareja\/\"><u>terapia de pareja<\/u><\/a><\/span>. Para solicitar m\u00e1s informaci\u00f3n y reservar una sesi\u00f3n, complete el <span style=\"color: #dc5527;\"><a style=\"color: #dc5527;\" href=\"https:\/\/grgtherapy.com\/es\/contacto\/\">formulario de contacto<\/a><\/span> o ll\u00e1meme directamente al +1 (917) 370 3474<\/p>\n<p>[\/vc_column_text][vc_separator type=\u00bbnormal\u00bb][\/vc_column_inner][vc_column_inner width=\u00bb1\/5&#8243;][\/vc_column_inner][\/vc_row_inner][\/vc_column][\/vc_row][vc_row css_animation=\u00bb\u00bb row_type=\u00bbrow\u00bb use_row_as_full_screen_section=\u00bbno\u00bb type=\u00bbfull_width\u00bb angled_section=\u00bbno\u00bb text_align=\u00bbleft\u00bb background_image_as_pattern=\u00bbwithout_pattern\u00bb][vc_column width=\u00bb1\/4&#8243;][\/vc_column][vc_column width=\u00bb1\/4&#8243;][vc_gmaps link=\u00bb#E-8_JTNDaWZyYW1lJTIwc3JjJTNEJTIyaHR0cHMlM0ElMkYlMkZ3d3cuZ29vZ2xlLmNvbSUyRm1hcHMlMkZlbWJlZCUzRnBiJTNEJTIxMW0xOCUyMTFtMTIlMjExbTMlMjExZDk2NzAxLjc0Nzg5NzE5MDI2JTIxMmQtNzMuOTg4MTkxMjgxMDIyMjglMjEzZDQwLjc2MzU3MjYyODc3NTA2JTIxMm0zJTIxMWYwJTIxMmYwJTIxM2YwJTIxM20yJTIxMWkxMDI0JTIxMmk3NjglMjE0ZjEzLjElMjEzbTMlMjExbTIlMjExczB4ODljMjVmM2YyY2Y5YTYxZiUyNTNBMHhmMzUyMDU0YzZhZDEyYzY4JTIxMnMzMC01MSUyNTIwMzZ0aCUyNTIwU3QlMjUyMDFlciUyNTIwUGlzbyUyNTJDJTI1MjBMb25nJTI1MjBJc2xhbmQlMjUyMENpdHklMjUyQyUyNTIwTlklMjUyMDExMTAzJTI1MkMlMjUyMEVFLiUyNTIwVVUuJTIxNWUwJTIxM20yJTIxMXNlcyUyMTJzdmUlMjE0djE2MTIxMDI3MTU5NzElMjE1bTIlMjExc2VzJTIxMnN2ZSUyMiUyMHdpZHRoJTNEJTIyNDAwJTIyJTIwaGVpZ2h0JTNEJTIyMzAwJTIyJTIwZnJhbWVib3JkZXIlM0QlMjIwJTIyJTIwc3R5bGUlM0QlMjJib3JkZXIlM0EwJTNCJTIyJTIwYWxsb3dmdWxsc2NyZWVuJTNEJTIyJTIyJTIwYXJpYS1oaWRkZW4lM0QlMjJmYWxzZSUyMiUyMHRhYmluZGV4JTNEJTIyMCUyMiUzRSUzQyUyRmlmcmFtZSUzRQ==\u00bb title=\u00bbOficina de Astoria\u00bb][\/vc_column][vc_column width=\u00bb1\/4&#8243;][vc_gmaps link=\u00bb#E-8_JTNDaWZyYW1lJTIwc3JjJTNEJTIyaHR0cHMlM0ElMkYlMkZ3d3cuZ29vZ2xlLmNvbSUyRm1hcHMlMkZlbWJlZCUzRnBiJTNEJTIxMW0xOCUyMTFtMTIlMjExbTMlMjExZDMwMjIuNzAzOTA1ODg4MTY3NCUyMTJkLTczLjk4Nzc5NTU4NDg0NTU2JTIxM2Q0MC43NDY1NDAzNzkzMjgwOSUyMTJtMyUyMTFmMCUyMTJmMCUyMTNmMCUyMTNtMiUyMTFpMTAyNCUyMTJpNzY4JTIxNGYxMy4xJTIxM20zJTIxMW0yJTIxMXMweDg5YzI1OWE4NjE1MTA0MDUlMjUzQTB4NjM5Y2Q2MzU1MDk5MjA2JTIxMnMzMDMlMjUyMDV0aCUyNTIwQXZlJTI1MjAlMjUyMzEzMDklMjUyQyUyNTIwTmV3JTI1MjBZb3JrJTI1MkMlMjUyME5ZJTI1MjAxMDAxNiUyNTJDJTI1MjBFRS4lMjUyMFVVLiUyMTVlMCUyMTNtMiUyMTFzZXMlMjEyc3ZlJTIxNHYxNjEyMTAyOTYzMjU0JTIxNW0yJTIxMXNlcyUyMTJzdmUlMjIlMjB3aWR0aCUzRCUyMjQwMCUyMiUyMGhlaWdodCUzRCUyMjMwMCUyMiUyMGZyYW1lYm9yZGVyJTNEJTIyMCUyMiUyMHN0eWxlJTNEJTIyYm9yZGVyJTNBMCUzQiUyMiUyMGFsbG93ZnVsbHNjcmVlbiUzRCUyMiUyMiUyMGFyaWEtaGlkZGVuJTNEJTIyZmFsc2UlMjIlMjB0YWJpbmRleCUzRCUyMjAlMjIlM0UlM0MlMkZpZnJhbWUlM0U=\u00bb title=\u00bbOficina de Nueva York\u00bb][\/vc_column][vc_column width=\u00bb1\/4&#8243;][\/vc_column][\/vc_row]<\/p>\n<\/div>","protected":false},"excerpt":{"rendered":"<p>[vc_row css_animation=\u00bb\u00bb row_type=\u00bbrow\u00bb use_row_as_full_screen_section=\u00bbno\u00bb type=\u00bbfull_width\u00bb angled_section=\u00bbno\u00bb text_align=\u00bbleft\u00bb background_image_as_pattern=\u00bbwithout_pattern\u00bb][vc_column][vc_empty_space height=\u00bb50px\u00bb][vc_column_text] Contactar Psicoterapeuta GABRIELA R.GIUGGIOLONI [\/vc_column_text][vc_empty_space height=\u00bb50px\u00bb][\/vc_column][\/vc_row][vc_row css_animation=\u00bb\u00bb row_type=\u00bbrow\u00bb use_row_as_full_screen_section=\u00bbno\u00bb type=\u00bbgrid\u00bb angled_section=\u00bbno\u00bb text_align=\u00bbleft\u00bb background_image_as_pattern=\u00bbwithout_pattern\u00bb css=\u00bb.vc_custom_1620850244123{background: #ffffff url(https:\/\/grgtherapy.com\/wp-content\/uploads\/2021\/01\/FondoSection.webp?id=1316) !important;}\u00bb z_index=\u00bb\u00bb][vc_column css_animation=\u00bbfadeIn\u00bb el_id=\u00bbFormContact\u00bb][vc_row_inner row_type=\u00bbrow\u00bb type=\u00bbfull_width\u00bb text_align=\u00bbleft\u00bb css_animation=\u00bb\u00bb][vc_column_inner width=\u00bb5\/12&#8243; css=\u00bb.vc_custom_1620850094584{padding-top: 0px !important;padding-right: 0px !important;padding-bottom: 0px !important;padding-left: 0px !important;}\u00bb][vc_single_image image=\u00bb1236&#8243; img_size=\u00bbfull\u00bb&#8230;<\/p>\n","protected":false},"author":1,"featured_media":508,"parent":0,"menu_order":0,"comment_status":"closed","ping_status":"closed","template":"full_width.php","meta":{"footnotes":""},"class_list":["post-139","page","type-page","status-publish","has-post-thumbnail","hentry"],"yoast_head":"<!-- This site is optimized with the Yoast SEO Premium plugin v18.0 (Yoast SEO v27.2) - https:\/\/yoast.com\/product\/yoast-seo-premium-wordpress\/ -->\n<title>Contacto N\u00fameros y Direcci\u00f3n de Oficina - Gabriela Giuggioloni<\/title>\n<meta name=\"description\" content=\"Contacto Psicoterapeuta Gabriela Giuggioloni. 3051 Calle 36 1er Piso Astoria NY y 303 Quinta Av suite #1309 NY. Terapia virtual en Florida.\" \/>\n<meta name=\"robots\" content=\"index, follow, max-snippet:-1, max-image-preview:large, max-video-preview:-1\" \/>\n<link rel=\"canonical\" href=\"https:\/\/grgtherapy.com\/es\/contacto\/\" \/>\n<meta property=\"og:locale\" content=\"es_ES\" \/>\n<meta property=\"og:type\" content=\"article\" \/>\n<meta property=\"og:title\" content=\"Contacto\" \/>\n<meta property=\"og:description\" content=\"Contacto Psicoterapeuta Gabriela Giuggioloni. 3051 Calle 36 1er Piso Astoria NY y 303 Quinta Av suite #1309 NY. Terapia virtual en Florida.\" \/>\n<meta property=\"og:url\" content=\"https:\/\/grgtherapy.com\/es\/contacto\/\" \/>\n<meta property=\"og:site_name\" content=\"Gabriela Giuggioloni\" \/>\n<meta property=\"article:publisher\" content=\"https:\/\/www.facebook.com\/gabrielaRgiuggioloniLCSW\/\" \/>\n<meta property=\"article:modified_time\" content=\"2023-12-13T17:41:58+00:00\" \/>\n<meta property=\"og:image\" content=\"https:\/\/grgtherapy.com\/wp-content\/uploads\/2019\/01\/contact.jpg\" \/>\n\t<meta property=\"og:image:width\" content=\"915\" \/>\n\t<meta property=\"og:image:height\" content=\"610\" \/>\n\t<meta property=\"og:image:type\" content=\"image\/jpeg\" \/>\n<meta name=\"twitter:card\" content=\"summary_large_image\" \/>\n<meta name=\"twitter:label1\" content=\"Tiempo de lectura\" \/>\n\t<meta name=\"twitter:data1\" content=\"2 minutos\" \/>\n<script type=\"application\/ld+json\" class=\"yoast-schema-graph\">{\"@context\":\"https:\/\/schema.org\",\"@graph\":[{\"@type\":\"WebPage\",\"@id\":\"https:\/\/grgtherapy.com\/es\/contacto\/\",\"url\":\"https:\/\/grgtherapy.com\/es\/contacto\/\",\"name\":\"Contacto N\u00fameros y Direcci\u00f3n de Oficina - Gabriela Giuggioloni\",\"isPartOf\":{\"@id\":\"https:\/\/grgtherapy.com\/#website\"},\"primaryImageOfPage\":{\"@id\":\"https:\/\/grgtherapy.com\/es\/contacto\/#primaryimage\"},\"image\":{\"@id\":\"https:\/\/grgtherapy.com\/es\/contacto\/#primaryimage\"},\"thumbnailUrl\":\"https:\/\/grgtherapy.com\/wp-content\/uploads\/2019\/01\/contact.jpg\",\"datePublished\":\"2018-02-23T14:26:56+00:00\",\"dateModified\":\"2023-12-13T17:41:58+00:00\",\"description\":\"Contacto Psicoterapeuta Gabriela Giuggioloni. 3051 Calle 36 1er Piso Astoria NY y 303 Quinta Av suite #1309 NY. Terapia virtual en Florida.\",\"breadcrumb\":{\"@id\":\"https:\/\/grgtherapy.com\/es\/contacto\/#breadcrumb\"},\"inLanguage\":\"es\",\"potentialAction\":[{\"@type\":\"ReadAction\",\"target\":[\"https:\/\/grgtherapy.com\/es\/contacto\/\"]}]},{\"@type\":\"ImageObject\",\"inLanguage\":\"es\",\"@id\":\"https:\/\/grgtherapy.com\/es\/contacto\/#primaryimage\",\"url\":\"https:\/\/grgtherapy.com\/wp-content\/uploads\/2019\/01\/contact.jpg\",\"contentUrl\":\"https:\/\/grgtherapy.com\/wp-content\/uploads\/2019\/01\/contact.jpg\",\"width\":915,\"height\":610,\"caption\":\"Contacto Gabriela Giuggioloni\"},{\"@type\":\"BreadcrumbList\",\"@id\":\"https:\/\/grgtherapy.com\/es\/contacto\/#breadcrumb\",\"itemListElement\":[{\"@type\":\"ListItem\",\"position\":1,\"name\":\"Home\",\"item\":\"https:\/\/grgtherapy.com\/es\/\"},{\"@type\":\"ListItem\",\"position\":2,\"name\":\"Contacto\"}]},{\"@type\":\"WebSite\",\"@id\":\"https:\/\/grgtherapy.com\/#website\",\"url\":\"https:\/\/grgtherapy.com\/\",\"name\":\"Gabriela Giuggioloni\",\"description\":\"Gabriela Giuggioloni\",\"publisher\":{\"@id\":\"https:\/\/grgtherapy.com\/#organization\"},\"potentialAction\":[{\"@type\":\"SearchAction\",\"target\":{\"@type\":\"EntryPoint\",\"urlTemplate\":\"https:\/\/grgtherapy.com\/?s={search_term_string}\"},\"query-input\":{\"@type\":\"PropertyValueSpecification\",\"valueRequired\":true,\"valueName\":\"search_term_string\"}}],\"inLanguage\":\"es\"},{\"@type\":\"Organization\",\"@id\":\"https:\/\/grgtherapy.com\/#organization\",\"name\":\"GRG Therapy\",\"url\":\"https:\/\/grgtherapy.com\/\",\"logo\":{\"@type\":\"ImageObject\",\"inLanguage\":\"es\",\"@id\":\"https:\/\/grgtherapy.com\/#\/schema\/logo\/image\/\",\"url\":\"https:\/\/grgtherapy.com\/wp-content\/uploads\/2019\/06\/grg-logo.png\",\"contentUrl\":\"https:\/\/grgtherapy.com\/wp-content\/uploads\/2019\/06\/grg-logo.png\",\"width\":150,\"height\":64,\"caption\":\"GRG Therapy\"},\"image\":{\"@id\":\"https:\/\/grgtherapy.com\/#\/schema\/logo\/image\/\"},\"sameAs\":[\"https:\/\/www.facebook.com\/gabrielaRgiuggioloniLCSW\/\",\"https:\/\/www.instagram.com\/nyctherapist_gabriela\/\",\"https:\/\/www.linkedin.com\/in\/gabriela-giuggioloni-ma-lcsw-r-6015ab26\/\"]}]}<\/script>\n<!-- \/ Yoast SEO Premium plugin. -->","yoast_head_json":{"title":"Contacto N\u00fameros y Direcci\u00f3n de Oficina - Gabriela Giuggioloni","description":"Contacto Psicoterapeuta Gabriela Giuggioloni. 3051 Calle 36 1er Piso Astoria NY y 303 Quinta Av suite #1309 NY. Terapia virtual en Florida.","robots":{"index":"index","follow":"follow","max-snippet":"max-snippet:-1","max-image-preview":"max-image-preview:large","max-video-preview":"max-video-preview:-1"},"canonical":"https:\/\/grgtherapy.com\/es\/contacto\/","og_locale":"es_ES","og_type":"article","og_title":"Contacto","og_description":"Contacto Psicoterapeuta Gabriela Giuggioloni. 3051 Calle 36 1er Piso Astoria NY y 303 Quinta Av suite #1309 NY. Terapia virtual en Florida.","og_url":"https:\/\/grgtherapy.com\/es\/contacto\/","og_site_name":"Gabriela Giuggioloni","article_publisher":"https:\/\/www.facebook.com\/gabrielaRgiuggioloniLCSW\/","article_modified_time":"2023-12-13T17:41:58+00:00","og_image":[{"width":915,"height":610,"url":"https:\/\/grgtherapy.com\/wp-content\/uploads\/2019\/01\/contact.jpg","type":"image\/jpeg"}],"twitter_card":"summary_large_image","twitter_misc":{"Tiempo de lectura":"2 minutos"},"schema":{"@context":"https:\/\/schema.org","@graph":[{"@type":"WebPage","@id":"https:\/\/grgtherapy.com\/es\/contacto\/","url":"https:\/\/grgtherapy.com\/es\/contacto\/","name":"Contacto N\u00fameros y Direcci\u00f3n de Oficina - Gabriela Giuggioloni","isPartOf":{"@id":"https:\/\/grgtherapy.com\/#website"},"primaryImageOfPage":{"@id":"https:\/\/grgtherapy.com\/es\/contacto\/#primaryimage"},"image":{"@id":"https:\/\/grgtherapy.com\/es\/contacto\/#primaryimage"},"thumbnailUrl":"https:\/\/grgtherapy.com\/wp-content\/uploads\/2019\/01\/contact.jpg","datePublished":"2018-02-23T14:26:56+00:00","dateModified":"2023-12-13T17:41:58+00:00","description":"Contacto Psicoterapeuta Gabriela Giuggioloni. 3051 Calle 36 1er Piso Astoria NY y 303 Quinta Av suite #1309 NY. Terapia virtual en Florida.","breadcrumb":{"@id":"https:\/\/grgtherapy.com\/es\/contacto\/#breadcrumb"},"inLanguage":"es","potentialAction":[{"@type":"ReadAction","target":["https:\/\/grgtherapy.com\/es\/contacto\/"]}]},{"@type":"ImageObject","inLanguage":"es","@id":"https:\/\/grgtherapy.com\/es\/contacto\/#primaryimage","url":"https:\/\/grgtherapy.com\/wp-content\/uploads\/2019\/01\/contact.jpg","contentUrl":"https:\/\/grgtherapy.com\/wp-content\/uploads\/2019\/01\/contact.jpg","width":915,"height":610,"caption":"Contacto Gabriela Giuggioloni"},{"@type":"BreadcrumbList","@id":"https:\/\/grgtherapy.com\/es\/contacto\/#breadcrumb","itemListElement":[{"@type":"ListItem","position":1,"name":"Home","item":"https:\/\/grgtherapy.com\/es\/"},{"@type":"ListItem","position":2,"name":"Contacto"}]},{"@type":"WebSite","@id":"https:\/\/grgtherapy.com\/#website","url":"https:\/\/grgtherapy.com\/","name":"Gabriela Giuggioloni","description":"Gabriela Giuggioloni","publisher":{"@id":"https:\/\/grgtherapy.com\/#organization"},"potentialAction":[{"@type":"SearchAction","target":{"@type":"EntryPoint","urlTemplate":"https:\/\/grgtherapy.com\/?s={search_term_string}"},"query-input":{"@type":"PropertyValueSpecification","valueRequired":true,"valueName":"search_term_string"}}],"inLanguage":"es"},{"@type":"Organization","@id":"https:\/\/grgtherapy.com\/#organization","name":"GRG Therapy","url":"https:\/\/grgtherapy.com\/","logo":{"@type":"ImageObject","inLanguage":"es","@id":"https:\/\/grgtherapy.com\/#\/schema\/logo\/image\/","url":"https:\/\/grgtherapy.com\/wp-content\/uploads\/2019\/06\/grg-logo.png","contentUrl":"https:\/\/grgtherapy.com\/wp-content\/uploads\/2019\/06\/grg-logo.png","width":150,"height":64,"caption":"GRG Therapy"},"image":{"@id":"https:\/\/grgtherapy.com\/#\/schema\/logo\/image\/"},"sameAs":["https:\/\/www.facebook.com\/gabrielaRgiuggioloniLCSW\/","https:\/\/www.instagram.com\/nyctherapist_gabriela\/","https:\/\/www.linkedin.com\/in\/gabriela-giuggioloni-ma-lcsw-r-6015ab26\/"]}]}},"_links":{"self":[{"href":"https:\/\/grgtherapy.com\/es\/wp-json\/wp\/v2\/pages\/139","targetHints":{"allow":["GET"]}}],"collection":[{"href":"https:\/\/grgtherapy.com\/es\/wp-json\/wp\/v2\/pages"}],"about":[{"href":"https:\/\/grgtherapy.com\/es\/wp-json\/wp\/v2\/types\/page"}],"author":[{"embeddable":true,"href":"https:\/\/grgtherapy.com\/es\/wp-json\/wp\/v2\/users\/1"}],"replies":[{"embeddable":true,"href":"https:\/\/grgtherapy.com\/es\/wp-json\/wp\/v2\/comments?post=139"}],"version-history":[{"count":36,"href":"https:\/\/grgtherapy.com\/es\/wp-json\/wp\/v2\/pages\/139\/revisions"}],"predecessor-version":[{"id":2978,"href":"https:\/\/grgtherapy.com\/es\/wp-json\/wp\/v2\/pages\/139\/revisions\/2978"}],"wp:featuredmedia":[{"embeddable":true,"href":"https:\/\/grgtherapy.com\/es\/wp-json\/wp\/v2\/media\/508"}],"wp:attachment":[{"href":"https:\/\/grgtherapy.com\/es\/wp-json\/wp\/v2\/media?parent=139"}],"curies":[{"name":"wp","href":"https:\/\/api.w.org\/{rel}","templated":true}]}}