{"id":1575,"date":"2021-05-12T17:56:24","date_gmt":"2021-05-12T21:56:24","guid":{"rendered":"https:\/\/grgtherapy.com\/?page_id=1575"},"modified":"2023-12-13T12:29:39","modified_gmt":"2023-12-13T17:29:39","slug":"consejeria-prematrimonial","status":"publish","type":"page","link":"https:\/\/grgtherapy.com\/es\/consejeria-prematrimonial\/","title":{"rendered":"Consejer\u00eda Prematrimonial"},"content":{"rendered":"<div class=\"wpb-content-wrapper\"><p>[vc_row css_animation=\u00bb\u00bb row_type=\u00bbrow\u00bb use_row_as_full_screen_section=\u00bbno\u00bb type=\u00bbgrid\u00bb angled_section=\u00bbno\u00bb text_align=\u00bbleft\u00bb background_image_as_pattern=\u00bbwithout_pattern\u00bb css=\u00bb.vc_custom_1620859766781{background-color: #ffffff !important;}\u00bb z_index=\u00bb\u00bb][vc_column css_animation=\u00bbfadeIn\u00bb width=\u00bb1\/2&#8243; css=\u00bb.vc_custom_1547579631437{margin-top: 20px !important;}\u00bb][vc_column_text css=\u00bb.vc_custom_1620859911782{margin-top: 30px !important;margin-bottom: 20px !important;}\u00bb]<img loading=\"lazy\" decoding=\"async\" class=\"wp-image-1636 size-full aligncenter\" src=\"https:\/\/grgtherapy.com\/wp-content\/uploads\/2021\/03\/home-custom-icon-1.png\" alt=\"\" width=\"144\" height=\"105\" \/>[\/vc_column_text][vc_column_text]<\/p>\n<h2 style=\"text-align: center;\"><strong>CONSEJER\u00cdA<span class=\"ColorOrange\"><br \/>\nPREMATRIMONIAL<\/span><\/strong><\/h2>\n<p>[\/vc_column_text][vc_separator type=\u00bbsmall\u00bb position=\u00bbcenter\u00bb color=\u00bb#000000&#8243; thickness=\u00bb6&#8243; width=\u00bb105&#8243; up=\u00bb38&#8243;][vc_column_text css=\u00bb.vc_custom_1620857338570{padding-right: 40px !important;padding-left: 40px !important;}\u00bb]<\/p>\n<p style=\"text-align: justify;\">La consejer\u00eda prematrimonial puede no ser tan com\u00fan como otras formas de consejer\u00eda o terapia, pero existe una tasa de \u00e9xito matrimonial un <a href=\"https:\/\/healthresearchfunding.org\/20-significant-premarital-counseling-statistics\/\"><span style=\"color: #dc5527;\">30 por ciento m\u00e1s alta para las parejas que eligen este proceso<\/span><\/a>. Mientras se prepara el evento de la boda, tambi\u00e9n puede ser importante prepararse para la vida de matrimonio. No es necesario estar casado para considerar una consulta de consejer\u00eda prematrimonial.<\/p>\n<p>&nbsp;<\/p>\n<p style=\"text-align: justify;\">El objetivo de la consejer\u00eda prematrimonial es ayudar a las parejas a comprender lo que implica un matrimonio y la mejor manera de navegarlo. Tambi\u00e9n es un per\u00edodo para identificar y abordar \u00e1reas de conflicto actuales o potenciales y las mejores formas de manejar conflictos futuros.<\/p>\n<p>[\/vc_column_text][vc_empty_space][\/vc_column][vc_column css_animation=\u00bbfadeIn\u00bb width=\u00bb1\/2&#8243;][vc_single_image image=\u00bb1573&#8243; img_size=\u00bbfull\u00bb style=\u00bbvc_box_shadow\u00bb qode_css_animation=\u00bb\u00bb css=\u00bb.vc_custom_1620857203353{padding-top: 120px !important;}\u00bb][\/vc_column][\/vc_row][vc_row css_animation=\u00bb\u00bb row_type=\u00bbrow\u00bb use_row_as_full_screen_section=\u00bbno\u00bb type=\u00bbgrid\u00bb angled_section=\u00bbno\u00bb text_align=\u00bbleft\u00bb background_image_as_pattern=\u00bbwithout_pattern\u00bb css=\u00bb.vc_custom_1620860115480{padding-top: 50px !important;padding-right: 50px !important;padding-bottom: 50px !important;padding-left: 50px !important;background-color: #f5e1d9 !important;}\u00bb z_index=\u00bb\u00bb][vc_column css_animation=\u00bbfadeIn\u00bb width=\u00bb1\/2&#8243; css=\u00bb.vc_custom_1547579631437{margin-top: 20px !important;}\u00bb][vc_empty_space height=\u00bb80&#8243;][vc_column_text]<\/p>\n<h3 style=\"text-align: center;\"><span style=\"color: #000000;\">\u00bfQu\u00e9 esperar de la consejer\u00eda prematrimonial?<\/span><\/h3>\n<p>[\/vc_column_text][vc_separator type=\u00bbsmall\u00bb position=\u00bbcenter\u00bb color=\u00bb#dc5500&#8243; thickness=\u00bb2&#8243; width=\u00bb105&#8243; up=\u00bb15&#8243;][\/vc_column][vc_column css_animation=\u00bbfadeIn\u00bb width=\u00bb1\/2&#8243;][vc_column_text]<\/p>\n<p style=\"text-align: justify;\">Durante este proceso, ayudar\u00e9 a usted y a su pareja a definir su visi\u00f3n del matrimonio, las expectativas y las metas. Tambi\u00e9n discutiremos y analizaremos cualquier cosa que pueda afectar la relaci\u00f3n en el futuro, incluidos asuntos importantes como dinero, sexo, hijos, intimidad, familia y m\u00e1s. Para ayudar a aprovechar al m\u00e1ximo las sesiones de consejer\u00eda prematrimonial, la <a href=\"https:\/\/grgtherapy.com\/es\/psicoterapia-individual\/\"><span style=\"color: #dc5527;\">terapia individual<\/span><\/a> puede llegar a ser parte del proceso si es necesario para trabajar en problemas personales que impactan negativamente a la relaci\u00f3n. Esto ayudar\u00e1 a saber m\u00e1s acerca de la din\u00e1mica de la relaci\u00f3n y, por lo tanto, intervenir mejor en el proceso terap\u00e9utico.<\/p>\n<p>[\/vc_column_text][\/vc_column][\/vc_row][vc_row css_animation=\u00bb\u00bb row_type=\u00bbrow\u00bb use_row_as_full_screen_section=\u00bbno\u00bb type=\u00bbfull_width\u00bb angled_section=\u00bbno\u00bb text_align=\u00bbleft\u00bb background_image_as_pattern=\u00bbwithout_pattern\u00bb css=\u00bb.vc_custom_1620860198781{padding-top: 50px !important;padding-bottom: 50px !important;background-color: #f7f7f7 !important;}\u00bb z_index=\u00bb\u00bb][vc_column css_animation=\u00bbfadeIn\u00bb][vc_column_text css=\u00bb.vc_custom_1620858044016{margin-bottom: 70px !important;}\u00bb]<\/p>\n<h3 style=\"text-align: center;\"><strong>Beneficios del Asesoramiento Premarital<\/strong><\/h3>\n<p>[\/vc_column_text][vc_row_inner row_type=\u00bbrow\u00bb type=\u00bbgrid\u00bb text_align=\u00bbleft\u00bb css_animation=\u00bb\u00bb][vc_column_inner width=\u00bb1\/2&#8243;]<div class='q_list circle animate_list'><\/p>\n<ul>\n<li>Ayuda a la comunicaci\u00f3n y la intimidad.<\/li>\n<li>Fortalece el \u00e1rea de resoluci\u00f3n de conflictos.<\/li>\n<li>Ayuda a identificar problemas con anticipaci\u00f3n.<\/li>\n<\/ul>\n<p><\/div>[\/vc_column_inner][vc_column_inner width=\u00bb1\/2&#8243;]<div class='q_list circle animate_list'><\/p>\n<ul>\n<li>Contribuye a una mayor tasa de \u00e9xito matrimonial.<\/li>\n<li>Ayuda a las parejas a planificar el futuro.<\/li>\n<li>Ayuda a las parejas a descubrir cosas nuevas sobre ellos mismos y su relaci\u00f3n.<\/li>\n<\/ul>\n<p><\/div>[\/vc_column_inner][\/vc_row_inner][\/vc_column][\/vc_row][vc_row css_animation=\u00bb\u00bb row_type=\u00bbrow\u00bb use_row_as_full_screen_section=\u00bbno\u00bb type=\u00bbgrid\u00bb angled_section=\u00bbno\u00bb text_align=\u00bbleft\u00bb background_image_as_pattern=\u00bbwithout_pattern\u00bb z_index=\u00bb\u00bb][vc_column css_animation=\u00bbfadeIn\u00bb el_class=\u00bbContBlancoSeguro\u00bb css=\u00bb.vc_custom_1547579660619{background-color: #ffffff !important;border-radius: 10px !important;}\u00bb][vc_column_text]<\/p>\n<h2 style=\"text-align: center;\">EN QUE SE ENFOCA LA<\/h2>\n<p>[\/vc_column_text][vc_column_text]<\/p>\n<h2 style=\"text-align: center;\"><strong><span class=\"ColorOrange\">TERAPIA PREMARITAL<\/span><\/strong><\/h2>\n<p>[\/vc_column_text][vc_separator type=\u00bbsmall\u00bb position=\u00bbcenter\u00bb color=\u00bb#dc5500&#8243; thickness=\u00bb2&#8243; width=\u00bb105&#8243; up=\u00bb15&#8243;][\/vc_column][\/vc_row][vc_row css_animation=\u00bb\u00bb row_type=\u00bbrow\u00bb use_row_as_full_screen_section=\u00bbno\u00bb type=\u00bbfull_width\u00bb angled_section=\u00bbno\u00bb text_align=\u00bbleft\u00bb background_image_as_pattern=\u00bbwithout_pattern\u00bb css=\u00bb.vc_custom_1620860360222{margin-top: -60px !important;background-color: #f5e1d9 !important;}\u00bb z_index=\u00bb\u00bb][vc_column css_animation=\u00bbfadeIn\u00bb css=\u00bb.vc_custom_1547752292947{padding-top: 44px !important;padding-bottom: 44px !important;}\u00bb el_class=\u00bbColumnListTemas\u00bb][vc_row_inner row_type=\u00bbrow\u00bb type=\u00bbgrid\u00bb text_align=\u00bbleft\u00bb padding_top=\u00bb30&#8243; css_animation=\u00bb\u00bb][vc_column_inner width=\u00bb1\/3&#8243;][vc_column_text]<\/p>\n<ul class=\"ListServices\">\n<li><i class=\"qode_icon_font_awesome fa fa-check-circle qode_icon_element IconServices\"><\/i>Valores personales<\/li>\n<li><i class=\"qode_icon_font_awesome fa fa-check-circle qode_icon_element IconServices\"><\/i>Resoluci\u00f3n de conflictos<\/li>\n<li><i class=\"qode_icon_font_awesome fa fa-check-circle qode_icon_element IconServices\"><\/i>Comunicaci\u00f3n<\/li>\n<\/ul>\n<p>[\/vc_column_text][\/vc_column_inner][vc_column_inner width=\u00bb1\/3&#8243;][vc_column_text]<\/p>\n<ul class=\"ListServices\">\n<li><i class=\"qode_icon_font_awesome fa fa-check-circle qode_icon_element IconServices\"><\/i>Finanzas<\/li>\n<li><i class=\"qode_icon_font_awesome fa fa-check-circle qode_icon_element IconServices\"><\/i>Sexo e intimidad<\/li>\n<li><i class=\"qode_icon_font_awesome fa fa-check-circle qode_icon_element IconServices\"><\/i>Resentimientos<\/li>\n<\/ul>\n<p>[\/vc_column_text][\/vc_column_inner][vc_column_inner width=\u00bb1\/3&#8243;][vc_column_text]<\/p>\n<ul class=\"ListServices\">\n<li><i class=\"qode_icon_font_awesome fa fa-check-circle qode_icon_element IconServices\"><\/i>Miedos al matrimonio o Problemas de compromiso<\/li>\n<li><i class=\"qode_icon_font_awesome fa fa-check-circle qode_icon_element IconServices\"><\/i>Problemas con la familia pol\u00edtica<\/li>\n<\/ul>\n<p>[\/vc_column_text][\/vc_column_inner][\/vc_row_inner][\/vc_column][\/vc_row][vc_row css_animation=\u00bb\u00bb row_type=\u00bbrow\u00bb use_row_as_full_screen_section=\u00bbyes\u00bb type=\u00bbgrid\u00bb angled_section=\u00bbno\u00bb text_align=\u00bbleft\u00bb background_image_as_pattern=\u00bbwithout_pattern\u00bb css=\u00bb.vc_custom_1547500212554{padding-top: 60px !important;padding-bottom: 60px !important;background-color: #f6f6f6 !important;}\u00bb z_index=\u00bb\u00bb][vc_column css_animation=\u00bbfadeIn\u00bb][vc_row_inner row_type=\u00bbrow\u00bb type=\u00bbgrid\u00bb text_align=\u00bbleft\u00bb css_animation=\u00bb\u00bb css=\u00bb.vc_custom_1547233654078{padding-top: 70px !important;padding-bottom: 70px !important;background-color: #f9f9f9 !important;}\u00bb el_class=\u00bbContBlancoSeguro\u00bb][vc_column_inner width=\u00bb1\/6&#8243;][\/vc_column_inner][vc_column_inner width=\u00bb2\/3&#8243;][vc_column_text]<\/p>\n<h3 style=\"text-align: center;\"><span style=\"color: #dc5527;\">\u00bfC\u00f3mo hacer una cita?<\/span><\/h3>\n<p>[\/vc_column_text][vc_column_text css=\u00bb.vc_custom_1639688407277{margin-top: 20px !important;}\u00bb]<\/p>\n<p style=\"text-align: center;\">Si est\u00e1 dispuesto y se siente listo para hacer terapia, comience por hacer una consulta o comun\u00edquese conmigo si tiene m\u00e1s preguntas. Ofrezco sesiones virtuales o<span style=\"color: #dc5527;\"> <a style=\"color: #dc5527;\" href=\"https:\/\/grgtherapy.com\/es\/teleterapia-terapia-virtual\/\"><u>teleterapia<\/u> <\/a><\/span>en el estado de Florida, el estado de New York y el resto del mundo.<\/p>\n<p style=\"text-align: center;\">Acepto el seguro Aetna para <span style=\"color: #dc5527;\"><a style=\"color: #dc5527;\" href=\"https:\/\/grgtherapy.com\/es\/psicoterapia-individual\/\"><u>terapia individual <\/u><\/a><\/span>solo en New York, si ud. tiene otro seguro en NY, comun\u00edquese con ellos para saber si tiene beneficios fuera de la red. No tomo ning\u00fan seguro del estado de Florida. Tenga en cuenta que los seguros de salud no cubren la<span style=\"color: #dc5527;\"><a style=\"color: #dc5527;\" href=\"https:\/\/grgtherapy.com\/es\/consejeria-prematrimonial\/\"> <u>consejer\u00eda prematrimonial<\/u><\/a> <\/span>ni la <span style=\"color: #dc5527;\"><a style=\"color: #dc5527;\" href=\"https:\/\/grgtherapy.com\/es\/terapia-de-pareja\/\"><u>terapia de pareja<\/u><\/a><\/span>. Para solicitar m\u00e1s informaci\u00f3n y reservar una sesi\u00f3n, complete el <span style=\"color: #dc5527;\"><a style=\"color: #dc5527;\" href=\"https:\/\/grgtherapy.com\/es\/contacto\/\">formulario de contacto<\/a><\/span> o ll\u00e1meme directamente al +1 (917) 370 3474<\/p>\n<p>[\/vc_column_text][\/vc_column_inner][vc_column_inner width=\u00bb1\/6&#8243;][\/vc_column_inner][\/vc_row_inner][\/vc_column][\/vc_row][vc_row css_animation=\u00bb\u00bb row_type=\u00bbrow\u00bb use_row_as_full_screen_section=\u00bbno\u00bb type=\u00bbgrid\u00bb angled_section=\u00bbno\u00bb text_align=\u00bbleft\u00bb background_image_as_pattern=\u00bbwithout_pattern\u00bb z_index=\u00bb\u00bb css=\u00bb.vc_custom_1547572531173{margin-bottom: 50px !important;}\u00bb][vc_column css_animation=\u00bbfadeIn\u00bb][vc_column_text css=\u00bb.vc_custom_1550251387398{margin-bottom: 30px !important;}\u00bb]<\/p>\n<p style=\"text-align: center;\">Proveo <span class=\"ColorOrangeBold\">teleterapia o sesiones telef\u00f3nicas<\/span> en determinados casos.<br \/>\nPuede comunicarse por email o tel\u00e9fono para solicitar m\u00e1s informaci\u00f3n sobre este servicio. <span class=\"ColorOrangeBold\">( 917 ) 370 3474<\/span><\/p>\n<p>[\/vc_column_text][\/vc_column][\/vc_row]<\/p>\n<\/div>","protected":false},"excerpt":{"rendered":"<p>[vc_row css_animation=\u00bb\u00bb row_type=\u00bbrow\u00bb use_row_as_full_screen_section=\u00bbno\u00bb type=\u00bbgrid\u00bb angled_section=\u00bbno\u00bb text_align=\u00bbleft\u00bb background_image_as_pattern=\u00bbwithout_pattern\u00bb css=\u00bb.vc_custom_1620859766781{background-color: #ffffff !important;}\u00bb z_index=\u00bb\u00bb][vc_column css_animation=\u00bbfadeIn\u00bb width=\u00bb1\/2&#8243; css=\u00bb.vc_custom_1547579631437{margin-top: 20px !important;}\u00bb][vc_column_text css=\u00bb.vc_custom_1620859911782{margin-top: 30px !important;margin-bottom: 20px !important;}\u00bb][\/vc_column_text][vc_column_text] CONSEJER\u00cdA PREMATRIMONIAL [\/vc_column_text][vc_separator type=\u00bbsmall\u00bb position=\u00bbcenter\u00bb color=\u00bb#000000&#8243; thickness=\u00bb6&#8243; width=\u00bb105&#8243; up=\u00bb38&#8243;][vc_column_text css=\u00bb.vc_custom_1620857338570{padding-right: 40px !important;padding-left: 40px !important;}\u00bb] La consejer\u00eda prematrimonial puede no ser tan com\u00fan como&#8230;<\/p>\n","protected":false},"author":1,"featured_media":1573,"parent":0,"menu_order":0,"comment_status":"closed","ping_status":"closed","template":"full_width.php","meta":{"footnotes":""},"class_list":["post-1575","page","type-page","status-publish","has-post-thumbnail","hentry"],"yoast_head":"<!-- This site is optimized with the Yoast SEO Premium plugin v18.0 (Yoast SEO v27.2) - https:\/\/yoast.com\/product\/yoast-seo-premium-wordpress\/ -->\n<title>Consejer\u00eda Prematrimonial - Gabriela Giuggioloni<\/title>\n<meta name=\"description\" content=\"Consejer\u00eda prematrimonial en Astoria, New York y Florida. Contribuye a un \u00e9xito en matrimonio, planificar el futuro e identificar problemas.\" \/>\n<meta name=\"robots\" content=\"index, follow, max-snippet:-1, max-image-preview:large, max-video-preview:-1\" \/>\n<link rel=\"canonical\" href=\"https:\/\/grgtherapy.com\/es\/consejeria-prematrimonial\/\" \/>\n<meta property=\"og:locale\" content=\"es_ES\" \/>\n<meta property=\"og:type\" content=\"article\" \/>\n<meta property=\"og:title\" content=\"Consejer\u00eda Prematrimonial\" \/>\n<meta property=\"og:description\" content=\"Consejer\u00eda prematrimonial en Astoria, New York y Florida. Contribuye a un \u00e9xito en matrimonio, planificar el futuro e identificar problemas.\" \/>\n<meta property=\"og:url\" content=\"https:\/\/grgtherapy.com\/es\/consejeria-prematrimonial\/\" \/>\n<meta property=\"og:site_name\" content=\"Gabriela Giuggioloni\" \/>\n<meta property=\"article:publisher\" content=\"https:\/\/www.facebook.com\/gabrielaRgiuggioloniLCSW\/\" \/>\n<meta property=\"article:modified_time\" content=\"2023-12-13T17:29:39+00:00\" \/>\n<meta property=\"og:image\" content=\"https:\/\/grgtherapy.com\/wp-content\/uploads\/2021\/03\/Premarital-Counseling.jpg\" \/>\n\t<meta property=\"og:image:width\" content=\"626\" \/>\n\t<meta property=\"og:image:height\" content=\"417\" \/>\n\t<meta property=\"og:image:type\" content=\"image\/jpeg\" \/>\n<meta name=\"twitter:card\" content=\"summary_large_image\" \/>\n<meta name=\"twitter:label1\" content=\"Tiempo de lectura\" \/>\n\t<meta name=\"twitter:data1\" content=\"6 minutos\" \/>\n<script type=\"application\/ld+json\" class=\"yoast-schema-graph\">{\"@context\":\"https:\/\/schema.org\",\"@graph\":[{\"@type\":\"WebPage\",\"@id\":\"https:\/\/grgtherapy.com\/es\/consejeria-prematrimonial\/\",\"url\":\"https:\/\/grgtherapy.com\/es\/consejeria-prematrimonial\/\",\"name\":\"Consejer\u00eda Prematrimonial - Gabriela Giuggioloni\",\"isPartOf\":{\"@id\":\"https:\/\/grgtherapy.com\/#website\"},\"primaryImageOfPage\":{\"@id\":\"https:\/\/grgtherapy.com\/es\/consejeria-prematrimonial\/#primaryimage\"},\"image\":{\"@id\":\"https:\/\/grgtherapy.com\/es\/consejeria-prematrimonial\/#primaryimage\"},\"thumbnailUrl\":\"https:\/\/grgtherapy.com\/wp-content\/uploads\/2021\/03\/Premarital-Counseling.jpg\",\"datePublished\":\"2021-05-12T21:56:24+00:00\",\"dateModified\":\"2023-12-13T17:29:39+00:00\",\"description\":\"Consejer\u00eda prematrimonial en Astoria, New York y Florida. Contribuye a un \u00e9xito en matrimonio, planificar el futuro e identificar problemas.\",\"breadcrumb\":{\"@id\":\"https:\/\/grgtherapy.com\/es\/consejeria-prematrimonial\/#breadcrumb\"},\"inLanguage\":\"es\",\"potentialAction\":[{\"@type\":\"ReadAction\",\"target\":[\"https:\/\/grgtherapy.com\/es\/consejeria-prematrimonial\/\"]}]},{\"@type\":\"ImageObject\",\"inLanguage\":\"es\",\"@id\":\"https:\/\/grgtherapy.com\/es\/consejeria-prematrimonial\/#primaryimage\",\"url\":\"https:\/\/grgtherapy.com\/wp-content\/uploads\/2021\/03\/Premarital-Counseling.jpg\",\"contentUrl\":\"https:\/\/grgtherapy.com\/wp-content\/uploads\/2021\/03\/Premarital-Counseling.jpg\",\"width\":626,\"height\":417,\"caption\":\"Consejeria Prematrimonial astoria new york florida\"},{\"@type\":\"BreadcrumbList\",\"@id\":\"https:\/\/grgtherapy.com\/es\/consejeria-prematrimonial\/#breadcrumb\",\"itemListElement\":[{\"@type\":\"ListItem\",\"position\":1,\"name\":\"Home\",\"item\":\"https:\/\/grgtherapy.com\/es\/\"},{\"@type\":\"ListItem\",\"position\":2,\"name\":\"Consejer\u00eda Prematrimonial\"}]},{\"@type\":\"WebSite\",\"@id\":\"https:\/\/grgtherapy.com\/#website\",\"url\":\"https:\/\/grgtherapy.com\/\",\"name\":\"Gabriela Giuggioloni\",\"description\":\"Gabriela Giuggioloni\",\"publisher\":{\"@id\":\"https:\/\/grgtherapy.com\/#organization\"},\"potentialAction\":[{\"@type\":\"SearchAction\",\"target\":{\"@type\":\"EntryPoint\",\"urlTemplate\":\"https:\/\/grgtherapy.com\/?s={search_term_string}\"},\"query-input\":{\"@type\":\"PropertyValueSpecification\",\"valueRequired\":true,\"valueName\":\"search_term_string\"}}],\"inLanguage\":\"es\"},{\"@type\":\"Organization\",\"@id\":\"https:\/\/grgtherapy.com\/#organization\",\"name\":\"GRG Therapy\",\"url\":\"https:\/\/grgtherapy.com\/\",\"logo\":{\"@type\":\"ImageObject\",\"inLanguage\":\"es\",\"@id\":\"https:\/\/grgtherapy.com\/#\/schema\/logo\/image\/\",\"url\":\"https:\/\/grgtherapy.com\/wp-content\/uploads\/2019\/06\/grg-logo.png\",\"contentUrl\":\"https:\/\/grgtherapy.com\/wp-content\/uploads\/2019\/06\/grg-logo.png\",\"width\":150,\"height\":64,\"caption\":\"GRG Therapy\"},\"image\":{\"@id\":\"https:\/\/grgtherapy.com\/#\/schema\/logo\/image\/\"},\"sameAs\":[\"https:\/\/www.facebook.com\/gabrielaRgiuggioloniLCSW\/\",\"https:\/\/www.instagram.com\/nyctherapist_gabriela\/\",\"https:\/\/www.linkedin.com\/in\/gabriela-giuggioloni-ma-lcsw-r-6015ab26\/\"]}]}<\/script>\n<!-- \/ Yoast SEO Premium plugin. -->","yoast_head_json":{"title":"Consejer\u00eda Prematrimonial - Gabriela Giuggioloni","description":"Consejer\u00eda prematrimonial en Astoria, New York y Florida. Contribuye a un \u00e9xito en matrimonio, planificar el futuro e identificar problemas.","robots":{"index":"index","follow":"follow","max-snippet":"max-snippet:-1","max-image-preview":"max-image-preview:large","max-video-preview":"max-video-preview:-1"},"canonical":"https:\/\/grgtherapy.com\/es\/consejeria-prematrimonial\/","og_locale":"es_ES","og_type":"article","og_title":"Consejer\u00eda Prematrimonial","og_description":"Consejer\u00eda prematrimonial en Astoria, New York y Florida. Contribuye a un \u00e9xito en matrimonio, planificar el futuro e identificar problemas.","og_url":"https:\/\/grgtherapy.com\/es\/consejeria-prematrimonial\/","og_site_name":"Gabriela Giuggioloni","article_publisher":"https:\/\/www.facebook.com\/gabrielaRgiuggioloniLCSW\/","article_modified_time":"2023-12-13T17:29:39+00:00","og_image":[{"width":626,"height":417,"url":"https:\/\/grgtherapy.com\/wp-content\/uploads\/2021\/03\/Premarital-Counseling.jpg","type":"image\/jpeg"}],"twitter_card":"summary_large_image","twitter_misc":{"Tiempo de lectura":"6 minutos"},"schema":{"@context":"https:\/\/schema.org","@graph":[{"@type":"WebPage","@id":"https:\/\/grgtherapy.com\/es\/consejeria-prematrimonial\/","url":"https:\/\/grgtherapy.com\/es\/consejeria-prematrimonial\/","name":"Consejer\u00eda Prematrimonial - Gabriela Giuggioloni","isPartOf":{"@id":"https:\/\/grgtherapy.com\/#website"},"primaryImageOfPage":{"@id":"https:\/\/grgtherapy.com\/es\/consejeria-prematrimonial\/#primaryimage"},"image":{"@id":"https:\/\/grgtherapy.com\/es\/consejeria-prematrimonial\/#primaryimage"},"thumbnailUrl":"https:\/\/grgtherapy.com\/wp-content\/uploads\/2021\/03\/Premarital-Counseling.jpg","datePublished":"2021-05-12T21:56:24+00:00","dateModified":"2023-12-13T17:29:39+00:00","description":"Consejer\u00eda prematrimonial en Astoria, New York y Florida. Contribuye a un \u00e9xito en matrimonio, planificar el futuro e identificar problemas.","breadcrumb":{"@id":"https:\/\/grgtherapy.com\/es\/consejeria-prematrimonial\/#breadcrumb"},"inLanguage":"es","potentialAction":[{"@type":"ReadAction","target":["https:\/\/grgtherapy.com\/es\/consejeria-prematrimonial\/"]}]},{"@type":"ImageObject","inLanguage":"es","@id":"https:\/\/grgtherapy.com\/es\/consejeria-prematrimonial\/#primaryimage","url":"https:\/\/grgtherapy.com\/wp-content\/uploads\/2021\/03\/Premarital-Counseling.jpg","contentUrl":"https:\/\/grgtherapy.com\/wp-content\/uploads\/2021\/03\/Premarital-Counseling.jpg","width":626,"height":417,"caption":"Consejeria Prematrimonial astoria new york florida"},{"@type":"BreadcrumbList","@id":"https:\/\/grgtherapy.com\/es\/consejeria-prematrimonial\/#breadcrumb","itemListElement":[{"@type":"ListItem","position":1,"name":"Home","item":"https:\/\/grgtherapy.com\/es\/"},{"@type":"ListItem","position":2,"name":"Consejer\u00eda Prematrimonial"}]},{"@type":"WebSite","@id":"https:\/\/grgtherapy.com\/#website","url":"https:\/\/grgtherapy.com\/","name":"Gabriela Giuggioloni","description":"Gabriela Giuggioloni","publisher":{"@id":"https:\/\/grgtherapy.com\/#organization"},"potentialAction":[{"@type":"SearchAction","target":{"@type":"EntryPoint","urlTemplate":"https:\/\/grgtherapy.com\/?s={search_term_string}"},"query-input":{"@type":"PropertyValueSpecification","valueRequired":true,"valueName":"search_term_string"}}],"inLanguage":"es"},{"@type":"Organization","@id":"https:\/\/grgtherapy.com\/#organization","name":"GRG Therapy","url":"https:\/\/grgtherapy.com\/","logo":{"@type":"ImageObject","inLanguage":"es","@id":"https:\/\/grgtherapy.com\/#\/schema\/logo\/image\/","url":"https:\/\/grgtherapy.com\/wp-content\/uploads\/2019\/06\/grg-logo.png","contentUrl":"https:\/\/grgtherapy.com\/wp-content\/uploads\/2019\/06\/grg-logo.png","width":150,"height":64,"caption":"GRG Therapy"},"image":{"@id":"https:\/\/grgtherapy.com\/#\/schema\/logo\/image\/"},"sameAs":["https:\/\/www.facebook.com\/gabrielaRgiuggioloniLCSW\/","https:\/\/www.instagram.com\/nyctherapist_gabriela\/","https:\/\/www.linkedin.com\/in\/gabriela-giuggioloni-ma-lcsw-r-6015ab26\/"]}]}},"_links":{"self":[{"href":"https:\/\/grgtherapy.com\/es\/wp-json\/wp\/v2\/pages\/1575","targetHints":{"allow":["GET"]}}],"collection":[{"href":"https:\/\/grgtherapy.com\/es\/wp-json\/wp\/v2\/pages"}],"about":[{"href":"https:\/\/grgtherapy.com\/es\/wp-json\/wp\/v2\/types\/page"}],"author":[{"embeddable":true,"href":"https:\/\/grgtherapy.com\/es\/wp-json\/wp\/v2\/users\/1"}],"replies":[{"embeddable":true,"href":"https:\/\/grgtherapy.com\/es\/wp-json\/wp\/v2\/comments?post=1575"}],"version-history":[{"count":21,"href":"https:\/\/grgtherapy.com\/es\/wp-json\/wp\/v2\/pages\/1575\/revisions"}],"predecessor-version":[{"id":2396,"href":"https:\/\/grgtherapy.com\/es\/wp-json\/wp\/v2\/pages\/1575\/revisions\/2396"}],"wp:featuredmedia":[{"embeddable":true,"href":"https:\/\/grgtherapy.com\/es\/wp-json\/wp\/v2\/media\/1573"}],"wp:attachment":[{"href":"https:\/\/grgtherapy.com\/es\/wp-json\/wp\/v2\/media?parent=1575"}],"curies":[{"name":"wp","href":"https:\/\/api.w.org\/{rel}","templated":true}]}}