{"id":470,"date":"2019-01-15T21:19:42","date_gmt":"2019-01-15T21:19:42","guid":{"rendered":"https:\/\/grgtherapy.com\/?page_id=470"},"modified":"2023-12-13T13:17:32","modified_gmt":"2023-12-13T18:17:32","slug":"terapia-de-familia","status":"publish","type":"page","link":"https:\/\/grgtherapy.com\/es\/terapia-de-familia\/","title":{"rendered":"Terapia de Familia"},"content":{"rendered":"<div class=\"wpb-content-wrapper\"><p>[vc_row css_animation=\u00bb\u00bb row_type=\u00bbrow\u00bb use_row_as_full_screen_section=\u00bbno\u00bb type=\u00bbgrid\u00bb angled_section=\u00bbno\u00bb text_align=\u00bbleft\u00bb background_image_as_pattern=\u00bbwithout_pattern\u00bb css=\u00bb.vc_custom_1620842435317{background-color: #f7f7f7 !important;}\u00bb z_index=\u00bb\u00bb][vc_column css_animation=\u00bbfadeIn\u00bb width=\u00bb1\/2&#8243; css=\u00bb.vc_custom_1547579631437{margin-top: 20px !important;}\u00bb][vc_column_text css=\u00bb.vc_custom_1592587537800{margin-top: 30px !important;margin-bottom: 20px !important;}\u00bb]<img loading=\"lazy\" decoding=\"async\" class=\"aligncenter wp-image-57 size-full\" src=\"https:\/\/grgtherapy.com\/wp-content\/uploads\/2018\/02\/home-custom-icon-4.png\" alt=\"terapia de familia\" width=\"144\" height=\"105\" \/>[\/vc_column_text][vc_column_text]<\/p>\n<h1 style=\"text-align: center;\">TERAPIA DE <span class=\"ColorOrange\"><br \/>\nFAMILIA <\/span><\/h1>\n<p>[\/vc_column_text][vc_separator type=\u00bbsmall\u00bb position=\u00bbcenter\u00bb color=\u00bb#000000&#8243; thickness=\u00bb6&#8243; width=\u00bb105&#8243; up=\u00bb38&#8243;][vc_column_text]<\/p>\n<p style=\"text-align: justify;\">Cultivar relaciones saludables en entornos familiares no siempre es algo natural y muchas veces se necesita trabajo.<\/p>\n<p>&nbsp;<\/p>\n<p style=\"text-align: justify;\">Las familias tienden a pasar por varias fases y etapas, lo que tambi\u00e9n incluye momentos dif\u00edciles debido a ira, estr\u00e9s, agotamiento, perdidas dolorosas, enfermedades cr\u00f3nicas, etc. Tambi\u00e9n es com\u00fan ver a miembros de una familia guardando rencor o sinti\u00e9ndose rechazados. La terapia de familia da la oportunidad de identificar problemas y trabajar en soluciones con todos los miembros de una familia que deseen participar de las sesiones familiares.<\/p>\n<p>[\/vc_column_text][\/vc_column][vc_column width=\u00bb1\/2&#8243;][vc_single_image image=\u00bb1852&#8243; img_size=\u00bbfull\u00bb style=\u00bbvc_box_shadow\u00bb qode_css_animation=\u00bb\u00bb css=\u00bb.vc_custom_1620843192301{padding-top: 32px !important;}\u00bb][vc_empty_space][\/vc_column][\/vc_row][vc_row css_animation=\u00bb\u00bb row_type=\u00bbrow\u00bb use_row_as_full_screen_section=\u00bbno\u00bb type=\u00bbgrid\u00bb angled_section=\u00bbno\u00bb text_align=\u00bbleft\u00bb background_image_as_pattern=\u00bbwithout_pattern\u00bb z_index=\u00bb\u00bb css=\u00bb.vc_custom_1620843525170{margin-bottom: -60px !important;background-color: #f7f7f7 !important;}\u00bb][vc_column width=\u00bb1\/6&#8243;][\/vc_column][vc_column css_animation=\u00bbfadeIn\u00bb width=\u00bb5\/6&#8243; el_class=\u00bbContBlancoSeguro\u00bb css=\u00bb.vc_custom_1620842398999{background-color: #ffffff !important;border-radius: 10px !important;}\u00bb][vc_column_text]<\/p>\n<p style=\"text-align: center;\">La consejer\u00eda de familia es una forma de psicoterapia que involucra a miembros de una familia inmediata o extensa que se unen para lograr un objetivo com\u00fan. Los problemas dentro de una familia pueden resolverse si los miembros de su familia est\u00e1n dispuestos a trabajar conjuntamente en sesiones familiares. La <a href=\"https:\/\/grgtherapy.com\/es\/psicoterapia-individual\/\"><span style=\"color: #dc5527;\">terapia individual<\/span><\/a> o la<a href=\"https:\/\/grgtherapy.com\/es\/terapia-de-pareja\/\"><span style=\"color: #dc5527;\"> terapia de pareja<\/span><\/a> tambi\u00e9n pueden ser excelentes opciones para mejorar problemas familiares.<\/p>\n<p>[\/vc_column_text][vc_separator type=\u00bbsmall\u00bb position=\u00bbcenter\u00bb color=\u00bb#dc5500&#8243; thickness=\u00bb2&#8243; width=\u00bb105&#8243; up=\u00bb15&#8243;][\/vc_column][\/vc_row][vc_row css_animation=\u00bb\u00bb row_type=\u00bbrow\u00bb use_row_as_full_screen_section=\u00bbno\u00bb type=\u00bbgrid\u00bb angled_section=\u00bbno\u00bb text_align=\u00bbleft\u00bb background_image_as_pattern=\u00bbwithout_pattern\u00bb z_index=\u00bb\u00bb css=\u00bb.vc_custom_1620844505069{background-color: #f5e1d9 !important;}\u00bb][vc_column width=\u00bb1\/2&#8243;][vc_empty_space height=\u00bb100&#8243;][vc_column_text]<\/p>\n<h3 style=\"text-align: center;\"><span style=\"color: #000000;\">\u00bfC\u00f3mo ayuda a la Terapia de Familia?<\/span><\/h3>\n<p>[\/vc_column_text][vc_separator type=\u00bbsmall\u00bb position=\u00bbcenter\u00bb color=\u00bb#dc5500&#8243; thickness=\u00bb2&#8243; width=\u00bb105&#8243; up=\u00bb15&#8243;][\/vc_column][vc_column width=\u00bb1\/2&#8243; css=\u00bb.vc_custom_1620844439617{margin-top: 20px !important;}\u00bb][vc_column_text]<\/p>\n<p style=\"text-align: justify;\">La terapia familiar es muy \u00fatil para ayudar a resolver conflictos en el hogar, mejorar la comunicaci\u00f3n entre los miembros de la familia y tambi\u00e9n ayudar si alg\u00fan miembro requiere atenci\u00f3n especial. Esto podr\u00eda ser una enfermedad f\u00edsica o mental grave, problemas de comportamiento de los ni\u00f1os, enfermedad o muerte en la familia. Trabajo y apoyo a todos y cada uno de los miembros de una familia para asegurarme de que nadie se sienta abrumado, desplazado o frustrado.<\/p>\n<p>&nbsp;<\/p>\n<p style=\"text-align: justify;\">Para lograr los objetivos familiares, identificaremos problemas, din\u00e1micas y obst\u00e1culos. Luego elaboraremos un plan de tratamiento para ayudar a su familia durante el proceso.<\/p>\n<p>[\/vc_column_text][vc_empty_space height=\u00bb32&#8243;][\/vc_column][\/vc_row][vc_row css_animation=\u00bb\u00bb row_type=\u00bbrow\u00bb use_row_as_full_screen_section=\u00bbno\u00bb type=\u00bbfull_width\u00bb angled_section=\u00bbno\u00bb text_align=\u00bbleft\u00bb background_image_as_pattern=\u00bbwithout_pattern\u00bb css=\u00bb.vc_custom_1620843646764{padding-top: 50px !important;padding-bottom: 50px !important;background-color: #f7f7f7 !important;}\u00bb z_index=\u00bb\u00bb][vc_column css_animation=\u00bbfadeIn\u00bb][vc_column_text css=\u00bb.vc_custom_1620762835309{margin-bottom: 70px !important;}\u00bb]<\/p>\n<h3 style=\"text-align: center;\"><strong>Beneficios de la Terapia de Familia<\/strong><\/h3>\n<p>[\/vc_column_text][vc_row_inner row_type=\u00bbrow\u00bb type=\u00bbgrid\u00bb text_align=\u00bbleft\u00bb css_animation=\u00bb\u00bb][vc_column_inner width=\u00bb1\/2&#8243;]<div class='q_list circle animate_list'><\/p>\n<ul>\n<li>Proporciona un espacio seguro para la autoexpresi\u00f3n.<\/li>\n<li>Interviene en la din\u00e1mica familiar y el rol de cada miembro.<\/li>\n<li>Ayuda a identificar problemas personales y familiares.<\/li>\n<\/ul>\n<p><\/div>[\/vc_column_inner][vc_column_inner width=\u00bb1\/2&#8243;]<div class='q_list circle animate_list'><\/p>\n<ul>\n<li>Promueve el cambio, la comunicaci\u00f3n y los l\u00edmites saludables.<\/li>\n<li>Ayuda a los miembros de la familia a comprender y manejar determinadas situaciones familiares.<\/li>\n<\/ul>\n<p><\/div>[\/vc_column_inner][\/vc_row_inner][\/vc_column][\/vc_row][vc_row css_animation=\u00bb\u00bb row_type=\u00bbrow\u00bb use_row_as_full_screen_section=\u00bbno\u00bb type=\u00bbgrid\u00bb angled_section=\u00bbno\u00bb text_align=\u00bbleft\u00bb background_image_as_pattern=\u00bbwithout_pattern\u00bb z_index=\u00bb\u00bb css=\u00bb.vc_custom_1620843674894{background-color: #f7f7f7 !important;}\u00bb][vc_column css_animation=\u00bbfadeIn\u00bb el_class=\u00bbContBlancoSeguro\u00bb css=\u00bb.vc_custom_1547579660619{background-color: #ffffff !important;border-radius: 10px !important;}\u00bb][vc_column_text]<\/p>\n<h2 style=\"text-align: center;\">RAZONES POR LAS QUE LAS FAMILIAS BUSCAN<\/h2>\n<p>[\/vc_column_text][vc_column_text]<\/p>\n<h2 style=\"text-align: center;\"><strong><span class=\"ColorOrange\">TERAPIA DE FAMILIA<\/span><\/strong><\/h2>\n<p>[\/vc_column_text][vc_separator type=\u00bbsmall\u00bb position=\u00bbcenter\u00bb color=\u00bb#dc5500&#8243; thickness=\u00bb2&#8243; width=\u00bb105&#8243; up=\u00bb15&#8243;][\/vc_column][\/vc_row][vc_row css_animation=\u00bb\u00bb row_type=\u00bbrow\u00bb use_row_as_full_screen_section=\u00bbno\u00bb type=\u00bbfull_width\u00bb angled_section=\u00bbno\u00bb text_align=\u00bbleft\u00bb background_image_as_pattern=\u00bbwithout_pattern\u00bb css=\u00bb.vc_custom_1620843807612{margin-top: -60px !important;background-color: #f5e1d9 !important;}\u00bb z_index=\u00bb\u00bb][vc_column css_animation=\u00bbfadeIn\u00bb css=\u00bb.vc_custom_1547752292947{padding-top: 44px !important;padding-bottom: 44px !important;}\u00bb el_class=\u00bbColumnListTemas\u00bb][vc_row_inner row_type=\u00bbrow\u00bb type=\u00bbgrid\u00bb text_align=\u00bbleft\u00bb padding_top=\u00bb30&#8243; css_animation=\u00bb\u00bb][vc_column_inner width=\u00bb1\/3&#8243;][vc_column_text]<\/p>\n<ul class=\"ListServices\">\n<li><i class=\"qode_icon_font_awesome fa fa-check-circle qode_icon_element IconServices\"><\/i>Toma de decisiones importantes sobre padres o abuelos<\/li>\n<li><i class=\"qode_icon_font_awesome fa fa-check-circle qode_icon_element IconServices\"><\/i>Rivalidad entre hermanos<\/li>\n<li><i class=\"qode_icon_font_awesome fa fa-check-circle qode_icon_element IconServices\"><\/i>Problemas de herencia<\/li>\n<\/ul>\n<p>[\/vc_column_text][\/vc_column_inner][vc_column_inner width=\u00bb1\/3&#8243;][vc_column_text]<\/p>\n<ul class=\"ListServices\">\n<li><i class=\"qode_icon_font_awesome fa fa-check-circle qode_icon_element IconServices\"><\/i>Crisis familiar por eventos inesperados como p\u00e9rdida\/enfermedad\/problemas migratorios, entre otros<\/li>\n<li><i class=\"qode_icon_font_awesome fa fa-check-circle qode_icon_element IconServices\"><\/i>Problemas en el comportamiento de ni\u00f1os\/adolescentes y problemas de crianza<\/li>\n<\/ul>\n<p>[\/vc_column_text][\/vc_column_inner][vc_column_inner width=\u00bb1\/3&#8243;][vc_column_text]<\/p>\n<ul class=\"ListServices\">\n<li><i class=\"qode_icon_font_awesome fa fa-check-circle qode_icon_element IconServices\"><\/i>Problemas en la din\u00e1mica familiar<\/li>\n<li><i class=\"qode_icon_font_awesome fa fa-check-circle qode_icon_element IconServices\"><\/i>Familias no convencionales<\/li>\n<\/ul>\n<p>[\/vc_column_text][\/vc_column_inner][\/vc_row_inner][\/vc_column][\/vc_row][vc_row css_animation=\u00bb\u00bb row_type=\u00bbrow\u00bb use_row_as_full_screen_section=\u00bbyes\u00bb type=\u00bbgrid\u00bb angled_section=\u00bbno\u00bb text_align=\u00bbleft\u00bb background_image_as_pattern=\u00bbwithout_pattern\u00bb css=\u00bb.vc_custom_1547500212554{padding-top: 60px !important;padding-bottom: 60px !important;background-color: #f6f6f6 !important;}\u00bb z_index=\u00bb\u00bb][vc_column css_animation=\u00bbfadeIn\u00bb][vc_row_inner row_type=\u00bbrow\u00bb type=\u00bbgrid\u00bb text_align=\u00bbleft\u00bb css_animation=\u00bb\u00bb css=\u00bb.vc_custom_1547233654078{padding-top: 70px !important;padding-bottom: 70px !important;background-color: #f9f9f9 !important;}\u00bb el_class=\u00bbContBlancoSeguro\u00bb][vc_column_inner width=\u00bb1\/6&#8243;][\/vc_column_inner][vc_column_inner width=\u00bb2\/3&#8243;][vc_column_text]<\/p>\n<h3 style=\"text-align: center;\"><span style=\"color: #dc5527;\">\u00bfC\u00f3mo hacer una cita?<\/span><\/h3>\n<p>[\/vc_column_text][vc_column_text css=\u00bb.vc_custom_1702491439079{margin-top: 20px !important;}\u00bb]<\/p>\n<p style=\"text-align: center;\">Si est\u00e1 dispuesto y se siente listo para hacer terapia, comience por hacer una consulta o comun\u00edquese conmigo si tiene m\u00e1s preguntas. Ofrezco sesiones virtuales o<span style=\"color: #dc5527;\"> <a style=\"color: #dc5527;\" href=\"https:\/\/grgtherapy.com\/es\/teleterapia-terapia-virtual\/\"><u>teleterapia<\/u> <\/a><\/span>en el estado de Florida, el estado de New York y el resto del mundo.<\/p>\n<p style=\"text-align: center;\">Acepto el seguro Aetna para <span style=\"color: #dc5527;\"><a style=\"color: #dc5527;\" href=\"https:\/\/grgtherapy.com\/es\/psicoterapia-individual\/\"><u>terapia individual <\/u><\/a><\/span>solo en <a href=\"https:\/\/en.wikipedia.org\/wiki\/New_York\">New York<\/a>, si ud. tiene otro seguro en NY, comun\u00edquese con ellos para saber si tiene beneficios fuera de la red. No tomo ning\u00fan seguro del estado de Florida. Tenga en cuenta que los seguros de salud no cubren la<span style=\"color: #dc5527;\"><a style=\"color: #dc5527;\" href=\"https:\/\/grgtherapy.com\/es\/consejeria-prematrimonial\/\"> <u>consejer\u00eda prematrimonial<\/u><\/a> <\/span>ni la <span style=\"color: #dc5527;\"><a style=\"color: #dc5527;\" href=\"https:\/\/grgtherapy.com\/es\/terapia-de-pareja\/\"><u>terapia de pareja<\/u><\/a><\/span>. Para solicitar m\u00e1s informaci\u00f3n y reservar una sesi\u00f3n, complete el <span style=\"color: #dc5527;\"><a style=\"color: #dc5527;\" href=\"https:\/\/grgtherapy.com\/es\/contacto\/\">formulario de contacto<\/a><\/span> o ll\u00e1meme directamente al +1 (917) 370 3474<\/p>\n<div id=\"gtx-trans\" style=\"position: absolute; left: 478px; top: 78.6667px;\">\n<div class=\"gtx-trans-icon\"><\/div>\n<\/div>\n<p>[\/vc_column_text][\/vc_column_inner][vc_column_inner width=\u00bb1\/6&#8243;][\/vc_column_inner][\/vc_row_inner][\/vc_column][\/vc_row][vc_row css_animation=\u00bb\u00bb row_type=\u00bbrow\u00bb use_row_as_full_screen_section=\u00bbno\u00bb type=\u00bbgrid\u00bb angled_section=\u00bbno\u00bb text_align=\u00bbleft\u00bb background_image_as_pattern=\u00bbwithout_pattern\u00bb z_index=\u00bb\u00bb css=\u00bb.vc_custom_1547572531173{margin-bottom: 50px !important;}\u00bb][vc_column css_animation=\u00bbfadeIn\u00bb][vc_column_text css=\u00bb.vc_custom_1550251387398{margin-bottom: 30px !important;}\u00bb]<\/p>\n<p style=\"text-align: center;\">Proveo <span class=\"ColorOrangeBold\">teleterapia o sesiones telef\u00f3nicas<\/span> en determinados casos.<br \/>\nPuede comunicarse por email o tel\u00e9fono para solicitar m\u00e1s informaci\u00f3n sobre este servicio. <span class=\"ColorOrangeBold\">( 917 ) 370 3474<\/span><\/p>\n<p>[\/vc_column_text][\/vc_column][\/vc_row]<\/p>\n<\/div>","protected":false},"excerpt":{"rendered":"<p>[vc_row css_animation=\u00bb\u00bb row_type=\u00bbrow\u00bb use_row_as_full_screen_section=\u00bbno\u00bb type=\u00bbgrid\u00bb angled_section=\u00bbno\u00bb text_align=\u00bbleft\u00bb background_image_as_pattern=\u00bbwithout_pattern\u00bb css=\u00bb.vc_custom_1620842435317{background-color: #f7f7f7 !important;}\u00bb z_index=\u00bb\u00bb][vc_column css_animation=\u00bbfadeIn\u00bb width=\u00bb1\/2&#8243; css=\u00bb.vc_custom_1547579631437{margin-top: 20px !important;}\u00bb][vc_column_text css=\u00bb.vc_custom_1592587537800{margin-top: 30px !important;margin-bottom: 20px !important;}\u00bb][\/vc_column_text][vc_column_text] TERAPIA DE FAMILIA [\/vc_column_text][vc_separator type=\u00bbsmall\u00bb position=\u00bbcenter\u00bb color=\u00bb#000000&#8243; thickness=\u00bb6&#8243; width=\u00bb105&#8243; up=\u00bb38&#8243;][vc_column_text] Cultivar relaciones saludables en entornos familiares no siempre es algo natural y muchas&#8230;<\/p>\n","protected":false},"author":1,"featured_media":0,"parent":0,"menu_order":0,"comment_status":"closed","ping_status":"closed","template":"full_width.php","meta":{"footnotes":""},"class_list":["post-470","page","type-page","status-publish","hentry"],"yoast_head":"<!-- This site is optimized with the Yoast SEO Premium plugin v18.0 (Yoast SEO v27.2) - https:\/\/yoast.com\/product\/yoast-seo-premium-wordpress\/ -->\n<title>Terapia de familia para proveer un espacio seguro - Gabriela Giuggioloni<\/title>\n<meta name=\"description\" content=\"Terapia de familia en Astoria, NY y Florida. Comportamiento de ni\u00f1os y adolescentes, problemas de crianza. Familias no convencionales.\" \/>\n<meta name=\"robots\" content=\"index, follow, max-snippet:-1, max-image-preview:large, max-video-preview:-1\" \/>\n<link rel=\"canonical\" href=\"https:\/\/grgtherapy.com\/es\/terapia-de-familia\/\" \/>\n<meta property=\"og:locale\" content=\"es_ES\" \/>\n<meta property=\"og:type\" content=\"article\" \/>\n<meta property=\"og:title\" content=\"Terapia de Familia\" \/>\n<meta property=\"og:description\" content=\"Terapia de familia en Astoria, NY y Florida. Comportamiento de ni\u00f1os y adolescentes, problemas de crianza. Familias no convencionales.\" \/>\n<meta property=\"og:url\" content=\"https:\/\/grgtherapy.com\/es\/terapia-de-familia\/\" \/>\n<meta property=\"og:site_name\" content=\"Gabriela Giuggioloni\" \/>\n<meta property=\"article:publisher\" content=\"https:\/\/www.facebook.com\/gabrielaRgiuggioloniLCSW\/\" \/>\n<meta property=\"article:modified_time\" content=\"2023-12-13T18:17:32+00:00\" \/>\n<meta property=\"og:image\" content=\"https:\/\/grgtherapy.com\/wp-content\/uploads\/2018\/02\/home-custom-icon-4.png\" \/>\n<meta name=\"twitter:card\" content=\"summary_large_image\" \/>\n<meta name=\"twitter:label1\" content=\"Tiempo de lectura\" \/>\n\t<meta name=\"twitter:data1\" content=\"4 minutos\" \/>\n<script type=\"application\/ld+json\" class=\"yoast-schema-graph\">{\"@context\":\"https:\/\/schema.org\",\"@graph\":[{\"@type\":\"WebPage\",\"@id\":\"https:\/\/grgtherapy.com\/es\/terapia-de-familia\/\",\"url\":\"https:\/\/grgtherapy.com\/es\/terapia-de-familia\/\",\"name\":\"Terapia de familia para proveer un espacio seguro - Gabriela Giuggioloni\",\"isPartOf\":{\"@id\":\"https:\/\/grgtherapy.com\/#website\"},\"primaryImageOfPage\":{\"@id\":\"https:\/\/grgtherapy.com\/es\/terapia-de-familia\/#primaryimage\"},\"image\":{\"@id\":\"https:\/\/grgtherapy.com\/es\/terapia-de-familia\/#primaryimage\"},\"thumbnailUrl\":\"https:\/\/grgtherapy.com\/wp-content\/uploads\/2018\/02\/home-custom-icon-4.png\",\"datePublished\":\"2019-01-15T21:19:42+00:00\",\"dateModified\":\"2023-12-13T18:17:32+00:00\",\"description\":\"Terapia de familia en Astoria, NY y Florida. Comportamiento de ni\u00f1os y adolescentes, problemas de crianza. Familias no convencionales.\",\"breadcrumb\":{\"@id\":\"https:\/\/grgtherapy.com\/es\/terapia-de-familia\/#breadcrumb\"},\"inLanguage\":\"es\",\"potentialAction\":[{\"@type\":\"ReadAction\",\"target\":[\"https:\/\/grgtherapy.com\/es\/terapia-de-familia\/\"]}]},{\"@type\":\"ImageObject\",\"inLanguage\":\"es\",\"@id\":\"https:\/\/grgtherapy.com\/es\/terapia-de-familia\/#primaryimage\",\"url\":\"https:\/\/grgtherapy.com\/wp-content\/uploads\/2018\/02\/home-custom-icon-4.png\",\"contentUrl\":\"https:\/\/grgtherapy.com\/wp-content\/uploads\/2018\/02\/home-custom-icon-4.png\"},{\"@type\":\"BreadcrumbList\",\"@id\":\"https:\/\/grgtherapy.com\/es\/terapia-de-familia\/#breadcrumb\",\"itemListElement\":[{\"@type\":\"ListItem\",\"position\":1,\"name\":\"Home\",\"item\":\"https:\/\/grgtherapy.com\/es\/\"},{\"@type\":\"ListItem\",\"position\":2,\"name\":\"Terapia de Familia\"}]},{\"@type\":\"WebSite\",\"@id\":\"https:\/\/grgtherapy.com\/#website\",\"url\":\"https:\/\/grgtherapy.com\/\",\"name\":\"Gabriela Giuggioloni\",\"description\":\"Gabriela Giuggioloni\",\"publisher\":{\"@id\":\"https:\/\/grgtherapy.com\/#organization\"},\"potentialAction\":[{\"@type\":\"SearchAction\",\"target\":{\"@type\":\"EntryPoint\",\"urlTemplate\":\"https:\/\/grgtherapy.com\/?s={search_term_string}\"},\"query-input\":{\"@type\":\"PropertyValueSpecification\",\"valueRequired\":true,\"valueName\":\"search_term_string\"}}],\"inLanguage\":\"es\"},{\"@type\":\"Organization\",\"@id\":\"https:\/\/grgtherapy.com\/#organization\",\"name\":\"GRG Therapy\",\"url\":\"https:\/\/grgtherapy.com\/\",\"logo\":{\"@type\":\"ImageObject\",\"inLanguage\":\"es\",\"@id\":\"https:\/\/grgtherapy.com\/#\/schema\/logo\/image\/\",\"url\":\"https:\/\/grgtherapy.com\/wp-content\/uploads\/2019\/06\/grg-logo.png\",\"contentUrl\":\"https:\/\/grgtherapy.com\/wp-content\/uploads\/2019\/06\/grg-logo.png\",\"width\":150,\"height\":64,\"caption\":\"GRG Therapy\"},\"image\":{\"@id\":\"https:\/\/grgtherapy.com\/#\/schema\/logo\/image\/\"},\"sameAs\":[\"https:\/\/www.facebook.com\/gabrielaRgiuggioloniLCSW\/\",\"https:\/\/www.instagram.com\/nyctherapist_gabriela\/\",\"https:\/\/www.linkedin.com\/in\/gabriela-giuggioloni-ma-lcsw-r-6015ab26\/\"]}]}<\/script>\n<!-- \/ Yoast SEO Premium plugin. -->","yoast_head_json":{"title":"Terapia de familia para proveer un espacio seguro - Gabriela Giuggioloni","description":"Terapia de familia en Astoria, NY y Florida. Comportamiento de ni\u00f1os y adolescentes, problemas de crianza. Familias no convencionales.","robots":{"index":"index","follow":"follow","max-snippet":"max-snippet:-1","max-image-preview":"max-image-preview:large","max-video-preview":"max-video-preview:-1"},"canonical":"https:\/\/grgtherapy.com\/es\/terapia-de-familia\/","og_locale":"es_ES","og_type":"article","og_title":"Terapia de Familia","og_description":"Terapia de familia en Astoria, NY y Florida. Comportamiento de ni\u00f1os y adolescentes, problemas de crianza. Familias no convencionales.","og_url":"https:\/\/grgtherapy.com\/es\/terapia-de-familia\/","og_site_name":"Gabriela Giuggioloni","article_publisher":"https:\/\/www.facebook.com\/gabrielaRgiuggioloniLCSW\/","article_modified_time":"2023-12-13T18:17:32+00:00","og_image":[{"url":"https:\/\/grgtherapy.com\/wp-content\/uploads\/2018\/02\/home-custom-icon-4.png","type":"","width":"","height":""}],"twitter_card":"summary_large_image","twitter_misc":{"Tiempo de lectura":"4 minutos"},"schema":{"@context":"https:\/\/schema.org","@graph":[{"@type":"WebPage","@id":"https:\/\/grgtherapy.com\/es\/terapia-de-familia\/","url":"https:\/\/grgtherapy.com\/es\/terapia-de-familia\/","name":"Terapia de familia para proveer un espacio seguro - Gabriela Giuggioloni","isPartOf":{"@id":"https:\/\/grgtherapy.com\/#website"},"primaryImageOfPage":{"@id":"https:\/\/grgtherapy.com\/es\/terapia-de-familia\/#primaryimage"},"image":{"@id":"https:\/\/grgtherapy.com\/es\/terapia-de-familia\/#primaryimage"},"thumbnailUrl":"https:\/\/grgtherapy.com\/wp-content\/uploads\/2018\/02\/home-custom-icon-4.png","datePublished":"2019-01-15T21:19:42+00:00","dateModified":"2023-12-13T18:17:32+00:00","description":"Terapia de familia en Astoria, NY y Florida. Comportamiento de ni\u00f1os y adolescentes, problemas de crianza. Familias no convencionales.","breadcrumb":{"@id":"https:\/\/grgtherapy.com\/es\/terapia-de-familia\/#breadcrumb"},"inLanguage":"es","potentialAction":[{"@type":"ReadAction","target":["https:\/\/grgtherapy.com\/es\/terapia-de-familia\/"]}]},{"@type":"ImageObject","inLanguage":"es","@id":"https:\/\/grgtherapy.com\/es\/terapia-de-familia\/#primaryimage","url":"https:\/\/grgtherapy.com\/wp-content\/uploads\/2018\/02\/home-custom-icon-4.png","contentUrl":"https:\/\/grgtherapy.com\/wp-content\/uploads\/2018\/02\/home-custom-icon-4.png"},{"@type":"BreadcrumbList","@id":"https:\/\/grgtherapy.com\/es\/terapia-de-familia\/#breadcrumb","itemListElement":[{"@type":"ListItem","position":1,"name":"Home","item":"https:\/\/grgtherapy.com\/es\/"},{"@type":"ListItem","position":2,"name":"Terapia de Familia"}]},{"@type":"WebSite","@id":"https:\/\/grgtherapy.com\/#website","url":"https:\/\/grgtherapy.com\/","name":"Gabriela Giuggioloni","description":"Gabriela Giuggioloni","publisher":{"@id":"https:\/\/grgtherapy.com\/#organization"},"potentialAction":[{"@type":"SearchAction","target":{"@type":"EntryPoint","urlTemplate":"https:\/\/grgtherapy.com\/?s={search_term_string}"},"query-input":{"@type":"PropertyValueSpecification","valueRequired":true,"valueName":"search_term_string"}}],"inLanguage":"es"},{"@type":"Organization","@id":"https:\/\/grgtherapy.com\/#organization","name":"GRG Therapy","url":"https:\/\/grgtherapy.com\/","logo":{"@type":"ImageObject","inLanguage":"es","@id":"https:\/\/grgtherapy.com\/#\/schema\/logo\/image\/","url":"https:\/\/grgtherapy.com\/wp-content\/uploads\/2019\/06\/grg-logo.png","contentUrl":"https:\/\/grgtherapy.com\/wp-content\/uploads\/2019\/06\/grg-logo.png","width":150,"height":64,"caption":"GRG Therapy"},"image":{"@id":"https:\/\/grgtherapy.com\/#\/schema\/logo\/image\/"},"sameAs":["https:\/\/www.facebook.com\/gabrielaRgiuggioloniLCSW\/","https:\/\/www.instagram.com\/nyctherapist_gabriela\/","https:\/\/www.linkedin.com\/in\/gabriela-giuggioloni-ma-lcsw-r-6015ab26\/"]}]}},"_links":{"self":[{"href":"https:\/\/grgtherapy.com\/es\/wp-json\/wp\/v2\/pages\/470","targetHints":{"allow":["GET"]}}],"collection":[{"href":"https:\/\/grgtherapy.com\/es\/wp-json\/wp\/v2\/pages"}],"about":[{"href":"https:\/\/grgtherapy.com\/es\/wp-json\/wp\/v2\/types\/page"}],"author":[{"embeddable":true,"href":"https:\/\/grgtherapy.com\/es\/wp-json\/wp\/v2\/users\/1"}],"replies":[{"embeddable":true,"href":"https:\/\/grgtherapy.com\/es\/wp-json\/wp\/v2\/comments?post=470"}],"version-history":[{"count":29,"href":"https:\/\/grgtherapy.com\/es\/wp-json\/wp\/v2\/pages\/470\/revisions"}],"predecessor-version":[{"id":3000,"href":"https:\/\/grgtherapy.com\/es\/wp-json\/wp\/v2\/pages\/470\/revisions\/3000"}],"wp:attachment":[{"href":"https:\/\/grgtherapy.com\/es\/wp-json\/wp\/v2\/media?parent=470"}],"curies":[{"name":"wp","href":"https:\/\/api.w.org\/{rel}","templated":true}]}}