{"id":475,"date":"2019-01-15T21:34:20","date_gmt":"2019-01-15T21:34:20","guid":{"rendered":"https:\/\/grgtherapy.com\/?page_id=475"},"modified":"2023-12-13T12:48:17","modified_gmt":"2023-12-13T17:48:17","slug":"evaluaciones-para-inmigracion","status":"publish","type":"page","link":"https:\/\/grgtherapy.com\/es\/evaluaciones-para-inmigracion\/","title":{"rendered":"Evaluaciones para inmigraci\u00f3n"},"content":{"rendered":"<div class=\"wpb-content-wrapper\"><p>[vc_row css_animation=\u00bb\u00bb row_type=\u00bbrow\u00bb use_row_as_full_screen_section=\u00bbno\u00bb type=\u00bbgrid\u00bb angled_section=\u00bbno\u00bb text_align=\u00bbleft\u00bb background_image_as_pattern=\u00bbwithout_pattern\u00bb z_index=\u00bb\u00bb][vc_column css_animation=\u00bbfadeIn\u00bb width=\u00bb1\/2&#8243; css=\u00bb.vc_custom_1547652882544{margin-top: 20px !important;}\u00bb][vc_column_text css=\u00bb.vc_custom_1592586418054{margin-top: 30px !important;margin-bottom: 20px !important;}\u00bb]<img loading=\"lazy\" decoding=\"async\" class=\"aligncenter wp-image-348 size-full\" src=\"https:\/\/grgtherapy.com\/wp-content\/uploads\/2019\/01\/IconMigration.png\" alt=\"Evaluaciones para inmigraci\u00f3n\" width=\"144\" height=\"105\" \/>[\/vc_column_text][vc_column_text]<\/p>\n<h1 style=\"text-align: center;\">EVALUACIONES PARA <span class=\"ColorOrange\"><br \/>\nINMIGRACION<\/span><\/h1>\n<p>[\/vc_column_text][vc_separator type=\u00bbsmall\u00bb position=\u00bbcenter\u00bb color=\u00bb#000000&#8243; thickness=\u00bb6&#8243; width=\u00bb105&#8243; up=\u00bb38&#8243;][vc_column_text css=\u00bb.vc_custom_1702489641638{padding-right: 40px !important;padding-left: 40px !important;}\u00bb]<\/p>\n<p style=\"text-align: justify;\"><b>Realizo evaluaciones para algunos procesos de inmigraci\u00f3n.<\/b> Mi experiencia cl\u00ednica y el ser biling\u00fce, me permite <b>trabajar con diferentes comunidades y abogados<\/b> para buscar resultados exitosos en peticiones de inmigraci\u00f3n.<\/p>\n<p>&nbsp;<\/p>\n<p style=\"text-align: justify;\"><b>Las evaluaciones para inmigraci\u00f3n <\/b><b>son una herramienta esencial en ciertas solicitudes de <a href=\"https:\/\/en.wikipedia.org\/wiki\/United_States_Citizenship_and_Immigration_Services\">USCIS<\/a>.<\/b> Procedimientos que involucran <b>Dificultad extrema, <\/b><b>Violencia dom\u00e9stica (visa VAWA), V\u00edctima de cr\u00edmenes (visa U) y Asilo pol\u00edtico<\/b>, se benefician de una exhaustiva evaluaci\u00f3n psicosocial.<\/p>\n<div id=\"gtx-trans\" style=\"position: absolute; left: 30px; top: 189.667px;\">\n<div class=\"gtx-trans-icon\"><\/div>\n<\/div>\n<p>[\/vc_column_text][vc_empty_space][\/vc_column][vc_column css_animation=\u00bbfadeIn\u00bb width=\u00bb1\/2&#8243; css=\u00bb.vc_custom_1620847096354{padding-top: 120px !important;}\u00bb][vc_single_image image=\u00bb1884&#8243; img_size=\u00bbfull\u00bb style=\u00bbvc_box_shadow\u00bb qode_css_animation=\u00bb\u00bb][\/vc_column][\/vc_row][vc_row css_animation=\u00bb\u00bb row_type=\u00bbrow\u00bb use_row_as_full_screen_section=\u00bbno\u00bb type=\u00bbgrid\u00bb angled_section=\u00bbno\u00bb text_align=\u00bbleft\u00bb background_image_as_pattern=\u00bbwithout_pattern\u00bb css=\u00bb.vc_custom_1620844759601{background-color: #f5e1d9 !important;}\u00bb z_index=\u00bb\u00bb][vc_column css_animation=\u00bbfadeIn\u00bb width=\u00bb1\/2&#8243; css=\u00bb.vc_custom_1620844832520{padding-right: 0px !important;padding-left: 0px !important;background-position: center !important;background-repeat: no-repeat !important;background-size: cover !important;}\u00bb][vc_single_image image=\u00bb1882&#8243; img_size=\u00bbfull\u00bb style=\u00bbvc_box_shadow\u00bb qode_css_animation=\u00bb\u00bb css=\u00bb.vc_custom_1620846310237{padding-top: 80px !important;}\u00bb][\/vc_column][vc_column css_animation=\u00bbfadeIn\u00bb width=\u00bb1\/2&#8243; css=\u00bb.vc_custom_1547652875876{padding-top: 60px !important;padding-right: 0px !important;padding-left: 30px !important;}\u00bb][vc_accordion active_tab=\u00bb1&#8243; style=\u00bbaccordion\u00bb][vc_accordion_tab title=\u00bbDificultad extrema\u00bb title_tag=\u00bbh2&#8243;][vc_column_text]<\/p>\n<p style=\"text-align: justify;\">Las evaluaciones de Dificultad Extrema ayudan a evaluar <b>el impacto potencial que la deportaci\u00f3n de un inmigrante<\/b> pueda tener sobre un ciudadano o residente americano. Este inmigrante tiene que tener una relaci\u00f3n familiar directa con el ciudadano, ya sea esposo\/a, padre, madre o hijo\/a.<\/p>\n<p>&nbsp;<\/p>\n<p style=\"text-align: justify;\"><b>Es importante documentar y analizar diversos factores como historia personal, din\u00e1mica familiar, problemas m\u00e9dicos, problemas psicol\u00f3gicos, factores sociales\/financieros <\/b><b>entre muchos otros<\/b> a trav\u00e9s de una evaluaci\u00f3n comprensiva del ciudadano o residente.<\/p>\n<p>[\/vc_column_text][\/vc_accordion_tab][vc_accordion_tab title=\u00bbAsilo Pol\u00edtico\u00bb title_tag=\u00bbh2&#8243;][vc_column_text]<\/p>\n<p style=\"text-align: justify;\">Las evaluaciones psicosociales para Asilo Pol\u00edtico <b>son importantes para recolectar informaci\u00f3n sobre abuso o maltrato<\/b> y, para entender mejor el impacto psicol\u00f3gico que la privaci\u00f3n extrema, trauma psicol\u00f3gico, tortura y\/o estr\u00e9s psicol\u00f3gico puedan haber causado en el inmigrante como causa de conflictos pol\u00edticos o sociales en su pa\u00eds de origen. Estas evaluaciones son importantes para identificar un trauma potencial, des\u00f3rdenes mentales y TEPT.<\/p>\n<p>[\/vc_column_text][\/vc_accordion_tab][vc_accordion_tab title=\u00bbViolencia Dom\u00e9stica \u2013 Visa VAWA\u00bb title_tag=\u00bbh2&#8243;][vc_column_text]<\/p>\n<p style=\"text-align: justify;\"><b>La evaluaci\u00f3n psicosocial de Violencia Dom\u00e9stica <\/b>ayuda a determinar el impacto psicol\u00f3gico del abuso y a conocer si el abuso a\u00fan est\u00e1 presente. Esta evaluaci\u00f3n <b>es importante ya que el abuso puede no ser siempre obvio.<\/b> En casos de inmigraci\u00f3n, <b>las evaluaciones migratorias pueden ser cr\u00edticas para demostrar la existencia de violencia dom\u00e9stica o abuso<\/b>, los cuales pueden incluir: abuso f\u00edsico, verbal y\/o sexual.<\/p>\n<p>[\/vc_column_text][\/vc_accordion_tab][vc_accordion_tab title=\u00bbV\u00edctima de Cr\u00edmenes \u2013 Visa U\u00bb title_tag=\u00bbh2&#8243;][vc_column_text]<\/p>\n<p style=\"text-align: justify;\"><b>Ya que las v\u00edctimas de cr\u00edmenes suelen sufrir traumas severos y estr\u00e9s emocional; <\/b>una evaluaci\u00f3n psicosocial es importante en estos casos para<b> demostrar la complejidad del trauma o de cualquier otro desorden mental <\/b><b>o emocional.<\/b> Para ser candidato\/a para esta visa se debe<b>\u00a0haber sufrido de abuso f\u00edsico o mental severo como v\u00edctima de un crimen calificado<\/b> o, tener informaci\u00f3n importante sobre una investigaci\u00f3n en curso.<\/p>\n<p>[\/vc_column_text][\/vc_accordion_tab][\/vc_accordion][\/vc_column][\/vc_row][vc_row css_animation=\u00bb\u00bb row_type=\u00bbrow\u00bb use_row_as_full_screen_section=\u00bbyes\u00bb type=\u00bbgrid\u00bb angled_section=\u00bbno\u00bb text_align=\u00bbleft\u00bb background_image_as_pattern=\u00bbwithout_pattern\u00bb css=\u00bb.vc_custom_1547500212554{padding-top: 60px !important;padding-bottom: 60px !important;background-color: #f6f6f6 !important;}\u00bb z_index=\u00bb\u00bb][vc_column css_animation=\u00bbfadeIn\u00bb][vc_row_inner row_type=\u00bbrow\u00bb type=\u00bbgrid\u00bb text_align=\u00bbleft\u00bb css_animation=\u00bb\u00bb css=\u00bb.vc_custom_1547233654078{padding-top: 70px !important;padding-bottom: 70px !important;background-color: #f9f9f9 !important;}\u00bb el_class=\u00bbContBlancoSeguro\u00bb][vc_column_inner width=\u00bb1\/6&#8243;][\/vc_column_inner][vc_column_inner width=\u00bb2\/3&#8243;][vc_column_text]<\/p>\n<h3 style=\"text-align: center;\"><span style=\"color: #dc5527;\">\u00bfC\u00f3mo hacer una cita?<\/span><\/h3>\n<p>[\/vc_column_text][vc_column_text css=\u00bb.vc_custom_1639688346339{margin-top: 20px !important;}\u00bb]<\/p>\n<p style=\"text-align: center;\">Si est\u00e1 dispuesto y se siente listo para hacer terapia, comience por hacer una consulta o comun\u00edquese conmigo si tiene m\u00e1s preguntas. Ofrezco sesiones virtuales o<span style=\"color: #dc5527;\"> <a style=\"color: #dc5527;\" href=\"https:\/\/grgtherapy.com\/es\/teleterapia-terapia-virtual\/\"><u>teleterapia<\/u> <\/a><\/span>en el estado de Florida, el estado de New York y el resto del mundo.<\/p>\n<p style=\"text-align: center;\">Acepto el seguro Aetna para <span style=\"color: #dc5527;\"><a style=\"color: #dc5527;\" href=\"https:\/\/grgtherapy.com\/es\/psicoterapia-individual\/\"><u>terapia individual <\/u><\/a><\/span>solo en New York, si ud. tiene otro seguro en NY, comun\u00edquese con ellos para saber si tiene beneficios fuera de la red. No tomo ning\u00fan seguro del estado de Florida. Tenga en cuenta que los seguros de salud no cubren la<span style=\"color: #dc5527;\"><a style=\"color: #dc5527;\" href=\"https:\/\/grgtherapy.com\/es\/consejeria-prematrimonial\/\"> <u>consejer\u00eda prematrimonial<\/u><\/a> <\/span>ni la <span style=\"color: #dc5527;\"><a style=\"color: #dc5527;\" href=\"https:\/\/grgtherapy.com\/es\/terapia-de-pareja\/\"><u>terapia de pareja<\/u><\/a><\/span>. Para solicitar m\u00e1s informaci\u00f3n y reservar una sesi\u00f3n, complete el <span style=\"color: #dc5527;\"><a style=\"color: #dc5527;\" href=\"https:\/\/grgtherapy.com\/es\/contacto\/\">formulario de contacto<\/a><\/span> o ll\u00e1meme directamente al +1 (917) 370 3474<\/p>\n<p>[\/vc_column_text][\/vc_column_inner][vc_column_inner width=\u00bb1\/6&#8243;][\/vc_column_inner][\/vc_row_inner][\/vc_column][\/vc_row][vc_row css_animation=\u00bb\u00bb row_type=\u00bbrow\u00bb use_row_as_full_screen_section=\u00bbno\u00bb type=\u00bbgrid\u00bb angled_section=\u00bbno\u00bb text_align=\u00bbleft\u00bb background_image_as_pattern=\u00bbwithout_pattern\u00bb z_index=\u00bb\u00bb css=\u00bb.vc_custom_1547572531173{margin-bottom: 50px !important;}\u00bb][vc_column css_animation=\u00bbfadeIn\u00bb][vc_column_text css=\u00bb.vc_custom_1550251345809{margin-bottom: 30px !important;}\u00bb]<\/p>\n<p style=\"text-align: center;\">Proveo <span class=\"ColorOrangeBold\">teleterapia o sesiones telef\u00f3nicas<\/span> en determinados casos.<br \/>\nPuede comunicarse por email o tel\u00e9fono para solicitar m\u00e1s informaci\u00f3n sobre este servicio. <span class=\"ColorOrangeBold\">( 917 ) 370 3474<\/span><\/p>\n<p>[\/vc_column_text][\/vc_column][\/vc_row]<\/p>\n<\/div>","protected":false},"excerpt":{"rendered":"<p>[vc_row css_animation=\u00bb\u00bb row_type=\u00bbrow\u00bb use_row_as_full_screen_section=\u00bbno\u00bb type=\u00bbgrid\u00bb angled_section=\u00bbno\u00bb text_align=\u00bbleft\u00bb background_image_as_pattern=\u00bbwithout_pattern\u00bb z_index=\u00bb\u00bb][vc_column css_animation=\u00bbfadeIn\u00bb width=\u00bb1\/2&#8243; css=\u00bb.vc_custom_1547652882544{margin-top: 20px !important;}\u00bb][vc_column_text css=\u00bb.vc_custom_1592586418054{margin-top: 30px !important;margin-bottom: 20px !important;}\u00bb][\/vc_column_text][vc_column_text] EVALUACIONES PARA INMIGRACION [\/vc_column_text][vc_separator type=\u00bbsmall\u00bb position=\u00bbcenter\u00bb color=\u00bb#000000&#8243; thickness=\u00bb6&#8243; width=\u00bb105&#8243; up=\u00bb38&#8243;][vc_column_text css=\u00bb.vc_custom_1702489641638{padding-right: 40px !important;padding-left: 40px !important;}\u00bb] Realizo evaluaciones para algunos procesos de inmigraci\u00f3n. Mi experiencia cl\u00ednica y&#8230;<\/p>\n","protected":false},"author":1,"featured_media":1534,"parent":0,"menu_order":0,"comment_status":"closed","ping_status":"closed","template":"full_width.php","meta":{"footnotes":""},"class_list":["post-475","page","type-page","status-publish","has-post-thumbnail","hentry"],"yoast_head":"<!-- This site is optimized with the Yoast SEO Premium plugin v18.0 (Yoast SEO v27.2) - https:\/\/yoast.com\/product\/yoast-seo-premium-wordpress\/ -->\n<title>Evaluaciones para Inmigraci\u00f3n USCIS - Gabriela Giuggioloni<\/title>\n<meta name=\"description\" content=\"Evaluaciones para inmigraci\u00f3n en Astoria, Nueva York y Florida. Ingles y Espa\u00f1ol. Violencia dom\u00e9stica, v\u00edctima de un delito y asilo pol\u00edtico.\" \/>\n<meta name=\"robots\" content=\"index, follow, max-snippet:-1, max-image-preview:large, max-video-preview:-1\" \/>\n<link rel=\"canonical\" href=\"https:\/\/grgtherapy.com\/es\/evaluaciones-para-inmigracion\/\" \/>\n<meta property=\"og:locale\" content=\"es_ES\" \/>\n<meta property=\"og:type\" content=\"article\" \/>\n<meta property=\"og:title\" content=\"Evaluaciones para inmigraci\u00f3n\" \/>\n<meta property=\"og:description\" content=\"Evaluaciones para inmigraci\u00f3n en Astoria, Nueva York y Florida. Ingles y Espa\u00f1ol. Violencia dom\u00e9stica, v\u00edctima de un delito y asilo pol\u00edtico.\" \/>\n<meta property=\"og:url\" content=\"https:\/\/grgtherapy.com\/es\/evaluaciones-para-inmigracion\/\" \/>\n<meta property=\"og:site_name\" content=\"Gabriela Giuggioloni\" \/>\n<meta property=\"article:publisher\" content=\"https:\/\/www.facebook.com\/gabrielaRgiuggioloniLCSW\/\" \/>\n<meta property=\"article:modified_time\" content=\"2023-12-13T17:48:17+00:00\" \/>\n<meta property=\"og:image\" content=\"https:\/\/grgtherapy.com\/wp-content\/uploads\/2020\/03\/evaluaciones-inmigracion-psicoterapia.webp\" \/>\n\t<meta property=\"og:image:width\" content=\"1\" \/>\n\t<meta property=\"og:image:height\" content=\"1\" \/>\n\t<meta property=\"og:image:type\" content=\"image\/webp\" \/>\n<meta name=\"twitter:card\" content=\"summary_large_image\" \/>\n<meta name=\"twitter:label1\" content=\"Tiempo de lectura\" \/>\n\t<meta name=\"twitter:data1\" content=\"4 minutos\" \/>\n<script type=\"application\/ld+json\" class=\"yoast-schema-graph\">{\"@context\":\"https:\/\/schema.org\",\"@graph\":[{\"@type\":\"WebPage\",\"@id\":\"https:\/\/grgtherapy.com\/es\/evaluaciones-para-inmigracion\/\",\"url\":\"https:\/\/grgtherapy.com\/es\/evaluaciones-para-inmigracion\/\",\"name\":\"Evaluaciones para Inmigraci\u00f3n USCIS - Gabriela Giuggioloni\",\"isPartOf\":{\"@id\":\"https:\/\/grgtherapy.com\/#website\"},\"primaryImageOfPage\":{\"@id\":\"https:\/\/grgtherapy.com\/es\/evaluaciones-para-inmigracion\/#primaryimage\"},\"image\":{\"@id\":\"https:\/\/grgtherapy.com\/es\/evaluaciones-para-inmigracion\/#primaryimage\"},\"thumbnailUrl\":\"https:\/\/grgtherapy.com\/wp-content\/uploads\/2020\/03\/evaluaciones-inmigracion-psicoterapia.webp\",\"datePublished\":\"2019-01-15T21:34:20+00:00\",\"dateModified\":\"2023-12-13T17:48:17+00:00\",\"description\":\"Evaluaciones para inmigraci\u00f3n en Astoria, Nueva York y Florida. Ingles y Espa\u00f1ol. Violencia dom\u00e9stica, v\u00edctima de un delito y asilo pol\u00edtico.\",\"breadcrumb\":{\"@id\":\"https:\/\/grgtherapy.com\/es\/evaluaciones-para-inmigracion\/#breadcrumb\"},\"inLanguage\":\"es\",\"potentialAction\":[{\"@type\":\"ReadAction\",\"target\":[\"https:\/\/grgtherapy.com\/es\/evaluaciones-para-inmigracion\/\"]}]},{\"@type\":\"ImageObject\",\"inLanguage\":\"es\",\"@id\":\"https:\/\/grgtherapy.com\/es\/evaluaciones-para-inmigracion\/#primaryimage\",\"url\":\"https:\/\/grgtherapy.com\/wp-content\/uploads\/2020\/03\/evaluaciones-inmigracion-psicoterapia.webp\",\"contentUrl\":\"https:\/\/grgtherapy.com\/wp-content\/uploads\/2020\/03\/evaluaciones-inmigracion-psicoterapia.webp\",\"caption\":\"Evaluaciones de Dificultad Extrema - De Evaluaciones Para Inmigracion - evaluaciones inmigracion psicoterapia astoria new york florida\"},{\"@type\":\"BreadcrumbList\",\"@id\":\"https:\/\/grgtherapy.com\/es\/evaluaciones-para-inmigracion\/#breadcrumb\",\"itemListElement\":[{\"@type\":\"ListItem\",\"position\":1,\"name\":\"Home\",\"item\":\"https:\/\/grgtherapy.com\/es\/\"},{\"@type\":\"ListItem\",\"position\":2,\"name\":\"Evaluaciones para inmigraci\u00f3n\"}]},{\"@type\":\"WebSite\",\"@id\":\"https:\/\/grgtherapy.com\/#website\",\"url\":\"https:\/\/grgtherapy.com\/\",\"name\":\"Gabriela Giuggioloni\",\"description\":\"Gabriela Giuggioloni\",\"publisher\":{\"@id\":\"https:\/\/grgtherapy.com\/#organization\"},\"potentialAction\":[{\"@type\":\"SearchAction\",\"target\":{\"@type\":\"EntryPoint\",\"urlTemplate\":\"https:\/\/grgtherapy.com\/?s={search_term_string}\"},\"query-input\":{\"@type\":\"PropertyValueSpecification\",\"valueRequired\":true,\"valueName\":\"search_term_string\"}}],\"inLanguage\":\"es\"},{\"@type\":\"Organization\",\"@id\":\"https:\/\/grgtherapy.com\/#organization\",\"name\":\"GRG Therapy\",\"url\":\"https:\/\/grgtherapy.com\/\",\"logo\":{\"@type\":\"ImageObject\",\"inLanguage\":\"es\",\"@id\":\"https:\/\/grgtherapy.com\/#\/schema\/logo\/image\/\",\"url\":\"https:\/\/grgtherapy.com\/wp-content\/uploads\/2019\/06\/grg-logo.png\",\"contentUrl\":\"https:\/\/grgtherapy.com\/wp-content\/uploads\/2019\/06\/grg-logo.png\",\"width\":150,\"height\":64,\"caption\":\"GRG Therapy\"},\"image\":{\"@id\":\"https:\/\/grgtherapy.com\/#\/schema\/logo\/image\/\"},\"sameAs\":[\"https:\/\/www.facebook.com\/gabrielaRgiuggioloniLCSW\/\",\"https:\/\/www.instagram.com\/nyctherapist_gabriela\/\",\"https:\/\/www.linkedin.com\/in\/gabriela-giuggioloni-ma-lcsw-r-6015ab26\/\"]}]}<\/script>\n<!-- \/ Yoast SEO Premium plugin. -->","yoast_head_json":{"title":"Evaluaciones para Inmigraci\u00f3n USCIS - Gabriela Giuggioloni","description":"Evaluaciones para inmigraci\u00f3n en Astoria, Nueva York y Florida. Ingles y Espa\u00f1ol. Violencia dom\u00e9stica, v\u00edctima de un delito y asilo pol\u00edtico.","robots":{"index":"index","follow":"follow","max-snippet":"max-snippet:-1","max-image-preview":"max-image-preview:large","max-video-preview":"max-video-preview:-1"},"canonical":"https:\/\/grgtherapy.com\/es\/evaluaciones-para-inmigracion\/","og_locale":"es_ES","og_type":"article","og_title":"Evaluaciones para inmigraci\u00f3n","og_description":"Evaluaciones para inmigraci\u00f3n en Astoria, Nueva York y Florida. Ingles y Espa\u00f1ol. Violencia dom\u00e9stica, v\u00edctima de un delito y asilo pol\u00edtico.","og_url":"https:\/\/grgtherapy.com\/es\/evaluaciones-para-inmigracion\/","og_site_name":"Gabriela Giuggioloni","article_publisher":"https:\/\/www.facebook.com\/gabrielaRgiuggioloniLCSW\/","article_modified_time":"2023-12-13T17:48:17+00:00","og_image":[{"url":"https:\/\/grgtherapy.com\/wp-content\/uploads\/2020\/03\/evaluaciones-inmigracion-psicoterapia.webp","width":1,"height":1,"type":"image\/webp"}],"twitter_card":"summary_large_image","twitter_misc":{"Tiempo de lectura":"4 minutos"},"schema":{"@context":"https:\/\/schema.org","@graph":[{"@type":"WebPage","@id":"https:\/\/grgtherapy.com\/es\/evaluaciones-para-inmigracion\/","url":"https:\/\/grgtherapy.com\/es\/evaluaciones-para-inmigracion\/","name":"Evaluaciones para Inmigraci\u00f3n USCIS - Gabriela Giuggioloni","isPartOf":{"@id":"https:\/\/grgtherapy.com\/#website"},"primaryImageOfPage":{"@id":"https:\/\/grgtherapy.com\/es\/evaluaciones-para-inmigracion\/#primaryimage"},"image":{"@id":"https:\/\/grgtherapy.com\/es\/evaluaciones-para-inmigracion\/#primaryimage"},"thumbnailUrl":"https:\/\/grgtherapy.com\/wp-content\/uploads\/2020\/03\/evaluaciones-inmigracion-psicoterapia.webp","datePublished":"2019-01-15T21:34:20+00:00","dateModified":"2023-12-13T17:48:17+00:00","description":"Evaluaciones para inmigraci\u00f3n en Astoria, Nueva York y Florida. Ingles y Espa\u00f1ol. Violencia dom\u00e9stica, v\u00edctima de un delito y asilo pol\u00edtico.","breadcrumb":{"@id":"https:\/\/grgtherapy.com\/es\/evaluaciones-para-inmigracion\/#breadcrumb"},"inLanguage":"es","potentialAction":[{"@type":"ReadAction","target":["https:\/\/grgtherapy.com\/es\/evaluaciones-para-inmigracion\/"]}]},{"@type":"ImageObject","inLanguage":"es","@id":"https:\/\/grgtherapy.com\/es\/evaluaciones-para-inmigracion\/#primaryimage","url":"https:\/\/grgtherapy.com\/wp-content\/uploads\/2020\/03\/evaluaciones-inmigracion-psicoterapia.webp","contentUrl":"https:\/\/grgtherapy.com\/wp-content\/uploads\/2020\/03\/evaluaciones-inmigracion-psicoterapia.webp","caption":"Evaluaciones de Dificultad Extrema - De Evaluaciones Para Inmigracion - evaluaciones inmigracion psicoterapia astoria new york florida"},{"@type":"BreadcrumbList","@id":"https:\/\/grgtherapy.com\/es\/evaluaciones-para-inmigracion\/#breadcrumb","itemListElement":[{"@type":"ListItem","position":1,"name":"Home","item":"https:\/\/grgtherapy.com\/es\/"},{"@type":"ListItem","position":2,"name":"Evaluaciones para inmigraci\u00f3n"}]},{"@type":"WebSite","@id":"https:\/\/grgtherapy.com\/#website","url":"https:\/\/grgtherapy.com\/","name":"Gabriela Giuggioloni","description":"Gabriela Giuggioloni","publisher":{"@id":"https:\/\/grgtherapy.com\/#organization"},"potentialAction":[{"@type":"SearchAction","target":{"@type":"EntryPoint","urlTemplate":"https:\/\/grgtherapy.com\/?s={search_term_string}"},"query-input":{"@type":"PropertyValueSpecification","valueRequired":true,"valueName":"search_term_string"}}],"inLanguage":"es"},{"@type":"Organization","@id":"https:\/\/grgtherapy.com\/#organization","name":"GRG Therapy","url":"https:\/\/grgtherapy.com\/","logo":{"@type":"ImageObject","inLanguage":"es","@id":"https:\/\/grgtherapy.com\/#\/schema\/logo\/image\/","url":"https:\/\/grgtherapy.com\/wp-content\/uploads\/2019\/06\/grg-logo.png","contentUrl":"https:\/\/grgtherapy.com\/wp-content\/uploads\/2019\/06\/grg-logo.png","width":150,"height":64,"caption":"GRG Therapy"},"image":{"@id":"https:\/\/grgtherapy.com\/#\/schema\/logo\/image\/"},"sameAs":["https:\/\/www.facebook.com\/gabrielaRgiuggioloniLCSW\/","https:\/\/www.instagram.com\/nyctherapist_gabriela\/","https:\/\/www.linkedin.com\/in\/gabriela-giuggioloni-ma-lcsw-r-6015ab26\/"]}]}},"_links":{"self":[{"href":"https:\/\/grgtherapy.com\/es\/wp-json\/wp\/v2\/pages\/475","targetHints":{"allow":["GET"]}}],"collection":[{"href":"https:\/\/grgtherapy.com\/es\/wp-json\/wp\/v2\/pages"}],"about":[{"href":"https:\/\/grgtherapy.com\/es\/wp-json\/wp\/v2\/types\/page"}],"author":[{"embeddable":true,"href":"https:\/\/grgtherapy.com\/es\/wp-json\/wp\/v2\/users\/1"}],"replies":[{"embeddable":true,"href":"https:\/\/grgtherapy.com\/es\/wp-json\/wp\/v2\/comments?post=475"}],"version-history":[{"count":34,"href":"https:\/\/grgtherapy.com\/es\/wp-json\/wp\/v2\/pages\/475\/revisions"}],"predecessor-version":[{"id":2979,"href":"https:\/\/grgtherapy.com\/es\/wp-json\/wp\/v2\/pages\/475\/revisions\/2979"}],"wp:featuredmedia":[{"embeddable":true,"href":"https:\/\/grgtherapy.com\/es\/wp-json\/wp\/v2\/media\/1534"}],"wp:attachment":[{"href":"https:\/\/grgtherapy.com\/es\/wp-json\/wp\/v2\/media?parent=475"}],"curies":[{"name":"wp","href":"https:\/\/api.w.org\/{rel}","templated":true}]}}