{"id":495,"date":"2019-01-16T15:49:54","date_gmt":"2019-01-16T15:49:54","guid":{"rendered":"https:\/\/grgtherapy.com\/?page_id=495"},"modified":"2023-12-13T13:08:24","modified_gmt":"2023-12-13T18:08:24","slug":"supervision-clinica","status":"publish","type":"page","link":"https:\/\/grgtherapy.com\/es\/supervision-clinica\/","title":{"rendered":"Supervisi\u00f3n Cl\u00ednica"},"content":{"rendered":"<div class=\"wpb-content-wrapper\"><p>[vc_row css_animation=\u00bb\u00bb row_type=\u00bbrow\u00bb use_row_as_full_screen_section=\u00bbno\u00bb type=\u00bbfull_width\u00bb angled_section=\u00bbno\u00bb text_align=\u00bbleft\u00bb background_image_as_pattern=\u00bbwithout_pattern\u00bb css=\u00bb.vc_custom_1547572206400{background-color: #ffffff !important;}\u00bb z_index=\u00bb\u00bb][vc_column css_animation=\u00bbfadeIn\u00bb width=\u00bb1\/2&#8243; css=\u00bb.vc_custom_1547579631437{margin-top: 20px !important;}\u00bb][vc_column_text css=\u00bb.vc_custom_1592587032203{margin-top: 30px !important;margin-bottom: 20px !important;}\u00bb]<img loading=\"lazy\" decoding=\"async\" class=\"aligncenter wp-image-705 size-full\" src=\"https:\/\/grgtherapy.com\/wp-content\/uploads\/2019\/02\/Supervision.png\" alt=\"Supervisi\u00f3n Cl\u00ednica\" width=\"144\" height=\"105\" \/>[\/vc_column_text][vc_column_text]<\/p>\n<h2 style=\"text-align: center;\">SUPERVISION<\/h2>\n<p>[\/vc_column_text][vc_column_text]<\/p>\n<h2 class=\"FontSeguro\" style=\"text-align: center; color: black;\"><span class=\"ColorOrange\">CLINICA<\/span><\/h2>\n<p>[\/vc_column_text][vc_separator type=\u00bbsmall\u00bb position=\u00bbcenter\u00bb color=\u00bb#000000&#8243; thickness=\u00bb6&#8243; width=\u00bb105&#8243; up=\u00bb38&#8243;][vc_column_text css=\u00bb.vc_custom_1550173040642{padding-right: 40px !important;padding-left: 40px !important;}\u00bb]<b>Proveo supervisi\u00f3n cl\u00ednica para <\/b><b>trabajadores<\/b><b> de la salud mental <\/b>tales como consejeros en salud mental, psic\u00f3logos, trabajadores sociales, consejeros familiares y psiquiatras<b> que deseen mejorar sus habilidades cl\u00ednicas <\/b>e incrementar su conocimiento en psicoan\u00e1lisis. <b>La supervisi\u00f3n es una herramienta importante para <\/b><b>avanzar en<\/b><b> casos complicados<\/b> y para superar los obst\u00e1culos que el trabajo cl\u00ednico pueda presentar.[\/vc_column_text][\/vc_column][vc_column css_animation=\u00bbfadeIn\u00bb width=\u00bb1\/2&#8243;][vc_column_text][\/vc_column_text]<div class='qode_parallax_layers ' style='height: 970px;' data-height=\"970\"><div class='qode_parallax_layers_holder preload_parallax_layers'><div class=\"image\" style=\"background-image:url(https:\/\/grgtherapy.com\/wp-content\/uploads\/2021\/01\/supervision-clinica-salud-mental.webp);\" ><\/div><\/div><\/div>[\/vc_column][\/vc_row][vc_row css_animation=\u00bb\u00bb row_type=\u00bbrow\u00bb use_row_as_full_screen_section=\u00bbno\u00bb type=\u00bbfull_width\u00bb angled_section=\u00bbno\u00bb text_align=\u00bbleft\u00bb background_image_as_pattern=\u00bbwithout_pattern\u00bb css=\u00bb.vc_custom_1547572269183{padding-top: 50px !important;padding-bottom: 50px !important;background-color: #f5e1d9 !important;}\u00bb z_index=\u00bb\u00bb][vc_column css_animation=\u00bbfadeIn\u00bb][vc_column_text css=\u00bb.vc_custom_1547653991609{margin-bottom: 70px !important;}\u00bb]<\/p>\n<h3 style=\"text-align: center;\"><strong>\u00bfPor qu\u00e9 es importante la Supervisi\u00f3n Cl\u00ednica?<\/strong><\/h3>\n<p>[\/vc_column_text][vc_row_inner row_type=\u00bbrow\u00bb type=\u00bbgrid\u00bb text_align=\u00bbleft\u00bb css_animation=\u00bb\u00bb][vc_column_inner width=\u00bb1\/2&#8243;]<div class='q_list circle animate_list'><\/p>\n<ul>\n<li>Estar bajo supervisi\u00f3n puede ayudarle a cumplir con los requerimientos profesionales y regulatorios, de su licencia.<\/li>\n<li>Ayuda a manejar las demandas profesionales de su trabajo.<\/li>\n<\/ul>\n<p><\/div>[\/vc_column_inner][vc_column_inner width=\u00bb1\/2&#8243;]<div class='q_list circle animate_list'><\/p>\n<ul>\n<li>Ofrece un ambiente que favorece la exploraci\u00f3n de las complicaciones relacionadas a la cl\u00ednica, las dudas y preguntas del profesional.<\/li>\n<li>Es un espacio para aprender y crecer profesionalmente.<\/li>\n<\/ul>\n<p><\/div>[\/vc_column_inner][\/vc_row_inner][\/vc_column][\/vc_row][vc_row css_animation=\u00bb\u00bb row_type=\u00bbrow\u00bb use_row_as_full_screen_section=\u00bbyes\u00bb type=\u00bbgrid\u00bb angled_section=\u00bbno\u00bb text_align=\u00bbleft\u00bb background_image_as_pattern=\u00bbwithout_pattern\u00bb css=\u00bb.vc_custom_1547500212554{padding-top: 60px !important;padding-bottom: 60px !important;background-color: #f6f6f6 !important;}\u00bb z_index=\u00bb\u00bb][vc_column css_animation=\u00bbfadeIn\u00bb][vc_row_inner row_type=\u00bbrow\u00bb type=\u00bbgrid\u00bb text_align=\u00bbleft\u00bb css_animation=\u00bb\u00bb css=\u00bb.vc_custom_1547233654078{padding-top: 70px !important;padding-bottom: 70px !important;background-color: #f9f9f9 !important;}\u00bb el_class=\u00bbContBlancoSeguro\u00bb][vc_column_inner width=\u00bb1\/6&#8243;][\/vc_column_inner][vc_column_inner width=\u00bb2\/3&#8243;][vc_column_text]<\/p>\n<h3 style=\"text-align: center;\"><span style=\"color: #dc5527;\">\u00bfC\u00f3mo hacer una cita?<\/span><\/h3>\n<p>[\/vc_column_text][vc_column_text css=\u00bb.vc_custom_1702490825606{margin-top: 20px !important;}\u00bb]<\/p>\n<p style=\"text-align: center;\">Si est\u00e1 dispuesto y se siente listo para hacer terapia, comience por hacer una consulta o comun\u00edquese conmigo si tiene m\u00e1s preguntas. Ofrezco sesiones virtuales o<span style=\"color: #dc5527;\"> <a style=\"color: #dc5527;\" href=\"https:\/\/grgtherapy.com\/es\/teleterapia-terapia-virtual\/\"><u>teleterapia<\/u> <\/a><\/span>en el estado de <a href=\"https:\/\/en.wikipedia.org\/wiki\/Florida\">Florida<\/a>, el estado de New York y el resto del mundo.<\/p>\n<p style=\"text-align: center;\">Acepto el seguro Aetna para <span style=\"color: #dc5527;\"><a style=\"color: #dc5527;\" href=\"https:\/\/grgtherapy.com\/es\/psicoterapia-individual\/\"><u>terapia individual <\/u><\/a><\/span>solo en New York, si ud. tiene otro seguro en NY, comun\u00edquese con ellos para saber si tiene beneficios fuera de la red. No tomo ning\u00fan seguro del estado de Florida. Tenga en cuenta que los seguros de salud no cubren la<span style=\"color: #dc5527;\"><a style=\"color: #dc5527;\" href=\"https:\/\/grgtherapy.com\/es\/consejeria-prematrimonial\/\"> <u>consejer\u00eda prematrimonial<\/u><\/a> <\/span>ni la <span style=\"color: #dc5527;\"><a style=\"color: #dc5527;\" href=\"https:\/\/grgtherapy.com\/es\/terapia-de-pareja\/\"><u>terapia de pareja<\/u><\/a><\/span>. Para solicitar m\u00e1s informaci\u00f3n y reservar una sesi\u00f3n, complete el <span style=\"color: #dc5527;\"><a style=\"color: #dc5527;\" href=\"https:\/\/grgtherapy.com\/es\/contacto\/\">formulario de contacto<\/a><\/span> o ll\u00e1meme directamente al +1 (917) 370 3474<\/p>\n<div id=\"gtx-trans\" style=\"position: absolute; left: 662px; top: 61.6667px;\">\n<div class=\"gtx-trans-icon\"><\/div>\n<\/div>\n<p>[\/vc_column_text][\/vc_column_inner][vc_column_inner width=\u00bb1\/6&#8243;][\/vc_column_inner][\/vc_row_inner][\/vc_column][\/vc_row]<\/p>\n<\/div>","protected":false},"excerpt":{"rendered":"<p>[vc_row css_animation=\u00bb\u00bb row_type=\u00bbrow\u00bb use_row_as_full_screen_section=\u00bbno\u00bb type=\u00bbfull_width\u00bb angled_section=\u00bbno\u00bb text_align=\u00bbleft\u00bb background_image_as_pattern=\u00bbwithout_pattern\u00bb css=\u00bb.vc_custom_1547572206400{background-color: #ffffff !important;}\u00bb z_index=\u00bb\u00bb][vc_column css_animation=\u00bbfadeIn\u00bb width=\u00bb1\/2&#8243; css=\u00bb.vc_custom_1547579631437{margin-top: 20px !important;}\u00bb][vc_column_text css=\u00bb.vc_custom_1592587032203{margin-top: 30px !important;margin-bottom: 20px !important;}\u00bb][\/vc_column_text][vc_column_text] SUPERVISION [\/vc_column_text][vc_column_text] CLINICA [\/vc_column_text][vc_separator type=\u00bbsmall\u00bb position=\u00bbcenter\u00bb color=\u00bb#000000&#8243; thickness=\u00bb6&#8243; width=\u00bb105&#8243; up=\u00bb38&#8243;][vc_column_text css=\u00bb.vc_custom_1550173040642{padding-right: 40px !important;padding-left: 40px !important;}\u00bb]Proveo supervisi\u00f3n cl\u00ednica para trabajadores de la salud mental&#8230;<\/p>\n","protected":false},"author":1,"featured_media":1236,"parent":0,"menu_order":0,"comment_status":"closed","ping_status":"closed","template":"full_width.php","meta":{"footnotes":""},"class_list":["post-495","page","type-page","status-publish","has-post-thumbnail","hentry"],"yoast_head":"<!-- This site is optimized with the Yoast SEO Premium plugin v18.0 (Yoast SEO v27.2) - https:\/\/yoast.com\/product\/yoast-seo-premium-wordpress\/ -->\n<title>Supervisi\u00f3n Cl\u00ednica para trabajadores de la salud - Gabriela Giuggioloni<\/title>\n<meta name=\"description\" content=\"Supervisi\u00f3n cl\u00ednica para profesionales de la salud mental, psic\u00f3logos, trabajadores sociales, consejeros familiares y psiquiatras.\" \/>\n<meta name=\"robots\" content=\"index, follow, max-snippet:-1, max-image-preview:large, max-video-preview:-1\" \/>\n<link rel=\"canonical\" href=\"https:\/\/grgtherapy.com\/es\/supervision-clinica\/\" \/>\n<meta property=\"og:locale\" content=\"es_ES\" \/>\n<meta property=\"og:type\" content=\"article\" \/>\n<meta property=\"og:title\" content=\"Supervisi\u00f3n Cl\u00ednica\" \/>\n<meta property=\"og:description\" content=\"Supervisi\u00f3n cl\u00ednica para profesionales de la salud mental, psic\u00f3logos, trabajadores sociales, consejeros familiares y psiquiatras.\" \/>\n<meta property=\"og:url\" content=\"https:\/\/grgtherapy.com\/es\/supervision-clinica\/\" \/>\n<meta property=\"og:site_name\" content=\"Gabriela Giuggioloni\" \/>\n<meta property=\"article:publisher\" content=\"https:\/\/www.facebook.com\/gabrielaRgiuggioloniLCSW\/\" \/>\n<meta property=\"article:modified_time\" content=\"2023-12-13T18:08:24+00:00\" \/>\n<meta property=\"og:image\" content=\"https:\/\/grgtherapy.com\/wp-content\/uploads\/2021\/01\/supervision-clinica-salud-mental.webp\" \/>\n\t<meta property=\"og:image:width\" content=\"1\" \/>\n\t<meta property=\"og:image:height\" content=\"1\" \/>\n\t<meta property=\"og:image:type\" content=\"image\/webp\" \/>\n<meta name=\"twitter:card\" content=\"summary_large_image\" \/>\n<meta name=\"twitter:label1\" content=\"Tiempo de lectura\" \/>\n\t<meta name=\"twitter:data1\" content=\"2 minutos\" \/>\n<script type=\"application\/ld+json\" class=\"yoast-schema-graph\">{\"@context\":\"https:\/\/schema.org\",\"@graph\":[{\"@type\":\"WebPage\",\"@id\":\"https:\/\/grgtherapy.com\/es\/supervision-clinica\/\",\"url\":\"https:\/\/grgtherapy.com\/es\/supervision-clinica\/\",\"name\":\"Supervisi\u00f3n Cl\u00ednica para trabajadores de la salud - Gabriela Giuggioloni\",\"isPartOf\":{\"@id\":\"https:\/\/grgtherapy.com\/#website\"},\"primaryImageOfPage\":{\"@id\":\"https:\/\/grgtherapy.com\/es\/supervision-clinica\/#primaryimage\"},\"image\":{\"@id\":\"https:\/\/grgtherapy.com\/es\/supervision-clinica\/#primaryimage\"},\"thumbnailUrl\":\"https:\/\/grgtherapy.com\/wp-content\/uploads\/2021\/01\/supervision-clinica-salud-mental.webp\",\"datePublished\":\"2019-01-16T15:49:54+00:00\",\"dateModified\":\"2023-12-13T18:08:24+00:00\",\"description\":\"Supervisi\u00f3n cl\u00ednica para profesionales de la salud mental, psic\u00f3logos, trabajadores sociales, consejeros familiares y psiquiatras.\",\"breadcrumb\":{\"@id\":\"https:\/\/grgtherapy.com\/es\/supervision-clinica\/#breadcrumb\"},\"inLanguage\":\"es\",\"potentialAction\":[{\"@type\":\"ReadAction\",\"target\":[\"https:\/\/grgtherapy.com\/es\/supervision-clinica\/\"]}]},{\"@type\":\"ImageObject\",\"inLanguage\":\"es\",\"@id\":\"https:\/\/grgtherapy.com\/es\/supervision-clinica\/#primaryimage\",\"url\":\"https:\/\/grgtherapy.com\/wp-content\/uploads\/2021\/01\/supervision-clinica-salud-mental.webp\",\"contentUrl\":\"https:\/\/grgtherapy.com\/wp-content\/uploads\/2021\/01\/supervision-clinica-salud-mental.webp\",\"caption\":\"supervision clinica para trabajadores de la salud mental\"},{\"@type\":\"BreadcrumbList\",\"@id\":\"https:\/\/grgtherapy.com\/es\/supervision-clinica\/#breadcrumb\",\"itemListElement\":[{\"@type\":\"ListItem\",\"position\":1,\"name\":\"Home\",\"item\":\"https:\/\/grgtherapy.com\/es\/\"},{\"@type\":\"ListItem\",\"position\":2,\"name\":\"Supervisi\u00f3n Cl\u00ednica\"}]},{\"@type\":\"WebSite\",\"@id\":\"https:\/\/grgtherapy.com\/#website\",\"url\":\"https:\/\/grgtherapy.com\/\",\"name\":\"Gabriela Giuggioloni\",\"description\":\"Gabriela Giuggioloni\",\"publisher\":{\"@id\":\"https:\/\/grgtherapy.com\/#organization\"},\"potentialAction\":[{\"@type\":\"SearchAction\",\"target\":{\"@type\":\"EntryPoint\",\"urlTemplate\":\"https:\/\/grgtherapy.com\/?s={search_term_string}\"},\"query-input\":{\"@type\":\"PropertyValueSpecification\",\"valueRequired\":true,\"valueName\":\"search_term_string\"}}],\"inLanguage\":\"es\"},{\"@type\":\"Organization\",\"@id\":\"https:\/\/grgtherapy.com\/#organization\",\"name\":\"GRG Therapy\",\"url\":\"https:\/\/grgtherapy.com\/\",\"logo\":{\"@type\":\"ImageObject\",\"inLanguage\":\"es\",\"@id\":\"https:\/\/grgtherapy.com\/#\/schema\/logo\/image\/\",\"url\":\"https:\/\/grgtherapy.com\/wp-content\/uploads\/2019\/06\/grg-logo.png\",\"contentUrl\":\"https:\/\/grgtherapy.com\/wp-content\/uploads\/2019\/06\/grg-logo.png\",\"width\":150,\"height\":64,\"caption\":\"GRG Therapy\"},\"image\":{\"@id\":\"https:\/\/grgtherapy.com\/#\/schema\/logo\/image\/\"},\"sameAs\":[\"https:\/\/www.facebook.com\/gabrielaRgiuggioloniLCSW\/\",\"https:\/\/www.instagram.com\/nyctherapist_gabriela\/\",\"https:\/\/www.linkedin.com\/in\/gabriela-giuggioloni-ma-lcsw-r-6015ab26\/\"]}]}<\/script>\n<!-- \/ Yoast SEO Premium plugin. -->","yoast_head_json":{"title":"Supervisi\u00f3n Cl\u00ednica para trabajadores de la salud - Gabriela Giuggioloni","description":"Supervisi\u00f3n cl\u00ednica para profesionales de la salud mental, psic\u00f3logos, trabajadores sociales, consejeros familiares y psiquiatras.","robots":{"index":"index","follow":"follow","max-snippet":"max-snippet:-1","max-image-preview":"max-image-preview:large","max-video-preview":"max-video-preview:-1"},"canonical":"https:\/\/grgtherapy.com\/es\/supervision-clinica\/","og_locale":"es_ES","og_type":"article","og_title":"Supervisi\u00f3n Cl\u00ednica","og_description":"Supervisi\u00f3n cl\u00ednica para profesionales de la salud mental, psic\u00f3logos, trabajadores sociales, consejeros familiares y psiquiatras.","og_url":"https:\/\/grgtherapy.com\/es\/supervision-clinica\/","og_site_name":"Gabriela Giuggioloni","article_publisher":"https:\/\/www.facebook.com\/gabrielaRgiuggioloniLCSW\/","article_modified_time":"2023-12-13T18:08:24+00:00","og_image":[{"url":"https:\/\/grgtherapy.com\/wp-content\/uploads\/2021\/01\/supervision-clinica-salud-mental.webp","width":1,"height":1,"type":"image\/webp"}],"twitter_card":"summary_large_image","twitter_misc":{"Tiempo de lectura":"2 minutos"},"schema":{"@context":"https:\/\/schema.org","@graph":[{"@type":"WebPage","@id":"https:\/\/grgtherapy.com\/es\/supervision-clinica\/","url":"https:\/\/grgtherapy.com\/es\/supervision-clinica\/","name":"Supervisi\u00f3n Cl\u00ednica para trabajadores de la salud - Gabriela Giuggioloni","isPartOf":{"@id":"https:\/\/grgtherapy.com\/#website"},"primaryImageOfPage":{"@id":"https:\/\/grgtherapy.com\/es\/supervision-clinica\/#primaryimage"},"image":{"@id":"https:\/\/grgtherapy.com\/es\/supervision-clinica\/#primaryimage"},"thumbnailUrl":"https:\/\/grgtherapy.com\/wp-content\/uploads\/2021\/01\/supervision-clinica-salud-mental.webp","datePublished":"2019-01-16T15:49:54+00:00","dateModified":"2023-12-13T18:08:24+00:00","description":"Supervisi\u00f3n cl\u00ednica para profesionales de la salud mental, psic\u00f3logos, trabajadores sociales, consejeros familiares y psiquiatras.","breadcrumb":{"@id":"https:\/\/grgtherapy.com\/es\/supervision-clinica\/#breadcrumb"},"inLanguage":"es","potentialAction":[{"@type":"ReadAction","target":["https:\/\/grgtherapy.com\/es\/supervision-clinica\/"]}]},{"@type":"ImageObject","inLanguage":"es","@id":"https:\/\/grgtherapy.com\/es\/supervision-clinica\/#primaryimage","url":"https:\/\/grgtherapy.com\/wp-content\/uploads\/2021\/01\/supervision-clinica-salud-mental.webp","contentUrl":"https:\/\/grgtherapy.com\/wp-content\/uploads\/2021\/01\/supervision-clinica-salud-mental.webp","caption":"supervision clinica para trabajadores de la salud mental"},{"@type":"BreadcrumbList","@id":"https:\/\/grgtherapy.com\/es\/supervision-clinica\/#breadcrumb","itemListElement":[{"@type":"ListItem","position":1,"name":"Home","item":"https:\/\/grgtherapy.com\/es\/"},{"@type":"ListItem","position":2,"name":"Supervisi\u00f3n Cl\u00ednica"}]},{"@type":"WebSite","@id":"https:\/\/grgtherapy.com\/#website","url":"https:\/\/grgtherapy.com\/","name":"Gabriela Giuggioloni","description":"Gabriela Giuggioloni","publisher":{"@id":"https:\/\/grgtherapy.com\/#organization"},"potentialAction":[{"@type":"SearchAction","target":{"@type":"EntryPoint","urlTemplate":"https:\/\/grgtherapy.com\/?s={search_term_string}"},"query-input":{"@type":"PropertyValueSpecification","valueRequired":true,"valueName":"search_term_string"}}],"inLanguage":"es"},{"@type":"Organization","@id":"https:\/\/grgtherapy.com\/#organization","name":"GRG Therapy","url":"https:\/\/grgtherapy.com\/","logo":{"@type":"ImageObject","inLanguage":"es","@id":"https:\/\/grgtherapy.com\/#\/schema\/logo\/image\/","url":"https:\/\/grgtherapy.com\/wp-content\/uploads\/2019\/06\/grg-logo.png","contentUrl":"https:\/\/grgtherapy.com\/wp-content\/uploads\/2019\/06\/grg-logo.png","width":150,"height":64,"caption":"GRG Therapy"},"image":{"@id":"https:\/\/grgtherapy.com\/#\/schema\/logo\/image\/"},"sameAs":["https:\/\/www.facebook.com\/gabrielaRgiuggioloniLCSW\/","https:\/\/www.instagram.com\/nyctherapist_gabriela\/","https:\/\/www.linkedin.com\/in\/gabriela-giuggioloni-ma-lcsw-r-6015ab26\/"]}]}},"_links":{"self":[{"href":"https:\/\/grgtherapy.com\/es\/wp-json\/wp\/v2\/pages\/495","targetHints":{"allow":["GET"]}}],"collection":[{"href":"https:\/\/grgtherapy.com\/es\/wp-json\/wp\/v2\/pages"}],"about":[{"href":"https:\/\/grgtherapy.com\/es\/wp-json\/wp\/v2\/types\/page"}],"author":[{"embeddable":true,"href":"https:\/\/grgtherapy.com\/es\/wp-json\/wp\/v2\/users\/1"}],"replies":[{"embeddable":true,"href":"https:\/\/grgtherapy.com\/es\/wp-json\/wp\/v2\/comments?post=495"}],"version-history":[{"count":16,"href":"https:\/\/grgtherapy.com\/es\/wp-json\/wp\/v2\/pages\/495\/revisions"}],"predecessor-version":[{"id":2994,"href":"https:\/\/grgtherapy.com\/es\/wp-json\/wp\/v2\/pages\/495\/revisions\/2994"}],"wp:featuredmedia":[{"embeddable":true,"href":"https:\/\/grgtherapy.com\/es\/wp-json\/wp\/v2\/media\/1236"}],"wp:attachment":[{"href":"https:\/\/grgtherapy.com\/es\/wp-json\/wp\/v2\/media?parent=495"}],"curies":[{"name":"wp","href":"https:\/\/api.w.org\/{rel}","templated":true}]}}