{"id":1065,"date":"2020-03-24T14:56:24","date_gmt":"2020-03-24T18:56:24","guid":{"rendered":"https:\/\/grgtherapy.com\/prueba\/teletherapy\/"},"modified":"2021-01-24T15:44:25","modified_gmt":"2021-01-24T20:44:25","slug":"teleterapia-terapia-virtual","status":"publish","type":"page","link":"https:\/\/grgtherapy.com\/prueba\/es\/teleterapia-terapia-virtual\/","title":{"rendered":"Teleterapia"},"content":{"rendered":"<div class=\"wpb-content-wrapper\"><p>[vc_row css_animation=\u00bb\u00bb row_type=\u00bbrow\u00bb use_row_as_full_screen_section=\u00bbno\u00bb type=\u00bbfull_width\u00bb angled_section=\u00bbno\u00bb text_align=\u00bbleft\u00bb background_image_as_pattern=\u00bbwithout_pattern\u00bb css=\u00bb.vc_custom_1547579520048{background-color: #ffffff !important;}\u00bb z_index=\u00bb\u00bb][vc_column css_animation=\u00bbfadeIn\u00bb width=\u00bb1\/2&#8243;][vc_column_text css=\u00bb.vc_custom_1592587335300{margin-top: 30px !important;margin-bottom: 20px !important;}\u00bb]<img loading=\"lazy\" decoding=\"async\" class=\"aligncenter wp-image-327\" src=\"https:\/\/grgtherapy.com\/prueba\/wp-content\/uploads\/2019\/01\/TerapiaIndividual-icon.png\" alt=\"terapia virtual\" width=\"139\" height=\"105\" \/>[\/vc_column_text][vc_column_text]<\/p>\n<h1 style=\"text-align: center;\">TELETERAPIA <span class=\"ColorOrange\"><br \/>\nO TERAPIA EN LINEA <\/span><\/h1>\n<p>[\/vc_column_text][vc_separator type=\u00bbsmall\u00bb position=\u00bbcenter\u00bb color=\u00bb#000000&#8243; thickness=\u00bb6&#8243; width=\u00bb105&#8243; up=\u00bb38&#8243;][vc_column_text css=\u00bb.vc_custom_1585079909405{padding-right: 40px !important;padding-left: 40px !important;}\u00bb]<\/p>\n<p style=\"text-align: justify;\">Proveo servicios de psicoterapia en mis oficinas de Astoria, Queens y NYC, NY, as\u00ed como terapia virtual a trav\u00e9s de una plataforma de teleterapia que to complace las reglas de HIPAA. Con esta estructura, la facilidad, privacidad y confidencialidad est\u00e1n asegurada a todos los usuarios de teleterapia de New York y el mundo. No es necesario ser un experto en tecnolog\u00eda para navegar este sitio web o comenzar terapia en l\u00ednea<\/p>\n<p style=\"text-align: justify;\">La terapia en l\u00ednea o terapia online es el nuevo desaf\u00edo para el campo de la salud mental. Con el avance de la tecnolog\u00eda y los servicios de internet, el acceso a la psicoterapia ahora es f\u00e1cil y est\u00e1 disponible en cualquier momento y lugar. Se necesita solo una computadora o tableta y una conexi\u00f3n de internet al momento de la sesi\u00f3n de psicoterapia en l\u00ednea.<\/p>\n<p>[\/vc_column_text][vc_empty_space][\/vc_column][vc_column css_animation=\u00bbfadeIn\u00bb width=\u00bb1\/2&#8243;][vc_column_text][\/vc_column_text]<div class='qode_parallax_layers ' style='height: 970px;' data-height=\"970\"><div class='qode_parallax_layers_holder preload_parallax_layers'><div class=\"image\" style=\"background-image:url(https:\/\/grgtherapy.com\/prueba\/wp-content\/uploads\/2020\/03\/GRG-Teletherapy.jpg);\" ><\/div><\/div><\/div>[\/vc_column][\/vc_row][vc_row css_animation=\u00bb\u00bb row_type=\u00bbrow\u00bb use_row_as_full_screen_section=\u00bbno\u00bb type=\u00bbfull_width\u00bb angled_section=\u00bbno\u00bb text_align=\u00bbleft\u00bb background_image_as_pattern=\u00bbwithout_pattern\u00bb][vc_column][vc_empty_space height=\u00bb62px\u00bb][\/vc_column][\/vc_row][vc_row css_animation=\u00bb\u00bb row_type=\u00bbrow\u00bb use_row_as_full_screen_section=\u00bbno\u00bb type=\u00bbgrid\u00bb angled_section=\u00bbno\u00bb text_align=\u00bbleft\u00bb background_image_as_pattern=\u00bbwithout_pattern\u00bb z_index=\u00bb\u00bb css=\u00bb.vc_custom_1585078816406{background-color: #f5e1d9 !important;}\u00bb][vc_column css_animation=\u00bbfadeIn\u00bb el_class=\u00bbContBlancoSeguro\u00bb css=\u00bb.vc_custom_1585078823048{margin-top: -60px !important;background-color: #ffffff !important;border-radius: 10px !important;}\u00bb][vc_raw_html]JTNDc2NyaXB0JTIwc3JjJTNEJTIyaHR0cHMlM0ElMkYlMkZkb3h5Lm1lJTJGYmFkZ2VzJTJGbG9hZGVyLmpzJTIyJTNFJTNDJTJGc2NyaXB0JTNFJTBBJTNDZGl2JTIwY2xhc3MlM0QlMjJkb3h5bWUtYmFkZ2UlMjBkb3h5bWUtYmFkZ2UtaG9yaXpvbnRhbCUyMiUzRSUzQ2RpdiUyMGNsYXNzJTNEJTIyZG94eW1lLWJhZGdlLWhvcml6b250YWwtaW1hZ2UlMjIlM0UlM0NpbWclMjBzcmMlM0QlMjJodHRwcyUzQSUyRiUyRnd3dy5ncmF2YXRhci5jb20lMkZhdmF0YXIlMkY5MmU4MmYzZTU4MTYxOTE3ZTcyY2ZhOGVkOGQ5MTViOCUzRnMlM0QyNDAlMjIlMkYlM0UlM0MlMkZkaXYlM0UlMEElM0NkaXYlMjBjbGFzcyUzRCUyMmRveHltZS1iYWRnZS1pbmRpY2F0b3IlMjIlMjBkYXRhLXN1YnNjcmliZS1rZXklM0QlMjJzdWItYy00YzcxMWMxOC03ZTUzLTExZTUtOGQzYy0wNjE5Zjg5NDVhNGYlMjIlMjBkYXRhLXV1aWQlM0QlMjI0OGU1YmM0MC02NDlkLTExZWEtYTE5My1kMWEzYTQ1ZjA2YjAlM0F3ZWIlMjIlMjBkYXRhLWNoYW5uZWwlM0QlMjJyb29tLS0xMDQ4MDglMjIlMjBkYXRhLWluc3RpdHV0aW9uLWlkJTNEJTIyJTIyJTIwZGF0YS1hcGktdXJsJTNEJTIyaHR0cHMlM0ElMkYlMkZhcGkuZG94eS5tZSUyMiUzRSUzQyUyRmRpdiUzRSUwQSUzQ2RpdiUyMGNsYXNzJTNEJTIyZG94eW1lLWJhZGdlLWNvbnRlbnQlMjIlM0UlM0NkaXYlMjBjbGFzcyUzRCUyMmRveHltZS1iYWRnZS1zdGFydC1hLWNhbGwlMjIlM0UlM0MlMkZkaXYlM0UlMEElM0NhJTIwY2xhc3MlM0QlMjJkb3h5bWUtYmFkZ2Utc3RhcnQtYS1jYWxsJTIyJTIwaHJlZiUzRCUyMmh0dHBzJTNBJTJGJTJGZG94eS5tZSUyRmdhYnJpZWxhZ2l1Z2dpb2xvbmlsY3N3ciUyMiUyMHRhcmdldCUzRCUyMl9ibGFuayUyMiUzRUNvbWllbmNlJTIwdW5hJTIwbGxhbWFkYSUyMGRlJTIwdGVsZW1lZGljaW5hJTIwY29uJTNDJTJGYSUzRSUzQ2RpdiUyMGNsYXNzJTNEJTIyZG94eW1lLWJhZGdlLWRvY3Rvci1uYW1lJTIyJTNFJTIwR0lVR0dJT0xPTkklM0MlMkZkaXYlM0UlMEElM0NkaXYlM0UlM0NhJTIwY2xhc3MlM0QlMjJkb3h5bWUtYmFkZ2Utc3RhcnQtYnV0dG9uJTIwYnRuLXByaW1hcnklMjIlMjBocmVmJTNEJTIyaHR0cHMlM0ElMkYlMkZkb3h5Lm1lJTJGZ2FicmllbGFnaXVnZ2lvbG9uaWxjc3dyJTIyJTIwdGFyZ2V0JTNEJTIyX2JsYW5rJTIyJTNFRW50cmFyJTIwYSUyMGxhJTIwc2FsYSUyMGRlJTIwZXNwZXJhJTNDJTJGYSUzRSUzQyUyRmRpdiUzRSUwQSUzQ2RpdiUzRSUzQ2RpdiUyMGNsYXNzJTNEJTIyZG94eW1lLWJhZGdlLXBvd2VyZWQtYnklMjIlM0UlM0NhJTIwaHJlZiUzRCUyMmh0dHBzJTNBJTJGJTJGZG94eS5tZSUyMiUyMHRhcmdldCUzRCUyMl9ibGFuayUyMiUzRVRlbGVtZWRpY2luZSUzQyUyRmElM0UlMjBieSUzQyUyRmRpdiUzRSUwQSUzQ2RpdiUyMGNsYXNzJTNEJTIyZG94eW1lLWJhZGdlLWxvZ28tbGluayUyMiUzRSUzQ2ElMjBocmVmJTNEJTIyaHR0cHMlM0ElMkYlMkZkb3h5Lm1lJTIyJTIwdGFyZ2V0JTNEJTIyX2JsYW5rJTIyJTNFRG94eS5tZSUzQyUyRmElM0UlM0MlMkZkaXYlM0UlMEElM0MlMkZkaXYlM0UlMEElM0MlMkZkaXYlM0UlMEElM0MlMkZkaXYlM0U=[\/vc_raw_html][\/vc_column][\/vc_row][vc_row css_animation=\u00bb\u00bb row_type=\u00bbrow\u00bb use_row_as_full_screen_section=\u00bbno\u00bb type=\u00bbfull_width\u00bb angled_section=\u00bbno\u00bb text_align=\u00bbleft\u00bb background_image_as_pattern=\u00bbwithout_pattern\u00bb css=\u00bb.vc_custom_1547579426051{padding-top: 50px !important;padding-bottom: 50px !important;background-color: #f5e1d9 !important;}\u00bb z_index=\u00bb\u00bb][vc_column css_animation=\u00bbfadeIn\u00bb][vc_row_inner row_type=\u00bbrow\u00bb type=\u00bbgrid\u00bb text_align=\u00bbleft\u00bb css_animation=\u00bb\u00bb][vc_column_inner width=\u00bb1\/2&#8243;][vc_column_text]<\/p>\n<p style=\"text-align: justify;\">La teleterapia puede realizarse desde el confort del hogar u oficina. Mis pacientes no tienen que viajar, estresarse buscando estacionamiento cerca de mi oficina o salir de sus casas con las inclemencias del tiempo. La consejer\u00eda en l\u00ednea ofrece flexibilidad, practicidad y apoyo en cualquier momento a aquellos que est\u00e1n muy ocupados, tienen extraordinarias demandas familiares o profesionales o est\u00e1n enfermos y no pueden dejar sus casas. La experiencia me ha mostrado que las madres o padres ocupados, los pacientes de c\u00e1ncer, los estudiantes de universidad y los ejecutivos son quienes se benefician mucho con estas ventajas que ofrece la terapia en l\u00ednea.<\/p>\n<p style=\"text-align: justify;\">Las sesiones en l\u00ednea y la terapia en el consultorio tienen ambas el objetivo de ser un lugar seguro y confortable para tratar los mismos s\u00edntomas, problemas de relaci\u00f3n o dificultades emocionales; sin embargo, son tambi\u00e9n muy diferentes y no todos los pacientes son buenos candidatos para hacer sesiones de teleterapia. Algunos pacientes necesitan la presencia real del terapeuta o poner el cuerpo en la sesi\u00f3n individual o de pareja<\/p>\n<p>[\/vc_column_text][\/vc_column_inner][vc_column_inner width=\u00bb1\/2&#8243;][vc_column_text]<\/p>\n<p style=\"text-align: justify;\">En la actualidad, estoy ofreciendo servicios de terapia individual en l\u00ednea, consejer\u00eda de pareja virtual y realizando evaluaciones para inmigraci\u00f3n online (visa U, sufrimiento extremo, VAWA, asilo) para los residentes del estado de New York. Aquellos que viven en otros pa\u00edses y hablan ingl\u00e9s o espa\u00f1ol, tambi\u00e9n pueden acceder a mis servicios de psicoterapia virtual. No dude en enviarme un mensaje o llamarme para hacer una consulta conveniente con sus horarios.<\/p>\n<p>Nota: Debido a la cuarentena y distancia social que estamos viviendo a causa de la pandemia de Coronavirus, estoy ofreciendo 15 minutos gratis de consulta para aquellos que se sienten angustiados, estresados o abrumados por los cambios en sus rutinas y la incertidumbre.<\/p>\n<p>[\/vc_column_text][\/vc_column_inner][\/vc_row_inner][\/vc_column][\/vc_row][vc_row css_animation=\u00bb\u00bb row_type=\u00bbrow\u00bb use_row_as_full_screen_section=\u00bbno\u00bb type=\u00bbgrid\u00bb angled_section=\u00bbno\u00bb text_align=\u00bbleft\u00bb background_image_as_pattern=\u00bbwithout_pattern\u00bb z_index=\u00bb\u00bb css=\u00bb.vc_custom_1547500222812{margin-bottom: 50px !important;}\u00bb][vc_column css_animation=\u00bbfadeIn\u00bb][vc_empty_space height=\u00bb62px\u00bb][vc_column_text css=\u00bb.vc_custom_1553286348193{margin-bottom: 30px !important;}\u00bb]<\/p>\n<p style=\"text-align: center;\">Proveo <span class=\"ColorOrangeBold\">teleterapia o sesiones telef\u00f3nicas<\/span> en determinados casos.<br \/>\nPuede comunicarse por email o tel\u00e9fono para solicitar m\u00e1s informaci\u00f3n sobre este servicio. <span class=\"ColorOrangeBold\">( 917 ) 370 3474<\/span><\/p>\n<p>[\/vc_column_text][\/vc_column][\/vc_row]<\/p>\n<\/div>","protected":false},"excerpt":{"rendered":"<p>[vc_row css_animation=\u00bb\u00bb row_type=\u00bbrow\u00bb use_row_as_full_screen_section=\u00bbno\u00bb type=\u00bbfull_width\u00bb angled_section=\u00bbno\u00bb text_align=\u00bbleft\u00bb background_image_as_pattern=\u00bbwithout_pattern\u00bb css=\u00bb.vc_custom_1547579520048{background-color: #ffffff !important;}\u00bb z_index=\u00bb\u00bb][vc_column css_animation=\u00bbfadeIn\u00bb width=\u00bb1\/2&#8243;][vc_column_text css=\u00bb.vc_custom_1592587335300{margin-top: 30px !important;margin-bottom: 20px !important;}\u00bb][\/vc_column_text][vc_column_text] TELETERAPIA O TERAPIA EN LINEA [\/vc_column_text][vc_separator type=\u00bbsmall\u00bb position=\u00bbcenter\u00bb color=\u00bb#000000&#8243; thickness=\u00bb6&#8243; width=\u00bb105&#8243; up=\u00bb38&#8243;][vc_column_text css=\u00bb.vc_custom_1585079909405{padding-right: 40px !important;padding-left: 40px !important;}\u00bb] Proveo servicios de psicoterapia en mis oficinas de Astoria,&#8230;<\/p>\n","protected":false},"author":1,"featured_media":0,"parent":0,"menu_order":0,"comment_status":"closed","ping_status":"closed","template":"full_width.php","meta":{"footnotes":""},"yst_prominent_words":[297,199,298,295,292,296,293,286,207,289,287,299,278,300,302,294,291,290,288,301],"class_list":["post-1065","page","type-page","status-publish","hentry"],"_links":{"self":[{"href":"https:\/\/grgtherapy.com\/prueba\/es\/wp-json\/wp\/v2\/pages\/1065","targetHints":{"allow":["GET"]}}],"collection":[{"href":"https:\/\/grgtherapy.com\/prueba\/es\/wp-json\/wp\/v2\/pages"}],"about":[{"href":"https:\/\/grgtherapy.com\/prueba\/es\/wp-json\/wp\/v2\/types\/page"}],"author":[{"embeddable":true,"href":"https:\/\/grgtherapy.com\/prueba\/es\/wp-json\/wp\/v2\/users\/1"}],"replies":[{"embeddable":true,"href":"https:\/\/grgtherapy.com\/prueba\/es\/wp-json\/wp\/v2\/comments?post=1065"}],"version-history":[{"count":5,"href":"https:\/\/grgtherapy.com\/prueba\/es\/wp-json\/wp\/v2\/pages\/1065\/revisions"}],"predecessor-version":[{"id":1376,"href":"https:\/\/grgtherapy.com\/prueba\/es\/wp-json\/wp\/v2\/pages\/1065\/revisions\/1376"}],"wp:attachment":[{"href":"https:\/\/grgtherapy.com\/prueba\/es\/wp-json\/wp\/v2\/media?parent=1065"}],"wp:term":[{"taxonomy":"yst_prominent_words","embeddable":true,"href":"https:\/\/grgtherapy.com\/prueba\/es\/wp-json\/wp\/v2\/yst_prominent_words?post=1065"}],"curies":[{"name":"wp","href":"https:\/\/api.w.org\/{rel}","templated":true}]}}