{"id":139,"date":"2018-02-23T09:26:56","date_gmt":"2018-02-23T14:26:56","guid":{"rendered":"https:\/\/bridge163.qodeinteractive.com\/?page_id=139"},"modified":"2021-01-29T11:24:27","modified_gmt":"2021-01-29T16:24:27","slug":"contacto","status":"publish","type":"page","link":"https:\/\/grgtherapy.com\/prueba\/es\/contacto\/","title":{"rendered":"Contacto"},"content":{"rendered":"<div class=\"wpb-content-wrapper\"><p>[vc_row css_animation=\u00bb\u00bb row_type=\u00bbrow\u00bb use_row_as_full_screen_section=\u00bbno\u00bb type=\u00bbfull_width\u00bb angled_section=\u00bbno\u00bb text_align=\u00bbleft\u00bb background_image_as_pattern=\u00bbwithout_pattern\u00bb][vc_column][vc_empty_space height=\u00bb50px\u00bb][vc_column_text]<\/p>\n<h1 style=\"text-align: center;\">Contactar Psicoterapeuta <span class=\"ColorOrange\"><br \/>\nGABRIELA R.GIUGGIOLONI <\/span><\/h1>\n<p>[\/vc_column_text][\/vc_column][\/vc_row][vc_row css_animation=\u00bb\u00bb row_type=\u00bbrow\u00bb use_row_as_full_screen_section=\u00bbno\u00bb type=\u00bbfull_width\u00bb angled_section=\u00bbno\u00bb text_align=\u00bbleft\u00bb background_image_as_pattern=\u00bbwithout_pattern\u00bb css=\u00bb.vc_custom_1547666949675{background-color: #ffffff !important;}\u00bb z_index=\u00bb\u00bb][vc_column css_animation=\u00bbfadeIn\u00bb el_id=\u00bbFormContact\u00bb][vc_row_inner row_type=\u00bbrow\u00bb type=\u00bbfull_width\u00bb text_align=\u00bbleft\u00bb css_animation=\u00bb\u00bb][vc_column_inner width=\u00bb5\/12&#8243; css=\u00bb.vc_custom_1547666770232{padding-top: 0px !important;padding-right: 0px !important;padding-bottom: 0px !important;padding-left: 0px !important;background-position: center !important;background-repeat: no-repeat !important;background-size: cover !important;}\u00bb][vc_single_image image=\u00bb501&#8243; img_size=\u00bbfull\u00bb alignment=\u00bbcenter\u00bb qode_css_animation=\u00bb\u00bb][\/vc_column_inner][vc_column_inner width=\u00bb7\/12&#8243; css=\u00bb.vc_custom_1547667002860{padding-top: 50px !important;padding-right: 40px !important;padding-bottom: 0px !important;padding-left: 50px !important;}\u00bb][vc_column_text]<\/p>\n<h2 style=\"text-align: left;\">CONTACTO<\/h2>\n<p>[\/vc_column_text][vc_separator type=\u00bbsmall\u00bb position=\u00bbleft\u00bb color=\u00bb#dc5500&#8243; thickness=\u00bb2&#8243; width=\u00bb150&#8243; up=\u00bb10&#8243; down=\u00bb10&#8243;]\n<div class=\"wpcf7 no-js\" id=\"wpcf7-f1002-o1\" lang=\"en-US\" dir=\"ltr\">\n<div class=\"screen-reader-response\"><p role=\"status\" aria-live=\"polite\" aria-atomic=\"true\"><\/p> <ul><\/ul><\/div>\n<form action=\"\/prueba\/es\/wp-json\/wp\/v2\/pages\/139#wpcf7-f1002-o1\" method=\"post\" class=\"wpcf7-form init default\" aria-label=\"Contact form\" novalidate=\"novalidate\" data-status=\"init\">\n<div style=\"display: none;\">\n<input type=\"hidden\" name=\"_wpcf7\" value=\"1002\" \/>\n<input type=\"hidden\" name=\"_wpcf7_version\" value=\"5.9.5\" \/>\n<input type=\"hidden\" name=\"_wpcf7_locale\" value=\"en_US\" \/>\n<input type=\"hidden\" name=\"_wpcf7_unit_tag\" value=\"wpcf7-f1002-o1\" \/>\n<input type=\"hidden\" name=\"_wpcf7_container_post\" value=\"0\" \/>\n<input type=\"hidden\" name=\"_wpcf7_posted_data_hash\" value=\"\" \/>\n<\/div>\n<div id=\"responsive-form\" class=\"clearfix\">\n\t<div style=\"color:#000000;\">\n\t\t<p>Nombre: <span class=\"wpcf7-form-control-wrap\" data-name=\"text-641\"><input size=\"40\" class=\"wpcf7-form-control wpcf7-text wpcf7-validates-as-required\" aria-required=\"true\" aria-invalid=\"false\" placeholder=\"Nombre y apellido\" value=\"\" type=\"text\" name=\"text-641\" \/><\/span>\n\t\t<\/p>\n\t<\/div>\n\t<div style=\"color:#000000;\">\n\t\t<p>email: <span class=\"wpcf7-form-control-wrap\" data-name=\"email-749\"><input size=\"40\" class=\"wpcf7-form-control wpcf7-email wpcf7-validates-as-required wpcf7-text wpcf7-validates-as-email\" aria-required=\"true\" aria-invalid=\"false\" placeholder=\"email\" value=\"\" type=\"email\" name=\"email-749\" \/><\/span>\n\t\t<\/p>\n\t<\/div>\n\t<div style=\"color:#000000;\">\n\t\t<p>Tiene algun seguro? : <span class=\"wpcf7-form-control-wrap\" data-name=\"text-643\"><input size=\"40\" class=\"wpcf7-form-control wpcf7-text wpcf7-validates-as-required\" aria-required=\"true\" aria-invalid=\"false\" placeholder=\"Tiene algun seguro?\" value=\"\" type=\"text\" name=\"text-643\" \/><\/span>\n\t\t<\/p>\n\t<\/div>\n\t<div style=\"color:#000000;\">\n\t\t<p>Que seguro tiene? : <span class=\"wpcf7-form-control-wrap\" data-name=\"text-644\"><input size=\"40\" class=\"wpcf7-form-control wpcf7-text wpcf7-validates-as-required\" aria-required=\"true\" aria-invalid=\"false\" placeholder=\"Que seguro tiene\" value=\"\" type=\"text\" name=\"text-644\" \/><\/span>\n\t\t<\/p>\n\t<\/div>\n\t<div style=\"color:#000000;\">\n\t\t<p>\u00bfCu\u00e1l es su mejor disponibilidad durante la semana para una consulta?: <span class=\"wpcf7-form-control-wrap\" data-name=\"text-645\"><input size=\"40\" class=\"wpcf7-form-control wpcf7-text wpcf7-validates-as-required\" aria-required=\"true\" aria-invalid=\"false\" placeholder=\"\u00bfCu\u00e1l es su mejor disponibilidad durante la semana para una consulta?\" value=\"\" type=\"text\" name=\"text-645\" \/><\/span>\n\t\t<\/p>\n\t<\/div>\n<\/div>\n<div class=\"form-row\">\n\t<div class=\"column-full\">\n\t\t<p><input class=\"wpcf7-form-control wpcf7-submit has-spinner\" type=\"submit\" value=\"Enviar\" \/>\n\t\t<\/p>\n\t<\/div>\n<\/div>\n<!--end responsive-form--><div class=\"wpcf7-response-output\" aria-hidden=\"true\"><\/div>\n<\/form>\n<\/div>\n[\/vc_column_inner][\/vc_row_inner][\/vc_column][\/vc_row][vc_row css_animation=\u00bb\u00bb row_type=\u00bbrow\u00bb use_row_as_full_screen_section=\u00bbno\u00bb type=\u00bbgrid\u00bb angled_section=\u00bbno\u00bb text_align=\u00bbleft\u00bb background_image_as_pattern=\u00bbwithout_pattern\u00bb z_index=\u00bb\u00bb css=\u00bb.vc_custom_1547666917552{padding-top: 90px !important;padding-bottom: 90px !important;background-color: #f6f6f6 !important;}\u00bb][vc_column css_animation=\u00bbfadeIn\u00bb css=\u00bb.vc_custom_1547669049342{margin-top: 5px !important;margin-right: 0px !important;margin-left: 0px !important;}\u00bb offset=\u00bbvc_col-md-4&#8243;][qode_elements_holder number_of_columns=\u00bbfour_columns\u00bb][qode_elements_holder_item background_color=\u00bb#ffffff\u00bb item_padding=\u00bb50px 35px 22px\u00bb horizontal_alignment=\u00bbcenter\u00bb advanced_animations=\u00bbno\u00bb item_padding_1024_1280=\u00bb50px 18px 22px\u00bb item_padding_600_768=\u00bb50px 120px 22px\u00bb custom_class=\u00bbeh-with-shadow\u00bb][vc_single_image image=\u00bb159&#8243; img_size=\u00bbfull\u00bb alignment=\u00bbcenter\u00bb qode_css_animation=\u00bb\u00bb][vc_empty_space height=\u00bb35px\u00bb][vc_column_text]<\/p>\n<h3>Oficina de Astoria<\/h3>\n<p>[\/vc_column_text][vc_separator type=\u00bbsmall\u00bb position=\u00bbcenter\u00bb color=\u00bb#000000&#8243; thickness=\u00bb2&#8243; width=\u00bb70&#8243; up=\u00bb20&#8243; down=\u00bb21&#8243;][vc_column_text]3051 Calle 36 1er Piso Astoria NY 11103<\/p>\n<p>&nbsp;<\/p>\n<p>La oficina se encuentra cerca de la estaci\u00f3n de la Av. 30 (tren N\/W) y la estaci\u00f3n Steinway (trenes R, M y F) en Astoria, Queens.[\/vc_column_text][vc_empty_space height=\u00bb7px\u00bb][\/qode_elements_holder_item][\/qode_elements_holder][\/vc_column][vc_column css_animation=\u00bbfadeIn\u00bb css=\u00bb.vc_custom_1547669056406{margin-top: 5px !important;}\u00bb offset=\u00bbvc_col-md-4&#8243;][qode_elements_holder number_of_columns=\u00bbfour_columns\u00bb][qode_elements_holder_item background_color=\u00bb#ffffff\u00bb item_padding=\u00bb50px 35px 22px\u00bb horizontal_alignment=\u00bbcenter\u00bb advanced_animations=\u00bbno\u00bb item_padding_1024_1280=\u00bb50px 18px 22px\u00bb item_padding_600_768=\u00bb50px 120px 22px\u00bb custom_class=\u00bbeh-with-shadow\u00bb][vc_single_image image=\u00bb159&#8243; img_size=\u00bbfull\u00bb alignment=\u00bbcenter\u00bb qode_css_animation=\u00bb\u00bb][vc_empty_space height=\u00bb35px\u00bb][vc_column_text]<\/p>\n<h3>Oficina de Nueva York<\/h3>\n<p>[\/vc_column_text][vc_separator type=\u00bbsmall\u00bb position=\u00bbcenter\u00bb color=\u00bb#000000&#8243; thickness=\u00bb2&#8243; width=\u00bb70&#8243; up=\u00bb20&#8243; down=\u00bb21&#8243;][vc_column_text]303 Quinta Av suite #1309 Nueva York, NY 10016<\/p>\n<p>&nbsp;<\/p>\n<p>Quinta Avenida entre las calles 31 y 32: L\u00edneas del subterr\u00e1neo 1, 2, 3, 6, N, R, Q, F, D Cerca a la estaci\u00f3n Pennsylvania y trenes mencionados.[\/vc_column_text][vc_empty_space height=\u00bb7px\u00bb][\/qode_elements_holder_item][\/qode_elements_holder][\/vc_column][vc_column css_animation=\u00bbfadeIn\u00bb css=\u00bb.vc_custom_1547669069980{margin-top: 5px !important;}\u00bb offset=\u00bbvc_col-md-4&#8243;][qode_elements_holder number_of_columns=\u00bbfour_columns\u00bb][qode_elements_holder_item background_color=\u00bb#ffffff\u00bb item_padding=\u00bb50px 35px 22px\u00bb horizontal_alignment=\u00bbcenter\u00bb advanced_animations=\u00bbno\u00bb item_padding_1024_1280=\u00bb50px 18px 22px\u00bb item_padding_600_768=\u00bb50px 120px 22px\u00bb custom_class=\u00bbeh-with-shadow\u00bb][vc_single_image image=\u00bb160&#8243; img_size=\u00bbfull\u00bb alignment=\u00bbcenter\u00bb qode_css_animation=\u00bb\u00bb][vc_empty_space height=\u00bb35px\u00bb][vc_column_text]<\/p>\n<h3>917 370 3474<\/h3>\n<p>[\/vc_column_text][vc_separator type=\u00bbsmall\u00bb position=\u00bbcenter\u00bb color=\u00bb#000000&#8243; thickness=\u00bb2&#8243; width=\u00bb70&#8243; up=\u00bb20&#8243; down=\u00bb21&#8243;][vc_column_text]No dude en contactarme si tiene m\u00e1s preguntas sobre mis servicios o si desea programar una cita por tel\u00e9fono. Puede enviarme un email o llamarme.[\/vc_column_text][vc_empty_space height=\u00bb7px\u00bb][\/qode_elements_holder_item][\/qode_elements_holder][\/vc_column][vc_column][vc_empty_space][vc_row_inner row_type=\u00bbrow\u00bb type=\u00bbfull_width\u00bb text_align=\u00bbleft\u00bb css_animation=\u00bb\u00bb][vc_column_inner width=\u00bb1\/2&#8243;][vc_gmaps link=\u00bb#E-8_JTNDaWZyYW1lJTIwc3JjJTNEJTIyaHR0cHMlM0ElMkYlMkZ3d3cuZ29vZ2xlLmNvbSUyRm1hcHMlMkZlbWJlZCUzRnBiJTNEJTIxMW0xOCUyMTFtMTIlMjExbTMlMjExZDMwMjEuOTI4NjYwMTE5NTA4JTIxMmQtNzMuOTIwMzM5Nzg0ODQ1MDMlMjEzZDQwLjc2MzU5Mzc3OTMyNjMxNCUyMTJtMyUyMTFmMCUyMTJmMCUyMTNmMCUyMTNtMiUyMTFpMTAyNCUyMTJpNzY4JTIxNGYxMy4xJTIxM20zJTIxMW0yJTIxMXMweDg5YzI1ZjNmMmM1NmY4OWYlMjUzQTB4YTA5NjgyYWFiMGNjZDU2MyUyMTJzMzAtNTElMjUyMDM2dGglMjUyMFN0JTI1MjAxc3QlMjUyMGZsb29yJTI1MkMlMjUyMEFzdG9yaWElMjUyQyUyNTIwTlklMjUyMDExMTAzJTI1MkMlMjUyMEVFLiUyNTIwVVUuJTIxNWUwJTIxM20yJTIxMXNlcy00MTklMjEyc3ZlJTIxNHYxNjExMTg5NzU2MDAxJTIxNW0yJTIxMXNlcy00MTklMjEyc3ZlJTIyJTIwd2lkdGglM0QlMjI2MDAlMjIlMjBoZWlnaHQlM0QlMjI0NTAlMjIlMjBmcmFtZWJvcmRlciUzRCUyMjAlMjIlMjBzdHlsZSUzRCUyMmJvcmRlciUzQTAlM0IlMjIlMjBhbGxvd2Z1bGxzY3JlZW4lM0QlMjIlMjIlMjBhcmlhLWhpZGRlbiUzRCUyMmZhbHNlJTIyJTIwdGFiaW5kZXglM0QlMjIwJTIyJTNFJTNDJTJGaWZyYW1lJTNF\u00bb title=\u00bbOFICINA ASTORIA\u00bb][\/vc_column_inner][vc_column_inner width=\u00bb1\/2&#8243;][vc_gmaps link=\u00bb#E-8_JTNDaWZyYW1lJTIwc3JjJTNEJTIyaHR0cHMlM0ElMkYlMkZ3d3cuZ29vZ2xlLmNvbSUyRm1hcHMlMkZlbWJlZCUzRnBiJTNEJTIxMW0xOCUyMTFtMTIlMjExbTMlMjExZDMwMjIuNzAzOTA1ODg4MTU5JTIxMmQtNzMuOTg3Nzk1NTg0NTkzOTQlMjEzZDQwLjc0NjU0MDM3OTMyODI3JTIxMm0zJTIxMWYwJTIxMmYwJTIxM2YwJTIxM20yJTIxMWkxMDI0JTIxMmk3NjglMjE0ZjEzLjElMjEzbTMlMjExbTIlMjExczB4ODljMjU5YTg2MTUxMDQwNSUyNTNBMHg2MzljZDYzNTUwOTkyMDYlMjEyczMwMyUyNTIwNXRoJTI1MjBBdmUlMjUyMCUyNTIzMTMwOSUyNTJDJTI1MjBOZXclMjUyMFlvcmslMjUyQyUyNTIwTlklMjUyMDEwMDE2JTI1MkMlMjUyMEVFLiUyNTIwVVUuJTIxNWUwJTIxM20yJTIxMXNlcy00MTklMjEyc3ZlJTIxNHYxNjExMTg4NzExMDczJTIxNW0yJTIxMXNlcy00MTklMjEyc3ZlJTIyJTIwd2lkdGglM0QlMjI2MDAlMjIlMjBoZWlnaHQlM0QlMjI0NTAlMjIlMjBmcmFtZWJvcmRlciUzRCUyMjAlMjIlMjBzdHlsZSUzRCUyMmJvcmRlciUzQTAlM0IlMjIlMjBhbGxvd2Z1bGxzY3JlZW4lM0QlMjIlMjIlMjBhcmlhLWhpZGRlbiUzRCUyMmZhbHNlJTIyJTIwdGFiaW5kZXglM0QlMjIwJTIyJTNFJTNDJTJGaWZyYW1lJTNFJTBB\u00bb title=\u00bbOFICINA NYC\u00bb][\/vc_column_inner][\/vc_row_inner][\/vc_column][\/vc_row]<\/p>\n<\/div>","protected":false},"excerpt":{"rendered":"<p>[vc_row css_animation=\u00bb\u00bb row_type=\u00bbrow\u00bb use_row_as_full_screen_section=\u00bbno\u00bb type=\u00bbfull_width\u00bb angled_section=\u00bbno\u00bb text_align=\u00bbleft\u00bb background_image_as_pattern=\u00bbwithout_pattern\u00bb][vc_column][vc_empty_space height=\u00bb50px\u00bb][vc_column_text] Contactar Psicoterapeuta GABRIELA R.GIUGGIOLONI [\/vc_column_text][\/vc_column][\/vc_row][vc_row css_animation=\u00bb\u00bb row_type=\u00bbrow\u00bb use_row_as_full_screen_section=\u00bbno\u00bb type=\u00bbfull_width\u00bb angled_section=\u00bbno\u00bb text_align=\u00bbleft\u00bb background_image_as_pattern=\u00bbwithout_pattern\u00bb css=\u00bb.vc_custom_1547666949675{background-color: #ffffff !important;}\u00bb z_index=\u00bb\u00bb][vc_column css_animation=\u00bbfadeIn\u00bb el_id=\u00bbFormContact\u00bb][vc_row_inner row_type=\u00bbrow\u00bb type=\u00bbfull_width\u00bb text_align=\u00bbleft\u00bb css_animation=\u00bb\u00bb][vc_column_inner width=\u00bb5\/12&#8243; css=\u00bb.vc_custom_1547666770232{padding-top: 0px !important;padding-right: 0px !important;padding-bottom: 0px !important;padding-left: 0px !important;background-position: center !important;background-repeat: no-repeat !important;background-size:&#8230;<\/p>\n","protected":false},"author":1,"featured_media":0,"parent":0,"menu_order":0,"comment_status":"closed","ping_status":"closed","template":"full_width.php","meta":{"footnotes":""},"yst_prominent_words":[196,340,199,449,339,268,341,264,338,337,342,283,282],"class_list":["post-139","page","type-page","status-publish","hentry"],"_links":{"self":[{"href":"https:\/\/grgtherapy.com\/prueba\/es\/wp-json\/wp\/v2\/pages\/139","targetHints":{"allow":["GET"]}}],"collection":[{"href":"https:\/\/grgtherapy.com\/prueba\/es\/wp-json\/wp\/v2\/pages"}],"about":[{"href":"https:\/\/grgtherapy.com\/prueba\/es\/wp-json\/wp\/v2\/types\/page"}],"author":[{"embeddable":true,"href":"https:\/\/grgtherapy.com\/prueba\/es\/wp-json\/wp\/v2\/users\/1"}],"replies":[{"embeddable":true,"href":"https:\/\/grgtherapy.com\/prueba\/es\/wp-json\/wp\/v2\/comments?post=139"}],"version-history":[{"count":31,"href":"https:\/\/grgtherapy.com\/prueba\/es\/wp-json\/wp\/v2\/pages\/139\/revisions"}],"predecessor-version":[{"id":1434,"href":"https:\/\/grgtherapy.com\/prueba\/es\/wp-json\/wp\/v2\/pages\/139\/revisions\/1434"}],"wp:attachment":[{"href":"https:\/\/grgtherapy.com\/prueba\/es\/wp-json\/wp\/v2\/media?parent=139"}],"wp:term":[{"taxonomy":"yst_prominent_words","embeddable":true,"href":"https:\/\/grgtherapy.com\/prueba\/es\/wp-json\/wp\/v2\/yst_prominent_words?post=139"}],"curies":[{"name":"wp","href":"https:\/\/api.w.org\/{rel}","templated":true}]}}