{"id":1477,"date":"2021-02-01T18:31:07","date_gmt":"2021-02-01T23:31:07","guid":{"rendered":"https:\/\/grgtherapy.com\/prueba\/?page_id=1477"},"modified":"2021-02-01T18:32:01","modified_gmt":"2021-02-01T23:32:01","slug":"terapia-individual","status":"publish","type":"page","link":"https:\/\/grgtherapy.com\/prueba\/es\/terapia-individual\/","title":{"rendered":"Terapia Individual"},"content":{"rendered":"<div class=\"wpb-content-wrapper\"><p>[vc_row css_animation=\u00bb\u00bb row_type=\u00bbrow\u00bb use_row_as_full_screen_section=\u00bbno\u00bb type=\u00bbfull_width\u00bb angled_section=\u00bbno\u00bb text_align=\u00bbleft\u00bb background_image_as_pattern=\u00bbwithout_pattern\u00bb css=\u00bb.vc_custom_1547579520048{background-color: #ffffff !important;}\u00bb z_index=\u00bb\u00bb][vc_column css_animation=\u00bbfadeIn\u00bb width=\u00bb1\/2&#8243;][vc_column_text css=\u00bb.vc_custom_1592587916064{margin-top: 30px !important;margin-bottom: 20px !important;}\u00bb]<img loading=\"lazy\" decoding=\"async\" class=\"aligncenter wp-image-327\" src=\"https:\/\/grgtherapy.com\/prueba\/wp-content\/uploads\/2019\/01\/TerapiaIndividual-icon.png\" alt=\"psicoterapia individual\" width=\"139\" height=\"105\" \/>[\/vc_column_text][vc_column_text]<\/p>\n<h1 style=\"text-align: center;\">TERAPIA <span class=\"ColorOrange\"><br \/>\nINDIVIDUAL <\/span><\/h1>\n<p>[\/vc_column_text][vc_separator type=\u00bbsmall\u00bb position=\u00bbcenter\u00bb color=\u00bb#000000&#8243; thickness=\u00bb6&#8243; width=\u00bb105&#8243; up=\u00bb38&#8243;][vc_column_text css=\u00bb.vc_custom_1553286069627{padding-right: 40px !important;padding-left: 40px !important;}\u00bb]La psicoterapia individual da la <strong>oportunidad de des-cubrir-se<\/strong>, de desplegar todo tipo de emociones y pensamientos en un espacio privado y confidencial. \u00a0Permite la posibilidad de elaborar situaciones dolorosas presentes o pasadas y as\u00ed enfrentar situaciones futuras de una mejor forma. La terapia ayuda a <strong>reconocer y analizar<\/strong> las repeticiones de patrones o elecciones de la vida abriendo la posibilidad de ver las cosas desde una nueva perspectiva, <strong>creando nuevas posibilidades y salidas a los problemas o estancamientos.<\/strong>[\/vc_column_text][\/vc_column][vc_column css_animation=\u00bbfadeIn\u00bb width=\u00bb1\/2&#8243;][vc_column_text][\/vc_column_text]<div class='qode_parallax_layers ' style='height: 970px;' data-height=\"970\"><div class='qode_parallax_layers_holder preload_parallax_layers'><div class=\"image\" style=\"background-image:url(https:\/\/grgtherapy.com\/prueba\/wp-content\/uploads\/2019\/02\/GRG-Therapy.jpg);\" ><\/div><\/div><\/div>[\/vc_column][\/vc_row][vc_row css_animation=\u00bb\u00bb row_type=\u00bbrow\u00bb use_row_as_full_screen_section=\u00bbno\u00bb type=\u00bbfull_width\u00bb angled_section=\u00bbno\u00bb text_align=\u00bbleft\u00bb background_image_as_pattern=\u00bbwithout_pattern\u00bb css=\u00bb.vc_custom_1547579426051{padding-top: 50px !important;padding-bottom: 50px !important;background-color: #f5e1d9 !important;}\u00bb z_index=\u00bb\u00bb][vc_column css_animation=\u00bbfadeIn\u00bb][vc_column_text css=\u00bb.vc_custom_1547579407185{margin-bottom: 70px !important;}\u00bb]<\/p>\n<h3 style=\"text-align: center;\"><strong>Algunos de los beneficios de la psicoterapia son:<\/strong><\/h3>\n<p>[\/vc_column_text][vc_row_inner row_type=\u00bbrow\u00bb type=\u00bbgrid\u00bb text_align=\u00bbleft\u00bb css_animation=\u00bb\u00bb][vc_column_inner width=\u00bb1\/2&#8243;]<div class='q_list circle animate_list'><\/p>\n<ul>\n<li>El acceso a un espacio privado y confidencial para discutir sus asuntos personales.<\/li>\n<li>Ayuda a abrirse a emociones y a nuevos pensamientos.<\/li>\n<li>Facilita la exploraci\u00f3n de sentimientos destructivos y determinaciones inconscientes<\/li>\n<li>Permite la posibilidad de tramitar eventos traum\u00e1ticos.<\/li>\n<\/ul>\n<p><\/div>[\/vc_column_inner][vc_column_inner width=\u00bb1\/2&#8243;]<div class='q_list circle animate_list'><\/p>\n<ul>\n<li>Permite analizar determinaciones inconscientes y repeticiones.<\/li>\n<li>Provee herramientas para lidiar con problemas, frustraciones, dificultades, etc.<\/li>\n<li>Da acceso a nuevas capacidades en lo personal, laboral, social y familiar<\/li>\n<\/ul>\n<p><\/div>[\/vc_column_inner][\/vc_row_inner][\/vc_column][\/vc_row][vc_row css_animation=\u00bb\u00bb row_type=\u00bbrow\u00bb use_row_as_full_screen_section=\u00bbno\u00bb type=\u00bbgrid\u00bb angled_section=\u00bbno\u00bb text_align=\u00bbleft\u00bb background_image_as_pattern=\u00bbwithout_pattern\u00bb z_index=\u00bb\u00bb css=\u00bb.vc_custom_1547579439257{background-color: #f5e1d9 !important;}\u00bb][vc_column css_animation=\u00bbfadeIn\u00bb el_class=\u00bbContBlancoSeguro\u00bb css=\u00bb.vc_custom_1547569947432{background-color: #ffffff !important;border-radius: 10px !important;}\u00bb][vc_column_text]<\/p>\n<h2 style=\"text-align: center;\">TEMAS QUE TRABAJO<\/h2>\n<p>[\/vc_column_text][vc_column_text]<\/p>\n<h2 style=\"text-align: center;\"><strong><span class=\"ColorOrange\">EN MIS SESIONES<\/span><\/strong><\/h2>\n<p>[\/vc_column_text][vc_separator type=\u00bbsmall\u00bb position=\u00bbcenter\u00bb color=\u00bb#dc5500&#8243; thickness=\u00bb2&#8243; width=\u00bb105&#8243; up=\u00bb15&#8243;][\/vc_column][\/vc_row][vc_row css_animation=\u00bb\u00bb row_type=\u00bbrow\u00bb use_row_as_full_screen_section=\u00bbno\u00bb type=\u00bbfull_width\u00bb angled_section=\u00bbno\u00bb text_align=\u00bbleft\u00bb background_image_as_pattern=\u00bbwithout_pattern\u00bb css=\u00bb.vc_custom_1547579455872{margin-top: -60px !important;background-color: #f6f6f6 !important;}\u00bb z_index=\u00bb\u00bb][vc_column css_animation=\u00bbtop-to-bottom\u00bb css=\u00bb.vc_custom_1547752314216{padding-top: 44px !important;padding-bottom: 44px !important;}\u00bb el_class=\u00bbColumnListTemas\u00bb][vc_row_inner row_type=\u00bbrow\u00bb type=\u00bbgrid\u00bb text_align=\u00bbleft\u00bb padding_top=\u00bb30&#8243; css_animation=\u00bb\u00bb][vc_column_inner width=\u00bb1\/4&#8243;][vc_column_text]<\/p>\n<ul class=\"ListServices\">\n<li><i class=\"qode_icon_font_awesome fa fa-check-circle qode_icon_element IconServices\"><\/i>Confianza<\/li>\n<li><i class=\"qode_icon_font_awesome fa fa-check-circle qode_icon_element IconServices\"><\/i>Estr\u00e9s<\/li>\n<li><i class=\"qode_icon_font_awesome fa fa-check-circle qode_icon_element IconServices\"><\/i>Citas<\/li>\n<li><i class=\"qode_icon_font_awesome fa fa-check-circle qode_icon_element IconServices\"><\/i>Problemas de intimidad<\/li>\n<li><i class=\"qode_icon_font_awesome fa fa-check-circle qode_icon_element IconServices\"><\/i>Conflictos en relaciones<\/li>\n<li><i class=\"qode_icon_font_awesome fa fa-check-circle qode_icon_element IconServices\"><\/i>Problemas familiares<\/li>\n<li><i class=\"qode_icon_font_awesome fa fa-check-circle qode_icon_element IconServices\"><\/i>Panic attacks<\/li>\n<li><i class=\"qode_icon_font_awesome fa fa-check-circle qode_icon_element IconServices\"><\/i>ADHD\/ADD<\/li>\n<\/ul>\n<p>[\/vc_column_text][\/vc_column_inner][vc_column_inner width=\u00bb1\/4&#8243;][vc_column_text]<\/p>\n<ul class=\"ListServices\">\n<li><i class=\"qode_icon_font_awesome fa fa-check-circle qode_icon_element IconServices\"><\/i>Patrones de malfuncionamiento<\/li>\n<li><i class=\"qode_icon_font_awesome fa fa-check-circle qode_icon_element IconServices\"><\/i>S\u00edntomas psicosom\u00e1ticos<\/li>\n<li><i class=\"qode_icon_font_awesome fa fa-check-circle qode_icon_element IconServices\"><\/i>Tristeza<\/li>\n<li><i class=\"qode_icon_font_awesome fa fa-check-circle qode_icon_element IconServices\"><\/i>Habilidades sociales\/socializaci\u00f3n<\/li>\n<li><i class=\"qode_icon_font_awesome fa fa-check-circle qode_icon_element IconServices\"><\/i>Problemas de inmigraci\u00f3n\/ajuste<\/li>\n<li><i class=\"qode_icon_font_awesome fa fa-check-circle qode_icon_element IconServices\"><\/i>TEPT<\/li>\n<li><i class=\"qode_icon_font_awesome fa fa-check-circle qode_icon_element IconServices\"><\/i>P\u00e9rdida y duelo<\/li>\n<li><i class=\"qode_icon_font_awesome fa fa-check-circle qode_icon_element IconServices\"><\/i>Retiro<\/li>\n<\/ul>\n<p>[\/vc_column_text][\/vc_column_inner][vc_column_inner width=\u00bb1\/4&#8243;][vc_column_text]<\/p>\n<ul class=\"ListServices\">\n<li><i class=\"qode_icon_font_awesome fa fa-check-circle qode_icon_element IconServices\"><\/i>Gu\u00eda vocacional<\/li>\n<li><i class=\"qode_icon_font_awesome fa fa-check-circle qode_icon_element IconServices\"><\/i>Insomnio<\/li>\n<li><i class=\"qode_icon_font_awesome fa fa-check-circle qode_icon_element IconServices\"><\/i>Ansiedad<\/li>\n<li><i class=\"qode_icon_font_awesome fa fa-check-circle qode_icon_element IconServices\"><\/i>Problemas en el sexo<\/li>\n<li><i class=\"qode_icon_font_awesome fa fa-check-circle qode_icon_element IconServices\"><\/i>Ansiedad Social<\/li>\n<li><i class=\"qode_icon_font_awesome fa fa-check-circle qode_icon_element IconServices\"><\/i>Depresi\u00f3n<\/li>\n<li><i class=\"qode_icon_font_awesome fa fa-check-circle qode_icon_element IconServices\"><\/i> TOC<\/li>\n<li><i class=\"qode_icon_font_awesome fa fa-check-circle qode_icon_element IconServices\"><\/i>Binge Eating<\/li>\n<\/ul>\n<p>[\/vc_column_text][\/vc_column_inner][vc_column_inner width=\u00bb1\/4&#8243;][vc_column_text]<\/p>\n<ul class=\"ListServices\">\n<li><i class=\"qode_icon_font_awesome fa fa-check-circle qode_icon_element IconServices\"><\/i>Problemas relacionados al trabajo\/escuela<\/li>\n<li><i class=\"qode_icon_font_awesome fa fa-check-circle qode_icon_element IconServices\"><\/i>Determinaciones inconscientes<\/li>\n<li><i class=\"qode_icon_font_awesome fa fa-check-circle qode_icon_element IconServices\"><\/i>Falta de concentraci\u00f3n<\/li>\n<li><i class=\"qode_icon_font_awesome fa fa-check-circle qode_icon_element IconServices\"><\/i>Problemas LGBTQ<\/li>\n<li><i class=\"qode_icon_font_awesome fa fa-check-circle qode_icon_element IconServices\"><\/i>Enfermedades cr\u00f3nicas<\/li>\n<li><i class=\"qode_icon_font_awesome fa fa-check-circle qode_icon_element IconServices\"><\/i>Desarrollo personal<\/li>\n<li><i class=\"qode_icon_font_awesome fa fa-check-circle qode_icon_element IconServices\"><\/i>Desapego<\/li>\n<\/ul>\n<p>[\/vc_column_text][\/vc_column_inner][\/vc_row_inner][\/vc_column][\/vc_row][vc_row css_animation=\u00bb\u00bb row_type=\u00bbrow\u00bb use_row_as_full_screen_section=\u00bbyes\u00bb type=\u00bbgrid\u00bb angled_section=\u00bbno\u00bb text_align=\u00bbleft\u00bb background_image_as_pattern=\u00bbwithout_pattern\u00bb css=\u00bb.vc_custom_1547500212554{padding-top: 60px !important;padding-bottom: 60px !important;background-color: #f6f6f6 !important;}\u00bb z_index=\u00bb\u00bb][vc_column css_animation=\u00bbfadeIn\u00bb][vc_row_inner row_type=\u00bbrow\u00bb type=\u00bbgrid\u00bb text_align=\u00bbleft\u00bb css_animation=\u00bb\u00bb css=\u00bb.vc_custom_1547233654078{padding-top: 70px !important;padding-bottom: 70px !important;background-color: #f9f9f9 !important;}\u00bb el_class=\u00bbContBlancoSeguro\u00bb][vc_column_inner width=\u00bb1\/6&#8243;][\/vc_column_inner][vc_column_inner width=\u00bb2\/3&#8243;][vc_column_text]<\/p>\n<h2 class=\"FontSeguro\" style=\"text-align: center;\">MI SEGURO CUBRE<br \/>\nMIS SESIONES ?<\/h2>\n<p>[\/vc_column_text][vc_column_text css=\u00bb.vc_custom_1550173838942{margin-top: 20px !important;}\u00bb]<\/p>\n<p style=\"text-align: center;\">Estoy en la red de algunas compa\u00f1\u00edas de seguro de salud. En el caso que no pertenezca a la red de su seguro, es posible que el mismo cubra la totalidad o una parte de mis honorarios si su plan de salud cuenta con beneficios fuera de la red. Tambi\u00e9n proveo una tarifa de escala m\u00f3vil para aquellos que califiquen en base a sus circunstancias de vida.<\/p>\n<p>[\/vc_column_text][\/vc_column_inner][vc_column_inner width=\u00bb1\/6&#8243;][\/vc_column_inner][\/vc_row_inner][\/vc_column][\/vc_row][vc_row css_animation=\u00bb\u00bb row_type=\u00bbrow\u00bb use_row_as_full_screen_section=\u00bbno\u00bb type=\u00bbgrid\u00bb angled_section=\u00bbno\u00bb text_align=\u00bbleft\u00bb background_image_as_pattern=\u00bbwithout_pattern\u00bb z_index=\u00bb\u00bb css=\u00bb.vc_custom_1547500222812{margin-bottom: 50px !important;}\u00bb][vc_column css_animation=\u00bbfadeIn\u00bb][vc_column_text css=\u00bb.vc_custom_1553286348193{margin-bottom: 30px !important;}\u00bb]<\/p>\n<p style=\"text-align: center;\">Proveo <span class=\"ColorOrangeBold\">teleterapia o sesiones telef\u00f3nicas<\/span> en determinados casos.<br \/>\nPuede comunicarse por email o tel\u00e9fono para solicitar m\u00e1s informaci\u00f3n sobre este servicio. <span class=\"ColorOrangeBold\">( 917 ) 370 3474<\/span><\/p>\n<p>[\/vc_column_text][\/vc_column][\/vc_row]<\/p>\n<\/div>","protected":false},"excerpt":{"rendered":"<p>[vc_row css_animation=\u00bb\u00bb row_type=\u00bbrow\u00bb use_row_as_full_screen_section=\u00bbno\u00bb type=\u00bbfull_width\u00bb angled_section=\u00bbno\u00bb text_align=\u00bbleft\u00bb background_image_as_pattern=\u00bbwithout_pattern\u00bb css=\u00bb.vc_custom_1547579520048{background-color: #ffffff !important;}\u00bb z_index=\u00bb\u00bb][vc_column css_animation=\u00bbfadeIn\u00bb width=\u00bb1\/2&#8243;][vc_column_text css=\u00bb.vc_custom_1592587916064{margin-top: 30px !important;margin-bottom: 20px !important;}\u00bb][\/vc_column_text][vc_column_text] TERAPIA INDIVIDUAL [\/vc_column_text][vc_separator type=\u00bbsmall\u00bb position=\u00bbcenter\u00bb color=\u00bb#000000&#8243; thickness=\u00bb6&#8243; width=\u00bb105&#8243; up=\u00bb38&#8243;][vc_column_text css=\u00bb.vc_custom_1553286069627{padding-right: 40px !important;padding-left: 40px !important;}\u00bb]La psicoterapia individual da la oportunidad de des-cubrir-se, de desplegar todo tipo de&#8230;<\/p>\n","protected":false},"author":1,"featured_media":0,"parent":0,"menu_order":0,"comment_status":"closed","ping_status":"closed","template":"full_width.php","meta":{"footnotes":""},"yst_prominent_words":[199,331,333,335,209,202,329,213,332,238,218,328,327,330,336,210,334,208,201,200],"class_list":["post-1477","page","type-page","status-publish","hentry"],"_links":{"self":[{"href":"https:\/\/grgtherapy.com\/prueba\/es\/wp-json\/wp\/v2\/pages\/1477","targetHints":{"allow":["GET"]}}],"collection":[{"href":"https:\/\/grgtherapy.com\/prueba\/es\/wp-json\/wp\/v2\/pages"}],"about":[{"href":"https:\/\/grgtherapy.com\/prueba\/es\/wp-json\/wp\/v2\/types\/page"}],"author":[{"embeddable":true,"href":"https:\/\/grgtherapy.com\/prueba\/es\/wp-json\/wp\/v2\/users\/1"}],"replies":[{"embeddable":true,"href":"https:\/\/grgtherapy.com\/prueba\/es\/wp-json\/wp\/v2\/comments?post=1477"}],"version-history":[{"count":2,"href":"https:\/\/grgtherapy.com\/prueba\/es\/wp-json\/wp\/v2\/pages\/1477\/revisions"}],"predecessor-version":[{"id":1490,"href":"https:\/\/grgtherapy.com\/prueba\/es\/wp-json\/wp\/v2\/pages\/1477\/revisions\/1490"}],"wp:attachment":[{"href":"https:\/\/grgtherapy.com\/prueba\/es\/wp-json\/wp\/v2\/media?parent=1477"}],"wp:term":[{"taxonomy":"yst_prominent_words","embeddable":true,"href":"https:\/\/grgtherapy.com\/prueba\/es\/wp-json\/wp\/v2\/yst_prominent_words?post=1477"}],"curies":[{"name":"wp","href":"https:\/\/api.w.org\/{rel}","templated":true}]}}