{"id":430,"date":"2019-01-14T22:03:53","date_gmt":"2019-01-14T22:03:53","guid":{"rendered":"https:\/\/grgtherapy.com\/prueba\/?page_id=430"},"modified":"2021-01-24T14:00:39","modified_gmt":"2021-01-24T19:00:39","slug":"terapia-de-pareja","status":"publish","type":"page","link":"https:\/\/grgtherapy.com\/prueba\/es\/terapia-de-pareja\/","title":{"rendered":"Terapia de Parejas"},"content":{"rendered":"<div class=\"wpb-content-wrapper\"><p>[vc_row css_animation=\u00bb\u00bb row_type=\u00bbrow\u00bb use_row_as_full_screen_section=\u00bbno\u00bb type=\u00bbfull_width\u00bb angled_section=\u00bbno\u00bb text_align=\u00bbleft\u00bb background_image_as_pattern=\u00bbwithout_pattern\u00bb css=\u00bb.vc_custom_1547572206400{background-color: #ffffff !important;}\u00bb z_index=\u00bb\u00bb][vc_column css_animation=\u00bbfadeIn\u00bb width=\u00bb1\/2&#8243; css=\u00bb.vc_custom_1547579631437{margin-top: 20px !important;}\u00bb][vc_column_text css=\u00bb.vc_custom_1592587846753{margin-top: 30px !important;margin-bottom: 20px !important;}\u00bb]<img loading=\"lazy\" decoding=\"async\" class=\"aligncenter wp-image-54 size-full\" src=\"https:\/\/grgtherapy.com\/prueba\/wp-content\/uploads\/2018\/02\/home-custom-icon-1.png\" alt=\"Terapia de pareja\" width=\"144\" height=\"105\" \/>[\/vc_column_text][vc_column_text]<\/p>\n<h1 style=\"text-align: center;\">TERAPIA DE <span class=\"ColorOrange\"><br \/>\nPAREJAS<\/span><\/h1>\n<p>[\/vc_column_text][vc_separator type=\u00bbsmall\u00bb position=\u00bbcenter\u00bb color=\u00bb#000000&#8243; thickness=\u00bb6&#8243; width=\u00bb105&#8243; up=\u00bb38&#8243;][vc_column_text css=\u00bb.vc_custom_1550171811208{padding-right: 40px !important;padding-left: 40px !important;}\u00bb]<b>La terapia de pareja asiste a las parejas y matrimonios a resolver conflictos<\/b> y problemas que no pueden manejar de manera efectiva por su cuenta. La terapia de pareja <b>ayuda a explorar la <\/b><b>din\u00e1mica de relaci\u00f3n e<\/b><b> incrementar la consciencia sobre las emociones propias y del otro<\/b><b>.<\/b> Los problemas personales son trabajados muchas veces individualmente para minimizar su impacto en la relaci\u00f3n y la din\u00e1mica de la pareja.[\/vc_column_text][\/vc_column][vc_column css_animation=\u00bbfadeIn\u00bb width=\u00bb1\/2&#8243;][vc_column_text][\/vc_column_text]<div class='qode_parallax_layers ' style='height: 970px;' data-height=\"970\"><div class='qode_parallax_layers_holder preload_parallax_layers'><div class=\"image\" style=\"background-image:url(https:\/\/grgtherapy.com\/prueba\/wp-content\/uploads\/2019\/01\/Pareja.jpg);\" ><\/div><\/div><\/div>[\/vc_column][\/vc_row][vc_row css_animation=\u00bb\u00bb row_type=\u00bbrow\u00bb use_row_as_full_screen_section=\u00bbno\u00bb type=\u00bbfull_width\u00bb angled_section=\u00bbno\u00bb text_align=\u00bbleft\u00bb background_image_as_pattern=\u00bbwithout_pattern\u00bb css=\u00bb.vc_custom_1547572269183{padding-top: 50px !important;padding-bottom: 50px !important;background-color: #f5e1d9 !important;}\u00bb z_index=\u00bb\u00bb][vc_column css_animation=\u00bbfadeIn\u00bb][vc_column_text css=\u00bb.vc_custom_1547578619239{margin-bottom: 70px !important;}\u00bb]<\/p>\n<h3 style=\"text-align: center;\"><strong>\u00bfCuales son los beneficios de la Terapia de Parejas?<\/strong><\/h3>\n<p>[\/vc_column_text][vc_row_inner row_type=\u00bbrow\u00bb type=\u00bbgrid\u00bb text_align=\u00bbleft\u00bb css_animation=\u00bb\u00bb][vc_column_inner width=\u00bb1\/2&#8243;]<div class='q_list circle animate_list'><\/p>\n<ul>\n<li>Ayuda a identificar problemas personales y responsabilidades en los problemas de la pareja.<\/li>\n<li>Permite que los miembros de la pareja creen un concepto m\u00e1s realista de qui\u00e9n realmente es su pareja..<\/li>\n<\/ul>\n<p><\/div>[\/vc_column_inner][vc_column_inner width=\u00bb1\/2&#8243;]<div class='q_list circle animate_list'><\/p>\n<ul>\n<li><span style=\"font-weight: 400;\">Facilita identificar problemas en la din\u00e1mica de la pareja<\/span>.<\/li>\n<li><span style=\"font-weight: 400;\">Promueve la comunicaci\u00f3n y la conexi\u00f3n emocional con el otro<\/span>.<\/li>\n<\/ul>\n<p><\/div>[\/vc_column_inner][\/vc_row_inner][\/vc_column][\/vc_row][vc_row css_animation=\u00bb\u00bb row_type=\u00bbrow\u00bb use_row_as_full_screen_section=\u00bbno\u00bb type=\u00bbgrid\u00bb angled_section=\u00bbno\u00bb text_align=\u00bbleft\u00bb background_image_as_pattern=\u00bbwithout_pattern\u00bb z_index=\u00bb\u00bb css=\u00bb.vc_custom_1547572413812{background-color: #f5e1d9 !important;}\u00bb][vc_column css_animation=\u00bbfadeIn\u00bb el_class=\u00bbContBlancoSeguro\u00bb css=\u00bb.vc_custom_1547579660619{background-color: #ffffff !important;border-radius: 10px !important;}\u00bb][vc_column_text]<\/p>\n<h2 style=\"text-align: center;\">PROBLEMAS POR LOS QUE LAS<\/h2>\n<p>[\/vc_column_text][vc_column_text]<\/p>\n<h2 style=\"text-align: center;\"><strong><span class=\"ColorOrange\">PAREJAS ASISTEN A TERAPIA<\/span><\/strong><\/h2>\n<p>[\/vc_column_text][vc_separator type=\u00bbsmall\u00bb position=\u00bbcenter\u00bb color=\u00bb#dc5500&#8243; thickness=\u00bb2&#8243; width=\u00bb105&#8243; up=\u00bb15&#8243;][\/vc_column][\/vc_row][vc_row css_animation=\u00bb\u00bb row_type=\u00bbrow\u00bb use_row_as_full_screen_section=\u00bbno\u00bb type=\u00bbfull_width\u00bb angled_section=\u00bbno\u00bb text_align=\u00bbleft\u00bb background_image_as_pattern=\u00bbwithout_pattern\u00bb css=\u00bb.vc_custom_1547572432137{margin-top: -60px !important;background-color: #f6f6f6 !important;}\u00bb z_index=\u00bb\u00bb][vc_column css_animation=\u00bbfadeIn\u00bb css=\u00bb.vc_custom_1547752303250{padding-top: 44px !important;padding-bottom: 44px !important;}\u00bb el_class=\u00bbColumnListTemas\u00bb][vc_row_inner row_type=\u00bbrow\u00bb type=\u00bbgrid\u00bb text_align=\u00bbleft\u00bb padding_top=\u00bb30&#8243; css_animation=\u00bb\u00bb][vc_column_inner width=\u00bb1\/3&#8243;][vc_column_text]<\/p>\n<ul class=\"ListServices\">\n<li><i class=\"qode_icon_font_awesome fa fa-check-circle qode_icon_element IconServices\"><\/i>Problemas de comunicaci\u00f3n<\/li>\n<li><i class=\"qode_icon_font_awesome fa fa-check-circle qode_icon_element IconServices\"><\/i>Celos<\/li>\n<li><i class=\"qode_icon_font_awesome fa fa-check-circle qode_icon_element IconServices\"><\/i>Problemas sexuales<\/li>\n<li><i class=\"qode_icon_font_awesome fa fa-check-circle qode_icon_element IconServices\"><\/i>Infertilidad<\/li>\n<li><i class=\"qode_icon_font_awesome fa fa-check-circle qode_icon_element IconServices\"><\/i>Problemas de mezcla de familias<\/li>\n<\/ul>\n<p>[\/vc_column_text][\/vc_column_inner][vc_column_inner width=\u00bb1\/3&#8243;][vc_column_text]<\/p>\n<ul class=\"ListServices\">\n<li><i class=\"qode_icon_font_awesome fa fa-check-circle qode_icon_element IconServices\"><\/i>Parejas no convencionales<\/li>\n<li><i class=\"qode_icon_font_awesome fa fa-check-circle qode_icon_element IconServices\"><\/i>P\u00e9rdida de deseo sexual<\/li>\n<li><i class=\"qode_icon_font_awesome fa fa-check-circle qode_icon_element IconServices\"><\/i> Infidelidad<\/li>\n<li><i class=\"qode_icon_font_awesome fa fa-check-circle qode_icon_element IconServices\"><\/i> Diferencias en el estilo de crianza de los hijos<\/li>\n<li><i class=\"qode_icon_font_awesome fa fa-check-circle qode_icon_element IconServices\"><\/i>Trabajar en la separaci\u00f3n\/divorcio<\/li>\n<\/ul>\n<p>[\/vc_column_text][\/vc_column_inner][vc_column_inner width=\u00bb1\/3&#8243;][vc_column_text]<\/p>\n<ul class=\"ListServices\">\n<li><i class=\"qode_icon_font_awesome fa fa-check-circle qode_icon_element IconServices\"><\/i>Adopci\u00f3n<\/li>\n<li><i class=\"qode_icon_font_awesome fa fa-check-circle qode_icon_element IconServices\"><\/i>Problemas en relaciones LGBTQ<\/li>\n<li><i class=\"qode_icon_font_awesome fa fa-check-circle qode_icon_element IconServices\"><\/i> Tratando con la rutina y los hijos<\/li>\n<li><i class=\"qode_icon_font_awesome fa fa-check-circle qode_icon_element IconServices\"><\/i>Relaciones disfuncionales<\/li>\n<\/ul>\n<p>[\/vc_column_text][\/vc_column_inner][\/vc_row_inner][\/vc_column][\/vc_row][vc_row css_animation=\u00bb\u00bb row_type=\u00bbrow\u00bb use_row_as_full_screen_section=\u00bbyes\u00bb type=\u00bbgrid\u00bb angled_section=\u00bbno\u00bb text_align=\u00bbleft\u00bb background_image_as_pattern=\u00bbwithout_pattern\u00bb css=\u00bb.vc_custom_1547500212554{padding-top: 60px !important;padding-bottom: 60px !important;background-color: #f6f6f6 !important;}\u00bb z_index=\u00bb\u00bb][vc_column css_animation=\u00bbfadeIn\u00bb][vc_row_inner row_type=\u00bbrow\u00bb type=\u00bbgrid\u00bb text_align=\u00bbleft\u00bb css_animation=\u00bb\u00bb css=\u00bb.vc_custom_1547233654078{padding-top: 70px !important;padding-bottom: 70px !important;background-color: #f9f9f9 !important;}\u00bb el_class=\u00bbContBlancoSeguro\u00bb][vc_column_inner width=\u00bb1\/6&#8243;][\/vc_column_inner][vc_column_inner width=\u00bb2\/3&#8243;][vc_column_text]<\/p>\n<h2 class=\"FontSeguro\" style=\"text-align: center;\">MI SEGURO CUBRE<br \/>\nMIS SESIONES ?<\/h2>\n<p>[\/vc_column_text][vc_column_text css=\u00bb.vc_custom_1550173826099{margin-top: 20px !important;}\u00bb]<\/p>\n<p style=\"text-align: center;\">Estoy en la red de algunas compa\u00f1\u00edas de seguro de salud. En el caso que no pertenezca a la red de su seguro, es posible que el mismo cubra la totalidad o una parte de mis honorarios si su plan de salud cuenta con beneficios fuera de la red. Tambi\u00e9n proveo una tarifa de escala m\u00f3vil para aquellos que califiquen en base a sus circunstancias de vida.<\/p>\n<p>[\/vc_column_text][\/vc_column_inner][vc_column_inner width=\u00bb1\/6&#8243;][\/vc_column_inner][\/vc_row_inner][\/vc_column][\/vc_row][vc_row css_animation=\u00bb\u00bb row_type=\u00bbrow\u00bb use_row_as_full_screen_section=\u00bbno\u00bb type=\u00bbgrid\u00bb angled_section=\u00bbno\u00bb text_align=\u00bbleft\u00bb background_image_as_pattern=\u00bbwithout_pattern\u00bb z_index=\u00bb\u00bb css=\u00bb.vc_custom_1547572531173{margin-bottom: 50px !important;}\u00bb][vc_column css_animation=\u00bbfadeIn\u00bb][vc_column_text css=\u00bb.vc_custom_1550251400714{margin-bottom: 30px !important;}\u00bb]<\/p>\n<p style=\"text-align: center;\">Proveo <span class=\"ColorOrangeBold\">teleterapia o sesiones telef\u00f3nicas<\/span> en determinados casos.<br \/>\nPuede comunicarse por email o tel\u00e9fono para solicitar m\u00e1s informaci\u00f3n sobre este servicio. <span class=\"ColorOrangeBold\">( 917 ) 370 3474<\/span><\/p>\n<p>[\/vc_column_text][\/vc_column][\/vc_row]<\/p>\n<\/div>","protected":false},"excerpt":{"rendered":"<p>[vc_row css_animation=\u00bb\u00bb row_type=\u00bbrow\u00bb use_row_as_full_screen_section=\u00bbno\u00bb type=\u00bbfull_width\u00bb angled_section=\u00bbno\u00bb text_align=\u00bbleft\u00bb background_image_as_pattern=\u00bbwithout_pattern\u00bb css=\u00bb.vc_custom_1547572206400{background-color: #ffffff !important;}\u00bb z_index=\u00bb\u00bb][vc_column css_animation=\u00bbfadeIn\u00bb width=\u00bb1\/2&#8243; css=\u00bb.vc_custom_1547579631437{margin-top: 20px !important;}\u00bb][vc_column_text css=\u00bb.vc_custom_1592587846753{margin-top: 30px !important;margin-bottom: 20px !important;}\u00bb][\/vc_column_text][vc_column_text] TERAPIA DE PAREJAS [\/vc_column_text][vc_separator type=\u00bbsmall\u00bb position=\u00bbcenter\u00bb color=\u00bb#000000&#8243; thickness=\u00bb6&#8243; width=\u00bb105&#8243; up=\u00bb38&#8243;][vc_column_text css=\u00bb.vc_custom_1550171811208{padding-right: 40px !important;padding-left: 40px !important;}\u00bb]La terapia de pareja asiste a las parejas y&#8230;<\/p>\n","protected":false},"author":1,"featured_media":0,"parent":0,"menu_order":0,"comment_status":"closed","ping_status":"closed","template":"full_width.php","meta":{"footnotes":""},"yst_prominent_words":[199,318,326,324,322,320,256,316,321,319,317,323,238,218,207,205,203,325,311,214],"class_list":["post-430","page","type-page","status-publish","hentry"],"_links":{"self":[{"href":"https:\/\/grgtherapy.com\/prueba\/es\/wp-json\/wp\/v2\/pages\/430","targetHints":{"allow":["GET"]}}],"collection":[{"href":"https:\/\/grgtherapy.com\/prueba\/es\/wp-json\/wp\/v2\/pages"}],"about":[{"href":"https:\/\/grgtherapy.com\/prueba\/es\/wp-json\/wp\/v2\/types\/page"}],"author":[{"embeddable":true,"href":"https:\/\/grgtherapy.com\/prueba\/es\/wp-json\/wp\/v2\/users\/1"}],"replies":[{"embeddable":true,"href":"https:\/\/grgtherapy.com\/prueba\/es\/wp-json\/wp\/v2\/comments?post=430"}],"version-history":[{"count":21,"href":"https:\/\/grgtherapy.com\/prueba\/es\/wp-json\/wp\/v2\/pages\/430\/revisions"}],"predecessor-version":[{"id":1356,"href":"https:\/\/grgtherapy.com\/prueba\/es\/wp-json\/wp\/v2\/pages\/430\/revisions\/1356"}],"wp:attachment":[{"href":"https:\/\/grgtherapy.com\/prueba\/es\/wp-json\/wp\/v2\/media?parent=430"}],"wp:term":[{"taxonomy":"yst_prominent_words","embeddable":true,"href":"https:\/\/grgtherapy.com\/prueba\/es\/wp-json\/wp\/v2\/yst_prominent_words?post=430"}],"curies":[{"name":"wp","href":"https:\/\/api.w.org\/{rel}","templated":true}]}}