{"id":475,"date":"2019-01-15T21:34:20","date_gmt":"2019-01-15T21:34:20","guid":{"rendered":"https:\/\/grgtherapy.com\/prueba\/?page_id=475"},"modified":"2021-03-08T19:57:36","modified_gmt":"2021-03-09T00:57:36","slug":"evaluaciones-para-inmigracion","status":"publish","type":"page","link":"https:\/\/grgtherapy.com\/prueba\/es\/evaluaciones-para-inmigracion\/","title":{"rendered":"Evaluaciones para inmigraci\u00f3n"},"content":{"rendered":"<div class=\"wpb-content-wrapper\"><p>[vc_row css_animation=\u00bb\u00bb row_type=\u00bbrow\u00bb use_row_as_full_screen_section=\u00bbno\u00bb type=\u00bbfull_width\u00bb angled_section=\u00bbno\u00bb text_align=\u00bbleft\u00bb background_image_as_pattern=\u00bbwithout_pattern\u00bb z_index=\u00bb\u00bb][vc_column css_animation=\u00bbfadeIn\u00bb width=\u00bb1\/2&#8243; css=\u00bb.vc_custom_1547652882544{margin-top: 20px !important;}\u00bb][vc_column_text css=\u00bb.vc_custom_1592586418054{margin-top: 30px !important;margin-bottom: 20px !important;}\u00bb]<img loading=\"lazy\" decoding=\"async\" class=\"aligncenter wp-image-348 size-full\" src=\"https:\/\/grgtherapy.com\/prueba\/wp-content\/uploads\/2019\/01\/IconMigration.png\" alt=\"Evaluaciones para inmigraci\u00f3n\" width=\"144\" height=\"105\" \/>[\/vc_column_text][vc_column_text]<\/p>\n<h1 style=\"text-align: center;\">EVALUACIONES PARA <span class=\"ColorOrange\"><br \/>\nINMIGRACION<\/span><\/h1>\n<p>[\/vc_column_text][vc_separator type=\u00bbsmall\u00bb position=\u00bbcenter\u00bb color=\u00bb#000000&#8243; thickness=\u00bb6&#8243; width=\u00bb105&#8243; up=\u00bb38&#8243;][vc_column_text css=\u00bb.vc_custom_1550172648379{padding-right: 40px !important;padding-left: 40px !important;}\u00bb]<b>Realizo evaluaciones para algunos procesos de inmigraci\u00f3n.<\/b> Mi experiencia cl\u00ednica y el ser biling\u00fce, me permite <b>trabajar con diferentes comunidades y abogados<\/b> para buscar resultados exitosos en peticiones de inmigraci\u00f3n.<\/p>\n<p>&nbsp;<\/p>\n<p><b>Las evaluaciones para inmigraci\u00f3n <\/b><b>son una herramienta esencial en ciertas solicitudes de USCIS.<\/b> Procedimientos que involucran <b>Dificultad extrema, <\/b><b>Violencia dom\u00e9stica (visa VAWA), V\u00edctima de cr\u00edmenes (visa U) y Asilo pol\u00edtico<\/b>, se benefician de una exhaustiva evaluaci\u00f3n psicosocial.[\/vc_column_text][\/vc_column][vc_column css_animation=\u00bbfadeIn\u00bb width=\u00bb1\/2&#8243;]<div class='qode_parallax_layers ' style='height: 970px;' data-height=\"970\"><div class='qode_parallax_layers_holder preload_parallax_layers'><div class=\"image\" style=\"background-image:url(https:\/\/grgtherapy.com\/prueba\/wp-content\/uploads\/2019\/02\/GRG-Therapy_immigration_2.jpg);\" ><\/div><\/div><\/div>[\/vc_column][\/vc_row][vc_row css_animation=\u00bb\u00bb row_type=\u00bbrow\u00bb use_row_as_full_screen_section=\u00bbno\u00bb type=\u00bbfull_width\u00bb angled_section=\u00bbno\u00bb text_align=\u00bbleft\u00bb background_image_as_pattern=\u00bbwithout_pattern\u00bb css=\u00bb.vc_custom_1547650315469{background-color: #f5e1d9 !important;}\u00bb z_index=\u00bb\u00bb][vc_column css_animation=\u00bbfadeIn\u00bb width=\u00bb1\/2&#8243; css=\u00bb.vc_custom_1547652868862{padding-top: 310px !important;padding-right: 0px !important;padding-bottom: 310px !important;padding-left: 0px !important;background-image: url(https:\/\/grgtherapy.com\/prueba\/wp-content\/uploads\/2019\/01\/Fondo.jpg?id=492) !important;background-position: center !important;background-repeat: no-repeat !important;background-size: cover !important;}\u00bb][\/vc_column][vc_column css_animation=\u00bbfadeIn\u00bb width=\u00bb1\/2&#8243; css=\u00bb.vc_custom_1547652875876{padding-top: 60px !important;padding-right: 0px !important;padding-left: 30px !important;}\u00bb][vc_accordion active_tab=\u00bb1&#8243; style=\u00bbaccordion\u00bb][vc_accordion_tab title=\u00bbDificultad extrema\u00bb title_tag=\u00bbh2&#8243;][vc_column_text]Las evaluaciones de Dificultad Extrema ayudan a evaluar <b>el impacto potencial que la deportaci\u00f3n de un inmigrante<\/b> pueda tener sobre un ciudadano o residente americano. Este inmigrante tiene que tener una relaci\u00f3n familiar directa con el ciudadano, ya sea esposo\/a, padre, madre o hijo\/a.<\/p>\n<p>&nbsp;<\/p>\n<p><b>Es importante documentar y analizar diversos factores como historia personal, din\u00e1mica familiar, problemas m\u00e9dicos, problemas psicol\u00f3gicos, factores sociales\/financieros <\/b><b>entre muchos otros<\/b> a trav\u00e9s de una evaluaci\u00f3n comprensiva del ciudadano o residente.[\/vc_column_text][\/vc_accordion_tab][vc_accordion_tab title=\u00bbAsilo Pol\u00edtico\u00bb title_tag=\u00bbh2&#8243;][vc_column_text]Las evaluaciones psicosociales para Asilo Pol\u00edtico <b>son importantes para recolectar informaci\u00f3n sobre abuso o maltrato<\/b> y, para entender mejor el impacto psicol\u00f3gico que la privaci\u00f3n extrema, trauma psicol\u00f3gico, tortura y\/o estr\u00e9s psicol\u00f3gico puedan haber causado en el inmigrante como causa de conflictos pol\u00edticos o sociales en su pa\u00eds de origen. Estas evaluaciones son importantes para identificar un trauma potencial, des\u00f3rdenes mentales y TEPT.[\/vc_column_text][\/vc_accordion_tab][vc_accordion_tab title=\u00bbViolencia Dom\u00e9stica \u2013 Visa VAWA\u00bb title_tag=\u00bbh2&#8243;][vc_column_text]<b>La evaluaci\u00f3n psicosocial de Violencia Dom\u00e9stica <\/b>ayuda a determinar el impacto psicol\u00f3gico del abuso y a conocer si el abuso a\u00fan est\u00e1 presente. Esta evaluaci\u00f3n <b>es importante ya que el abuso puede no ser siempre obvio.<\/b> En casos de inmigraci\u00f3n, <b>las evaluaciones migratorias pueden ser cr\u00edticas para demostrar la existencia de violencia dom\u00e9stica o abuso<\/b>, los cuales pueden incluir: abuso f\u00edsico, verbal y\/o sexual.[\/vc_column_text][\/vc_accordion_tab][vc_accordion_tab title=\u00bbV\u00edctima de Cr\u00edmenes \u2013 Visa U\u00bb title_tag=\u00bbh2&#8243;][vc_column_text]<b>Ya que las v\u00edctimas de cr\u00edmenes suelen sufrir traumas severos y estr\u00e9s emocional; <\/b>una evaluaci\u00f3n psicosocial es importante en estos casos para<b> demostrar la complejidad del trauma o de cualquier otro desorden mental <\/b><b>o emocional.<\/b> Para ser candidato\/a para esta visa se debe<b>\u00a0haber sufrido de abuso f\u00edsico o mental severo como v\u00edctima de un crimen calificado<\/b> o, tener informaci\u00f3n importante sobre una investigaci\u00f3n en curso.[\/vc_column_text][\/vc_accordion_tab][\/vc_accordion][\/vc_column][\/vc_row][vc_row css_animation=\u00bb\u00bb row_type=\u00bbrow\u00bb use_row_as_full_screen_section=\u00bbyes\u00bb type=\u00bbgrid\u00bb angled_section=\u00bbno\u00bb text_align=\u00bbleft\u00bb background_image_as_pattern=\u00bbwithout_pattern\u00bb css=\u00bb.vc_custom_1547500212554{padding-top: 60px !important;padding-bottom: 60px !important;background-color: #f6f6f6 !important;}\u00bb z_index=\u00bb\u00bb][vc_column css_animation=\u00bbfadeIn\u00bb][vc_row_inner row_type=\u00bbrow\u00bb type=\u00bbgrid\u00bb text_align=\u00bbleft\u00bb css_animation=\u00bb\u00bb css=\u00bb.vc_custom_1547233654078{padding-top: 70px !important;padding-bottom: 70px !important;background-color: #f9f9f9 !important;}\u00bb el_class=\u00bbContBlancoSeguro\u00bb][vc_column_inner width=\u00bb1\/6&#8243;][\/vc_column_inner][vc_column_inner width=\u00bb2\/3&#8243;][vc_column_text]<\/p>\n<h2 class=\"FontSeguro\" style=\"text-align: center;\">MI SEGURO CUBRE<br \/>\nMIS SESIONES ?<\/h2>\n<p>[\/vc_column_text][vc_column_text css=\u00bb.vc_custom_1550173768225{margin-top: 20px !important;}\u00bb]<\/p>\n<p style=\"text-align: center;\">Estoy en la red de algunas compa\u00f1\u00edas de seguro de salud. En el caso que no pertenezca a la red de su seguro, es posible que el mismo cubra la totalidad o una parte de mis honorarios si su plan de salud cuenta con beneficios fuera de la red. Tambi\u00e9n proveo una tarifa de escala m\u00f3vil para aquellos que califiquen en base a sus circunstancias de vida.<\/p>\n<p>[\/vc_column_text][\/vc_column_inner][vc_column_inner width=\u00bb1\/6&#8243;][\/vc_column_inner][\/vc_row_inner][\/vc_column][\/vc_row][vc_row css_animation=\u00bb\u00bb row_type=\u00bbrow\u00bb use_row_as_full_screen_section=\u00bbno\u00bb type=\u00bbgrid\u00bb angled_section=\u00bbno\u00bb text_align=\u00bbleft\u00bb background_image_as_pattern=\u00bbwithout_pattern\u00bb z_index=\u00bb\u00bb css=\u00bb.vc_custom_1547572531173{margin-bottom: 50px !important;}\u00bb][vc_column css_animation=\u00bbfadeIn\u00bb][vc_column_text css=\u00bb.vc_custom_1550251345809{margin-bottom: 30px !important;}\u00bb]<\/p>\n<p style=\"text-align: center;\">Proveo <span class=\"ColorOrangeBold\">teleterapia o sesiones telef\u00f3nicas<\/span> en determinados casos.<br \/>\nPuede comunicarse por email o tel\u00e9fono para solicitar m\u00e1s informaci\u00f3n sobre este servicio. <span class=\"ColorOrangeBold\">( 917 ) 370 3474<\/span><\/p>\n<p>[\/vc_column_text][\/vc_column][\/vc_row]<\/p>\n<\/div>","protected":false},"excerpt":{"rendered":"<p>[vc_row css_animation=\u00bb\u00bb row_type=\u00bbrow\u00bb use_row_as_full_screen_section=\u00bbno\u00bb type=\u00bbfull_width\u00bb angled_section=\u00bbno\u00bb text_align=\u00bbleft\u00bb background_image_as_pattern=\u00bbwithout_pattern\u00bb z_index=\u00bb\u00bb][vc_column css_animation=\u00bbfadeIn\u00bb width=\u00bb1\/2&#8243; css=\u00bb.vc_custom_1547652882544{margin-top: 20px !important;}\u00bb][vc_column_text css=\u00bb.vc_custom_1592586418054{margin-top: 30px !important;margin-bottom: 20px !important;}\u00bb][\/vc_column_text][vc_column_text] EVALUACIONES PARA INMIGRACION [\/vc_column_text][vc_separator type=\u00bbsmall\u00bb position=\u00bbcenter\u00bb color=\u00bb#000000&#8243; thickness=\u00bb6&#8243; width=\u00bb105&#8243; up=\u00bb38&#8243;][vc_column_text css=\u00bb.vc_custom_1550172648379{padding-right: 40px !important;padding-left: 40px !important;}\u00bb]Realizo evaluaciones para algunos procesos de inmigraci\u00f3n. Mi experiencia cl\u00ednica y el&#8230;<\/p>\n","protected":false},"author":1,"featured_media":0,"parent":0,"menu_order":0,"comment_status":"closed","ping_status":"closed","template":"full_width.php","meta":{"footnotes":""},"yst_prominent_words":[242,241,232,245,243,229,239,236,228,237,235,231,238,218,233,230,244,227,240,234],"class_list":["post-475","page","type-page","status-publish","hentry"],"_links":{"self":[{"href":"https:\/\/grgtherapy.com\/prueba\/es\/wp-json\/wp\/v2\/pages\/475","targetHints":{"allow":["GET"]}}],"collection":[{"href":"https:\/\/grgtherapy.com\/prueba\/es\/wp-json\/wp\/v2\/pages"}],"about":[{"href":"https:\/\/grgtherapy.com\/prueba\/es\/wp-json\/wp\/v2\/types\/page"}],"author":[{"embeddable":true,"href":"https:\/\/grgtherapy.com\/prueba\/es\/wp-json\/wp\/v2\/users\/1"}],"replies":[{"embeddable":true,"href":"https:\/\/grgtherapy.com\/prueba\/es\/wp-json\/wp\/v2\/comments?post=475"}],"version-history":[{"count":27,"href":"https:\/\/grgtherapy.com\/prueba\/es\/wp-json\/wp\/v2\/pages\/475\/revisions"}],"predecessor-version":[{"id":480,"href":"https:\/\/grgtherapy.com\/prueba\/es\/wp-json\/wp\/v2\/pages\/475\/revisions\/480"}],"wp:attachment":[{"href":"https:\/\/grgtherapy.com\/prueba\/es\/wp-json\/wp\/v2\/media?parent=475"}],"wp:term":[{"taxonomy":"yst_prominent_words","embeddable":true,"href":"https:\/\/grgtherapy.com\/prueba\/es\/wp-json\/wp\/v2\/yst_prominent_words?post=475"}],"curies":[{"name":"wp","href":"https:\/\/api.w.org\/{rel}","templated":true}]}}